{"id":130,"date":"2014-07-11T16:07:58","date_gmt":"2014-07-11T13:07:58","guid":{"rendered":"http:\/\/www.hiisirasti.fi\/?page_id=130"},"modified":"2021-04-28T21:19:46","modified_gmt":"2021-04-28T18:19:46","slug":"hiisirastin-iltarastikalenteri-2014","status":"publish","type":"page","link":"http:\/\/www.hiisirasti.fi\/?page_id=130","title":{"rendered":"Hiisirastin kuntorastit"},"content":{"rendered":"<p>Hiisirastilla ei ole omaa erikseen ker\u00e4tty\u00e4 kuntorastikalenteria.\u00a0 Eura-Kauttuan Urheilijoiden ja Eurajoen Veikkojen kuntorastikalenterit l\u00f6ytyv\u00e4t oheisten linkkien takaa.<\/p>\n<ul>\n<li><a href=\"https:\/\/eku.sporttisaitti.com\/kuntorastit\/\" target=\"_blank\" rel=\"noopener noreferrer\">Eura-Kauttuan Urheilijoiden kuntorastit<\/a> (Kalenteriin sis\u00e4ltyv\u00e4t my\u00f6s Kiukaisten Urheilijoiden ja K\u00f6yli\u00f6n Lallien j\u00e4rjest\u00e4m\u00e4t kuntorastit) (Omatoimirastien maksut j\u00e4rjest\u00e4v\u00e4n seuran tilille)<\/li>\n<li><a href=\"http:\/\/www.eurajoenveikot.fi\/suunnistus\/euven-kuntorastit\/\" target=\"_blank\" rel=\"noopener noreferrer\">Eurajoen Veikkojen kuntorastit<\/a><\/li>\n<\/ul>\n","protected":false},"excerpt":{"rendered":"<p>Hiisirastilla ei ole omaa erikseen ker\u00e4tty\u00e4 kuntorastikalenteria.\u00a0 Eura-Kauttuan Urheilijoiden ja Eurajoen Veikkojen kuntorastikalenterit l\u00f6ytyv\u00e4t oheisten linkkien takaa. Eura-Kauttuan Urheilijoiden kuntorastit (Kalenteriin sis\u00e4ltyv\u00e4t my\u00f6s Kiukaisten Urheilijoiden ja K\u00f6yli\u00f6n Lallien j\u00e4rjest\u00e4m\u00e4t kuntorastit) (Omatoimirastien maksut j\u00e4rjest\u00e4v\u00e4n seuran tilille) Eurajoen Veikkojen kuntorastit<\/p>\n","protected":false},"author":1,"featured_media":0,"parent":0,"menu_order":0,"comment_status":"closed","ping_status":"closed","template":"","meta":{"footnotes":""},"class_list":["post-130","page","type-page","status-publish","hentry"],"_links":{"self":[{"href":"http:\/\/www.hiisirasti.fi\/index.php?rest_route=\/wp\/v2\/pages\/130","targetHints":{"allow":["GET"]}}],"collection":[{"href":"http:\/\/www.hiisirasti.fi\/index.php?rest_route=\/wp\/v2\/pages"}],"about":[{"href":"http:\/\/www.hiisirasti.fi\/index.php?rest_route=\/wp\/v2\/types\/page"}],"author":[{"embeddable":true,"href":"http:\/\/www.hiisirasti.fi\/index.php?rest_route=\/wp\/v2\/users\/1"}],"replies":[{"embeddable":true,"href":"http:\/\/www.hiisirasti.fi\/index.php?rest_route=%2Fwp%2Fv2%2Fcomments&post=130"}],"version-history":[{"count":19,"href":"http:\/\/www.hiisirasti.fi\/index.php?rest_route=\/wp\/v2\/pages\/130\/revisions"}],"predecessor-version":[{"id":2049,"href":"http:\/\/www.hiisirasti.fi\/index.php?rest_route=\/wp\/v2\/pages\/130\/revisions\/2049"}],"wp:attachment":[{"href":"http:\/\/www.hiisirasti.fi\/index.php?rest_route=%2Fwp%2Fv2%2Fmedia&parent=130"}],"curies":[{"name":"wp","href":"https:\/\/api.w.org\/{rel}","templated":true}]}}