{"id":1328,"date":"2017-08-28T20:56:28","date_gmt":"2017-08-28T17:56:28","guid":{"rendered":"http:\/\/www.hiisirasti.fi\/?page_id=1328"},"modified":"2021-07-30T09:43:42","modified_gmt":"2021-07-30T06:43:42","slug":"suunnistuskoulu","status":"publish","type":"page","link":"http:\/\/www.hiisirasti.fi\/?page_id=1328","title":{"rendered":"Suunnistuskoulu"},"content":{"rendered":"<p><span style=\"font-size: 18pt;\"><strong>Tervetuloa suunnistuskouluun!<\/strong><\/span><\/p>\n<p>Koronatilanteen h\u00f6llennytty\u00e4 vuoden 2021 suunnistusharjoitukset aloitettiin 10.6.2021. Koulussa suunnistuskouluohjaaja opastaa aiheeseen ja kertoo vinkkej\u00e4 suunnistamiseen. Radan voi kiert\u00e4\u00e4 haluamallaan porukalla. Ratoja on eritasoisia ja my\u00f6s aikuinen voi aloittaa suunnistusharrastuksen ohjattuna. Hiisirastin suunnistuskoulun toiminta on suunnattu lapsille, nuorille, perheille ja ensikertalaisille aikuisille. Suunnistuskoulussa p\u00e4\u00e4set tutustumaan ohjatusti ja turvallisesti suunnistuksen perusteisiin sek\u00e4 liikkumaan maastossa kartan avulla. My\u00f6s l\u00e4mmettely ja juoksuopastus on ohjelmassa.<\/p>\n<p>Pid\u00e4tp\u00e4 sitten kilpailemisesta tai haluat oppia liikkumaan kartan kanssa mets\u00e4ss\u00e4 ilman kilpailuhaluja, olet tervetullut suunnistuskouluun. Kilpailunhaluisille suunnistuskoulu tarjoaa hyv\u00e4t l\u00e4ht\u00f6kohdat kilpailuja varten ja seikkailunhaluisille taidon kulkea mets\u00e4ss\u00e4 kartan kanssa ilman kiirett\u00e4. Sosiaalisten taitojen ja ryhm\u00e4ss\u00e4 toimimisen vahvistaminen otetaan huomioon kaikessa tekemisess\u00e4.<\/p>\n<p>P\u00e4\u00e4ohjajana toimii Hiisirastin suunnistaja Sergei Detkov. Tilaisuudesta riippuen h\u00e4nell\u00e4 on apunaan muita Hiisin suunnistajia.<\/p>\n<p><strong>Suunnistuskoulu 2021 osalta alkoi Lallien kartalla 10.6 Biolanin maastossa. Seuraava tapahtuma pidettiin Euran Savikolla EKU:n kartalla 17.6. Seuraava tapahtuma oli Lallien kartalla Harrinpatin maastossa 24.6. Ohjelmassa oli entisten lis\u00e4ksi noin 300 metrin pituinen sprinttisuunnistus j\u00e4\u00e4kiekkokaukalon kupeessa.<\/strong><\/p>\n<p><span style=\"background-color: #ffffff; color: #000000;\"><strong>Seuraava suunnistuskoulu j\u00e4rjestet\u00e4\u00e4n 15.7.2021 Eenokin kartalla, Rantatie 706, S\u00e4kyl\u00e4.\u00a0<\/strong><\/span><\/p>\n<p><span style=\"color: #ff0000;\">Hiisirastin suunnistuskoulu j\u00e4rjestet\u00e4\u00e4n tiistaina 3.8.2021 klo 17.00 Lallien kuntosuunnistusten yhteydess\u00e4 Huovinrinteell\u00e4. Opastus Vuorenmaantien (212), Huovinrinteentien rist.\u00a0\u00a0<\/span><\/p>\n<p><strong>Jatkosta ilmoitetaan my\u00f6s t\u00e4ll\u00e4 sivulla. Pyrit\u00e4\u00e4n hy\u00f6dynt\u00e4m\u00e4\u00e4n j\u00e4senseurojen kuntorastien karttoja ja maastoja.<\/strong><\/p>\n<p>J\u00e4rjestelyjen helpottamiseksi olisi hyv\u00e4 imoittautua ennakkoon tekstiviestill\u00e4 numeroon 0403 621 732 (Sergei). Voit (voitte) tulla kuitenkin paikalle, vaikka ennakkoilmoittautuminen olisi j\u00e4\u00e4nyt tekem\u00e4tt\u00e4.<\/p>\n<p>Tervetuloa!<br \/>Hiisirasti ja j\u00e4senseurat<\/p>\n\n","protected":false},"excerpt":{"rendered":"<p>Tervetuloa suunnistuskouluun! Koronatilanteen h\u00f6llennytty\u00e4 vuoden 2021 suunnistusharjoitukset aloitettiin 10.6.2021. Koulussa suunnistuskouluohjaaja opastaa aiheeseen ja kertoo vinkkej\u00e4 suunnistamiseen. Radan voi kiert\u00e4\u00e4 haluamallaan porukalla. Ratoja on eritasoisia ja my\u00f6s aikuinen voi aloittaa suunnistusharrastuksen ohjattuna. Hiisirastin suunnistuskoulun toiminta on suunnattu lapsille, nuorille, perheille ja ensikertalaisille aikuisille. Suunnistuskoulussa p\u00e4\u00e4set tutustumaan ohjatusti ja turvallisesti suunnistuksen perusteisiin sek\u00e4 liikkumaan maastossa kartan [&hellip;]<\/p>\n","protected":false},"author":1,"featured_media":0,"parent":0,"menu_order":0,"comment_status":"closed","ping_status":"closed","template":"","meta":{"footnotes":""},"class_list":["post-1328","page","type-page","status-publish","hentry"],"_links":{"self":[{"href":"http:\/\/www.hiisirasti.fi\/index.php?rest_route=\/wp\/v2\/pages\/1328","targetHints":{"allow":["GET"]}}],"collection":[{"href":"http:\/\/www.hiisirasti.fi\/index.php?rest_route=\/wp\/v2\/pages"}],"about":[{"href":"http:\/\/www.hiisirasti.fi\/index.php?rest_route=\/wp\/v2\/types\/page"}],"author":[{"embeddable":true,"href":"http:\/\/www.hiisirasti.fi\/index.php?rest_route=\/wp\/v2\/users\/1"}],"replies":[{"embeddable":true,"href":"http:\/\/www.hiisirasti.fi\/index.php?rest_route=%2Fwp%2Fv2%2Fcomments&post=1328"}],"version-history":[{"count":47,"href":"http:\/\/www.hiisirasti.fi\/index.php?rest_route=\/wp\/v2\/pages\/1328\/revisions"}],"predecessor-version":[{"id":2100,"href":"http:\/\/www.hiisirasti.fi\/index.php?rest_route=\/wp\/v2\/pages\/1328\/revisions\/2100"}],"wp:attachment":[{"href":"http:\/\/www.hiisirasti.fi\/index.php?rest_route=%2Fwp%2Fv2%2Fmedia&parent=1328"}],"curies":[{"name":"wp","href":"https:\/\/api.w.org\/{rel}","templated":true}]}}