{"id":1549,"date":"2018-08-04T14:56:18","date_gmt":"2018-08-04T11:56:18","guid":{"rendered":"http:\/\/www.hiisirasti.fi\/?page_id=1549"},"modified":"2018-08-12T19:34:45","modified_gmt":"2018-08-12T16:34:45","slug":"am-viesti-2018","status":"publish","type":"page","link":"http:\/\/www.hiisirasti.fi\/?page_id=1549","title":{"rendered":"Am -viesti 2018"},"content":{"rendered":"<ul>\n<li><a href=\"http:\/\/www.hiisirasti.fi\/wp-content\/uploads\/2018\/08\/Am_viesti_kilpailukutsu_2018-1.docx\">Kilpailukutsu<\/a><\/li>\n<li><a href=\"http:\/\/www.hiisirasti.fi\/wp-content\/uploads\/2018\/08\/Am-viesti-2018-kilpailuohjeet.docx\">Kilpailuohjeet<\/a><\/li>\n<li><a href=\"http:\/\/www.hiisirasti.fi\/wp-content\/uploads\/2018\/08\/Olento-1994.jpg\" rel=\"lightbox-0\">Vanha kartta<\/a><\/li>\n<li><a href=\"http:\/\/www.hiisirasti.fi\/tapahtumat\/amviesti2018\/am-viesti2018_tulokset.html\">Tulokset<\/a><\/li>\n<li><a href=\"http:\/\/www.hiisirasti.fi\/tapahtumat\/amviesti2018\/am-viesti2018_valiajat.html\">V\u00e4liajat<\/a><\/li>\n<\/ul>\n<blockquote><p><strong>Lis\u00e4infoa am-viestin ik\u00e4sarjojen osallistumisoikeuksiin<\/strong><\/p>\n<p>Sarja?t, yhteisik\u00e4 ja j\u00e4senen ik\u00e4 v\u00e4hint\u00e4\u00e4n<\/p>\n<p>H35\/D35, yhteisik\u00e4 v\u00e4hint\u00e4\u00e4n 105 vuotta, j\u00e4senen ik\u00e4 v\u00e4hint\u00e4\u00e4n 35 vuotta<br \/>\nH45\/D45, yhteisik\u00e4 v\u00e4hint\u00e4\u00e4n 130 vuotta, j\u00e4senen ik\u00e4 v\u00e4hint\u00e4\u00e4n 35 vuotta<br \/>\n?H50\/D50, yhteisik\u00e4 v\u00e4hint\u00e4\u00e4n 150 vuotta, j\u00e4senen ik\u00e4 v\u00e4hint\u00e4\u00e4n 40 vuotta?<br \/>\n?H55\/D55, yhteisik\u00e4 v\u00e4hint\u00e4\u00e4n 170 vuotta, j\u00e4senen ik\u00e4 v\u00e4hint\u00e4\u00e4n 45 vuotta?<br \/>\nH60\/D60, yhteisik\u00e4 v\u00e4hint\u00e4\u00e4n 190 vuotta, j\u00e4senen ik\u00e4 v\u00e4hint\u00e4\u00e4n 50 vuotta<br \/>\nH70\/D70, yhteisik\u00e4 v\u00e4hint\u00e4\u00e4n 210 vuotta, j\u00e4senen ik\u00e4 v\u00e4hint\u00e4\u00e4n 60 vuotta<br \/>\nH75, yhteisik\u00e4 v\u00e4hint\u00e4\u00e4n 225 vuotta, j\u00e4senen ik\u00e4 v\u00e4hint\u00e4\u00e4n 70 vuotta<\/p>\n<p><a href=\"http:\/\/www.hiisirasti.fi\/wp-content\/uploads\/2018\/08\/Am_viesti_kilpailukutsu_2018.docx\"><img loading=\"lazy\" decoding=\"async\" class=\"wp-image-1575 alignnone\" src=\"http:\/\/www.hiisirasti.fi\/wp-content\/uploads\/2018\/08\/Koppelo_1-300x275.jpg\" alt=\"\" width=\"200\" height=\"183\" srcset=\"http:\/\/www.hiisirasti.fi\/wp-content\/uploads\/2018\/08\/Koppelo_1-300x275.jpg 300w, http:\/\/www.hiisirasti.fi\/wp-content\/uploads\/2018\/08\/Koppelo_1.jpg 665w\" sizes=\"auto, (max-width: 200px) 100vw, 200px\" \/><\/a><\/p><\/blockquote>\n","protected":false},"excerpt":{"rendered":"<p>Kilpailukutsu Kilpailuohjeet Vanha kartta Tulokset V\u00e4liajat Lis\u00e4infoa am-viestin ik\u00e4sarjojen osallistumisoikeuksiin Sarja?t, yhteisik\u00e4 ja j\u00e4senen ik\u00e4 v\u00e4hint\u00e4\u00e4n H35\/D35, yhteisik\u00e4 v\u00e4hint\u00e4\u00e4n 105 vuotta, j\u00e4senen ik\u00e4 v\u00e4hint\u00e4\u00e4n 35 vuotta H45\/D45, yhteisik\u00e4 v\u00e4hint\u00e4\u00e4n 130 vuotta, j\u00e4senen ik\u00e4 v\u00e4hint\u00e4\u00e4n 35 vuotta ?H50\/D50, yhteisik\u00e4 v\u00e4hint\u00e4\u00e4n 150 vuotta, j\u00e4senen ik\u00e4 v\u00e4hint\u00e4\u00e4n 40 vuotta? ?H55\/D55, yhteisik\u00e4 v\u00e4hint\u00e4\u00e4n 170 vuotta, j\u00e4senen ik\u00e4 v\u00e4hint\u00e4\u00e4n 45 [&hellip;]<\/p>\n","protected":false},"author":1,"featured_media":0,"parent":0,"menu_order":0,"comment_status":"closed","ping_status":"closed","template":"","meta":{"footnotes":""},"class_list":["post-1549","page","type-page","status-publish","hentry"],"_links":{"self":[{"href":"http:\/\/www.hiisirasti.fi\/index.php?rest_route=\/wp\/v2\/pages\/1549","targetHints":{"allow":["GET"]}}],"collection":[{"href":"http:\/\/www.hiisirasti.fi\/index.php?rest_route=\/wp\/v2\/pages"}],"about":[{"href":"http:\/\/www.hiisirasti.fi\/index.php?rest_route=\/wp\/v2\/types\/page"}],"author":[{"embeddable":true,"href":"http:\/\/www.hiisirasti.fi\/index.php?rest_route=\/wp\/v2\/users\/1"}],"replies":[{"embeddable":true,"href":"http:\/\/www.hiisirasti.fi\/index.php?rest_route=%2Fwp%2Fv2%2Fcomments&post=1549"}],"version-history":[{"count":17,"href":"http:\/\/www.hiisirasti.fi\/index.php?rest_route=\/wp\/v2\/pages\/1549\/revisions"}],"predecessor-version":[{"id":1553,"href":"http:\/\/www.hiisirasti.fi\/index.php?rest_route=\/wp\/v2\/pages\/1549\/revisions\/1553"}],"wp:attachment":[{"href":"http:\/\/www.hiisirasti.fi\/index.php?rest_route=%2Fwp%2Fv2%2Fmedia&parent=1549"}],"curies":[{"name":"wp","href":"https:\/\/api.w.org\/{rel}","templated":true}]}}