{"id":175,"date":"2014-07-14T00:10:45","date_gmt":"2014-07-13T21:10:45","guid":{"rendered":"http:\/\/www.hiisirasti.fi\/?page_id=175"},"modified":"2014-07-16T12:19:49","modified_gmt":"2014-07-16T09:19:49","slug":"am-yo-2013","status":"publish","type":"page","link":"http:\/\/www.hiisirasti.fi\/?page_id=175","title":{"rendered":"AM-y\u00f6 2013"},"content":{"rendered":"<p>&nbsp;<\/p>\n<p style=\"text-align: center;\"><a href=\"http:\/\/www.hiisirasti.fi\/kilpailut\/am-yo2013\/lahtoajat.html\">L\u00e4ht\u00f6ajat<\/a><\/p>\n<p>&nbsp;<\/p>\n<p style=\"text-align: center;\"><a href=\"http:\/\/www.hiisirasti.fi\/kilpailut\/am-yo2013\/tulokset.html\">Tulokset<\/a><\/p>\n<p>&nbsp;<\/p>\n<p style=\"text-align: center;\"><a href=\"http:\/\/www.hiisirasti.fi\/kilpailut\/am-yo2013\/valiajat.html\">V\u00e4liajat<\/a><\/p>\n<p>&nbsp;<\/p>\n<p style=\"text-align: center;\"><a href=\"http:\/\/www.hiisirasti.fi\/fin5\/gadget\/cgi-bin\/reitti.cgi?act=map&amp;id=26&amp;kieli=\">Reittih\u00e4rveli<\/a><\/p>\n","protected":false},"excerpt":{"rendered":"<p>&nbsp; L\u00e4ht\u00f6ajat &nbsp; Tulokset &nbsp; V\u00e4liajat &nbsp; Reittih\u00e4rveli<\/p>\n","protected":false},"author":1,"featured_media":0,"parent":0,"menu_order":0,"comment_status":"closed","ping_status":"closed","template":"","meta":{"footnotes":""},"class_list":["post-175","page","type-page","status-publish","hentry"],"_links":{"self":[{"href":"http:\/\/www.hiisirasti.fi\/index.php?rest_route=\/wp\/v2\/pages\/175","targetHints":{"allow":["GET"]}}],"collection":[{"href":"http:\/\/www.hiisirasti.fi\/index.php?rest_route=\/wp\/v2\/pages"}],"about":[{"href":"http:\/\/www.hiisirasti.fi\/index.php?rest_route=\/wp\/v2\/types\/page"}],"author":[{"embeddable":true,"href":"http:\/\/www.hiisirasti.fi\/index.php?rest_route=\/wp\/v2\/users\/1"}],"replies":[{"embeddable":true,"href":"http:\/\/www.hiisirasti.fi\/index.php?rest_route=%2Fwp%2Fv2%2Fcomments&post=175"}],"version-history":[{"count":2,"href":"http:\/\/www.hiisirasti.fi\/index.php?rest_route=\/wp\/v2\/pages\/175\/revisions"}],"predecessor-version":[{"id":205,"href":"http:\/\/www.hiisirasti.fi\/index.php?rest_route=\/wp\/v2\/pages\/175\/revisions\/205"}],"wp:attachment":[{"href":"http:\/\/www.hiisirasti.fi\/index.php?rest_route=%2Fwp%2Fv2%2Fmedia&parent=175"}],"curies":[{"name":"wp","href":"https:\/\/api.w.org\/{rel}","templated":true}]}}