{"id":201,"date":"2014-07-16T12:15:40","date_gmt":"2014-07-16T09:15:40","guid":{"rendered":"http:\/\/www.hiisirasti.fi\/?page_id=201"},"modified":"2014-08-13T21:43:14","modified_gmt":"2014-08-13T18:43:14","slug":"seura-cup-2014","status":"publish","type":"page","link":"http:\/\/www.hiisirasti.fi\/?page_id=201","title":{"rendered":"AOV ja Seura-Cup 2014"},"content":{"rendered":"<p><img loading=\"lazy\" decoding=\"async\" class=\"aligncenter\" src=\"http:\/\/www.hiisirasti.fi\/kilpailut\/am-pitka2014\/Karttapalat.png\" alt=\"\" width=\"511\" height=\"206\" \/><\/p>\n<p style=\"text-align: center;\"><a href=\"http:\/\/www.hiisirasti.fi\/?page_id=204\">Kilpailukutsu<\/a><\/p>\n<p>&nbsp;<\/p>\n<p style=\"text-align: center;\"><a href=\"http:\/\/www.hiisirasti.fi\/?page_id=394\">Kilpailuohje<\/a><\/p>\n<p>&nbsp;<\/p>\n<p style=\"text-align: center;\"><a href=\"http:\/\/www.hiisirasti.fi\/kilpailut\/seura-cup2014\/lahtolista.html\">L\u00e4ht\u00f6lista<\/a><\/p>\n<p>&nbsp;<\/p>\n<p style=\"text-align: center;\"><a href=\"http:\/\/www.hiisirasti.fi\/kilpailut\/seura-cup2014\/tuloksetaov.html\">Tulokset (AOV)<\/a><\/p>\n<p>&nbsp;<\/p>\n<p style=\"text-align: center;\"><a href=\"http:\/\/www.hiisirasti.fi\/kilpailut\/seura-cup2014\/valiajataov.html\">V\u00e4liajat (AOV)<\/a><\/p>\n<p>&nbsp;<\/p>\n<p style=\"text-align: center;\"><a href=\"http:\/\/www.hiisirasti.fi\/kilpailut\/seura-cup2014\/tuloksetsc.html\">Tulokset (Seura-Cup)<\/a><\/p>\n<p>&nbsp;<\/p>\n<p style=\"text-align: center;\"><a href=\"http:\/\/www.hiisirasti.fi\/kilpailut\/seura-cup2014\/valiajatsc.html\">V\u00e4liajat (Seura-Cup)<\/a><\/p>\n","protected":false},"excerpt":{"rendered":"<p>Kilpailukutsu &nbsp; Kilpailuohje &nbsp; L\u00e4ht\u00f6lista &nbsp; Tulokset (AOV) &nbsp; V\u00e4liajat (AOV) &nbsp; Tulokset (Seura-Cup) &nbsp; V\u00e4liajat (Seura-Cup)<\/p>\n","protected":false},"author":1,"featured_media":0,"parent":0,"menu_order":0,"comment_status":"closed","ping_status":"closed","template":"","meta":{"footnotes":""},"class_list":["post-201","page","type-page","status-publish","hentry"],"_links":{"self":[{"href":"http:\/\/www.hiisirasti.fi\/index.php?rest_route=\/wp\/v2\/pages\/201","targetHints":{"allow":["GET"]}}],"collection":[{"href":"http:\/\/www.hiisirasti.fi\/index.php?rest_route=\/wp\/v2\/pages"}],"about":[{"href":"http:\/\/www.hiisirasti.fi\/index.php?rest_route=\/wp\/v2\/types\/page"}],"author":[{"embeddable":true,"href":"http:\/\/www.hiisirasti.fi\/index.php?rest_route=\/wp\/v2\/users\/1"}],"replies":[{"embeddable":true,"href":"http:\/\/www.hiisirasti.fi\/index.php?rest_route=%2Fwp%2Fv2%2Fcomments&post=201"}],"version-history":[{"count":12,"href":"http:\/\/www.hiisirasti.fi\/index.php?rest_route=\/wp\/v2\/pages\/201\/revisions"}],"predecessor-version":[{"id":414,"href":"http:\/\/www.hiisirasti.fi\/index.php?rest_route=\/wp\/v2\/pages\/201\/revisions\/414"}],"wp:attachment":[{"href":"http:\/\/www.hiisirasti.fi\/index.php?rest_route=%2Fwp%2Fv2%2Fmedia&parent=201"}],"curies":[{"name":"wp","href":"https:\/\/api.w.org\/{rel}","templated":true}]}}