{"id":2266,"date":"2023-04-14T09:51:03","date_gmt":"2023-04-14T06:51:03","guid":{"rendered":"http:\/\/www.hiisirasti.fi\/?page_id=2266"},"modified":"2023-04-14T09:54:35","modified_gmt":"2023-04-14T06:54:35","slug":"kiu-100-vuotta-kilpailukutsu","status":"publish","type":"page","link":"http:\/\/www.hiisirasti.fi\/?page_id=2266","title":{"rendered":"KiU 100 vuotta &#8211; kilpailukutsu"},"content":{"rendered":"\n\n\n<h3>Sunnuntai 7.5.2023<br \/>Satakunnan avoin Am-keskimatka ja KiU:n 100-vuotisjuhlakilpailu<\/h3>\n<p>Avoin kansallinen keskimatkan kilpailu Kiukaisten Haavossa.<\/p>\n<p>\u00a0<\/p>\n<p><strong>Kilpailukeskus<\/strong>: Ilmoitussuontie 400, Kiukainen<br \/><strong>Kilpailumaasto<\/strong>: Tyypillinen kiukaislainen maasto, jossa havumets\u00e4voittoisella alueella on pieni\u00e4 m\u00e4ki\u00e4 ja pienipiirteisi\u00e4 alueita, mutta avokalliot puuttuvat kuitenkin kokonaan.<br \/><strong>Sarjat<\/strong>: H\/D12-85<br \/><strong>Maksut<\/strong>: H\/D12-14 10 \u20ac, H\/D16-20 14 \u20ac, H\/D21-75 18 \u20ac<br \/><strong>Kartta<\/strong>: A4-kokoinen tulostekartta muovitaskussa, 1:10000 \/ 2,5 m tai 1:7500 \/ 2,5 m<br \/><strong>Matkat<\/strong>: Ratapituudet siten, ett\u00e4 alueen tavoiteajat puolittuvat: <a href=\"https:\/\/www.satakunnansuunnistus.fi\/?page_id=3528\">Linkki<\/a><br \/><strong>Palkinnot<\/strong>: AM-mitalit alueen 3 parhaimmalle suunnistajalle<br \/><strong>Ilmoittautuminen<\/strong>: Ensisijaisesti IRMA-palvelun kautta su 30.4.2023 klo 24 menness\u00e4, maksu ilmoittautumisen yhteydess\u00e4. AM-kilpailuun osallistuminen ei vaadi lisenssi\u00e4, ilmoittautua voi my\u00f6s s\u00e4hk\u00f6postilla kiukaisten.urheilijat@gmail.com<br \/><strong>J\u00e4lki-ilmoittautuminen<\/strong>: 1,5-kertaisin osallistumismaksuin ensisijaisesti IRMA-palvelun kautta ke 3.5.2023 klo 24 menness\u00e4, maksu ilmoittautumisen yhteydess\u00e4. Ilmoittautua voi my\u00f6s s\u00e4hk\u00f6postilla kiukaisten.urheilijat@gmail.com<br \/><strong>Opastus<\/strong>: Peltopys\u00e4k\u00f6inti, paikoitusalueelta Ilmoitussuontiell\u00e4 on opastus kilpailukeskukseen, matkaa kilpailukeskukseen 300 metri\u00e4. Opastus paikalla kilpailup\u00e4iv\u00e4n\u00e4 klo 9.30 alkaen.<br \/><strong>L\u00e4ht\u00f6ajat<\/strong>: Ensimm\u00e4iset l\u00e4hd\u00f6t klo 11. L\u00e4ht\u00f6\u00f6n matkaa kilpailukeskuksesta 500-1000 metri\u00e4.<br \/><strong>Leimausj\u00e4rjestelm\u00e4<\/strong>: EMIT, mik\u00e4li EMIT-numeroa ei ole ilmoitettu, varaa j\u00e4rjest\u00e4j\u00e4 vuokrakortin. Maksu 5 \u20ac perit\u00e4\u00e4n infossa korttia noudettaessa.<br \/><strong>Palvelut<\/strong>: Kahvio ja WC. Erillist\u00e4 pukeutumistilaa tai pesumahdollisuutta ei ole j\u00e4rjestetty.<br \/><strong>Toimihenkil\u00f6t<\/strong>: Kilpailunjohtaja Kimmo Mieskoski, ratamestari Mika Ruuhiala, valvoja Joona Huila (IkNV)<\/p>\n<p><strong>Lis\u00e4tietoja<\/strong>: Kimmo Mieskoski 045-676 6891, kimmo.mieskoski@gmail.com<\/p>\n<p>Tervetuloa!<a href=\"http:\/\/www.hiisirasti.fi\/wp-content\/uploads\/2023\/04\/Kiu_logo_lapinakyva.png\" rel=\"lightbox-0\"><img loading=\"lazy\" decoding=\"async\" class=\"wp-image-2267 alignright\" src=\"http:\/\/www.hiisirasti.fi\/wp-content\/uploads\/2023\/04\/Kiu_logo_lapinakyva-300x300.png\" alt=\"\" width=\"134\" height=\"134\" srcset=\"http:\/\/www.hiisirasti.fi\/wp-content\/uploads\/2023\/04\/Kiu_logo_lapinakyva-300x300.png 300w, http:\/\/www.hiisirasti.fi\/wp-content\/uploads\/2023\/04\/Kiu_logo_lapinakyva-150x150.png 150w, http:\/\/www.hiisirasti.fi\/wp-content\/uploads\/2023\/04\/Kiu_logo_lapinakyva.png 472w\" sizes=\"auto, (max-width: 134px) 100vw, 134px\" \/><\/a><\/p>\n","protected":false},"excerpt":{"rendered":"<p>Sunnuntai 7.5.2023Satakunnan avoin Am-keskimatka ja KiU:n 100-vuotisjuhlakilpailu Avoin kansallinen keskimatkan kilpailu Kiukaisten Haavossa. \u00a0 Kilpailukeskus: Ilmoitussuontie 400, KiukainenKilpailumaasto: Tyypillinen kiukaislainen maasto, jossa havumets\u00e4voittoisella alueella on pieni\u00e4 m\u00e4ki\u00e4 ja pienipiirteisi\u00e4 alueita, mutta avokalliot puuttuvat kuitenkin kokonaan.Sarjat: H\/D12-85Maksut: H\/D12-14 10 \u20ac, H\/D16-20 14 \u20ac, H\/D21-75 18 \u20acKartta: A4-kokoinen tulostekartta muovitaskussa, 1:10000 \/ 2,5 m tai 1:7500 \/ [&hellip;]<\/p>\n","protected":false},"author":1,"featured_media":0,"parent":0,"menu_order":0,"comment_status":"closed","ping_status":"closed","template":"","meta":{"footnotes":""},"class_list":["post-2266","page","type-page","status-publish","hentry"],"_links":{"self":[{"href":"http:\/\/www.hiisirasti.fi\/index.php?rest_route=\/wp\/v2\/pages\/2266","targetHints":{"allow":["GET"]}}],"collection":[{"href":"http:\/\/www.hiisirasti.fi\/index.php?rest_route=\/wp\/v2\/pages"}],"about":[{"href":"http:\/\/www.hiisirasti.fi\/index.php?rest_route=\/wp\/v2\/types\/page"}],"author":[{"embeddable":true,"href":"http:\/\/www.hiisirasti.fi\/index.php?rest_route=\/wp\/v2\/users\/1"}],"replies":[{"embeddable":true,"href":"http:\/\/www.hiisirasti.fi\/index.php?rest_route=%2Fwp%2Fv2%2Fcomments&post=2266"}],"version-history":[{"count":3,"href":"http:\/\/www.hiisirasti.fi\/index.php?rest_route=\/wp\/v2\/pages\/2266\/revisions"}],"predecessor-version":[{"id":2271,"href":"http:\/\/www.hiisirasti.fi\/index.php?rest_route=\/wp\/v2\/pages\/2266\/revisions\/2271"}],"wp:attachment":[{"href":"http:\/\/www.hiisirasti.fi\/index.php?rest_route=%2Fwp%2Fv2%2Fmedia&parent=2266"}],"curies":[{"name":"wp","href":"https:\/\/api.w.org\/{rel}","templated":true}]}}