{"id":297,"date":"2014-08-06T22:49:23","date_gmt":"2014-08-06T19:49:23","guid":{"rendered":"http:\/\/www.hiisirasti.fi\/?page_id=297"},"modified":"2014-08-08T14:26:52","modified_gmt":"2014-08-08T11:26:52","slug":"am-pitka-ja-viesti-2014-kilpailuohje","status":"publish","type":"page","link":"http:\/\/www.hiisirasti.fi\/?page_id=297","title":{"rendered":"AM-pitk\u00e4 ja viesti 2014 &#8211; Kilpailuohje"},"content":{"rendered":"<p><strong>Aluemestaruuskilpailut<\/strong><\/p>\n<p>K\u00f6yli\u00f6 9.\u201310.8.2014<\/p>\n<p>&nbsp;<\/p>\n<p><strong>KILPAILUOHJEET<\/strong><br \/>\n<strong><br \/>\nS\u00c4\u00c4NN\u00d6T:<\/strong><br \/>\nKilpailuissa noudatetaan SSL:n suunnistuksen lajis\u00e4\u00e4nt\u00f6j\u00e4 ja n\u00e4it\u00e4 j\u00e4rjest\u00e4j\u00e4n ohjeita.<\/p>\n<p>&nbsp;<\/p>\n<p><strong>TOIMIHENKIL\u00d6T:<\/strong><br \/>\n<strong>Kilpailunjohtaja:<\/strong> Kauko Hakala<br \/>\n<strong>Kilpailunvalvoja:<\/strong> Simo Valtanen, HinnYr<br \/>\n<strong>Ratamestarit:<\/strong> Mika Ruuhiala, Johannes Pohjala<br \/>\n<strong>Tuomarineuvosto: <\/strong>pj. Raimo Hannukainen KanSu, j\u00e4senet Riikka Tuuppa EKU ja Heikki Varjonen RaLu.<br \/>\n<strong>Kuulutus: <\/strong>Timo Lehtonen, Johannes Pohjala, Jukka-Pekka Sepp\u00e4nen<\/p>\n<p>&nbsp;<\/p>\n<p><strong>MAASTO:<\/strong><\/p>\n<p>Pitkien matkojen maasto muodostuu kolmesta nopeakulkuisesta kangasharjanteesta, joiden v\u00e4liin j\u00e4\u00e4 kulkukelpoisuudeltaan vaihtelevaa maastoa mm. jylh\u00e4st\u00e4 vanhasta kuusikosta nuoreen m\u00e4ntytaimistoon. Maaston korkeuserot ovat pienet ja maaston kulkukelpoisuus on p\u00e4\u00e4s\u00e4\u00e4nt\u00f6isesti hyv\u00e4. Laajoja hakkuualoja ei kilpailumaastossa ole, ainoastaan l\u00e4hinn\u00e4 pienehk\u00f6j\u00e4 paikallisia harvennushakkuita.<\/p>\n<p>&nbsp;<\/p>\n<p><strong>KILPAILUKARTTA:<\/strong><\/p>\n<p>Tulostekartta 07\/2014, mittakaava 1:10 000 \/ 2.5m. Kartat ovat muovitaskuissa. Kilpailukartta on n\u00e4ht\u00e4vill\u00e4 l\u00e4ht\u00f6karsinassa.<\/p>\n<p>&nbsp;<\/p>\n<p><strong>OPASPAALU:<\/strong><br \/>\nOpaspaalu on kilpailukeskuksessa. Opaspaalun luona on mallirasti ja siit\u00e4 alkavat viitoitukset.<\/p>\n<p>&nbsp;<\/p>\n<p><strong>LEIMAUS:<\/strong><br \/>\nKaikissa sarjoissa k\u00e4ytet\u00e4\u00e4n <strong>Emit-leimausta<\/strong>. Kortin toimivuuden voit tarkastaa opaspaalun luona mallirastissa olevalla leimasimella.<\/p>\n<p>&nbsp;<\/p>\n<p><strong>VUOKRAKORTIT:<\/strong><br \/>\nVuokrakortit noudetaan ja maksetaan infoon. Kortin vuokra on 4 \u20ac. Palauttamattomasta kortista perit\u00e4\u00e4n 60 \u20ac.<\/p>\n<p>&nbsp;<\/p>\n<p><strong>TARKASTUSKORTTI:<\/strong><br \/>\nEmit-tarkastuskortin saa esil\u00e4hd\u00f6st\u00e4.<\/p>\n<p>&nbsp;<\/p>\n<p><strong>RASTIM\u00c4\u00c4RITTEET:<\/strong><br \/>\nIrralliset rastim\u00e4\u00e4ritteet ovat esil\u00e4hd\u00f6ss\u00e4. Kiinnitystarvikkeita ei ole. Lasten sarjoilla (H\/D14-H\/D12) m\u00e4\u00e4ritteet ovat my\u00f6s kartassa.<\/p>\n<p>&nbsp;<\/p>\n<p><strong>KILPAILUNUMEROT:<\/strong><br \/>\nUPM:n logolla varustetut kilpailunumerot ovat saatavilla kisakeskuksesta. Numerot ker\u00e4t\u00e4\u00e4n pois maalissa.<\/p>\n<p>&nbsp;<\/p>\n<p><strong>L\u00c4HT\u00d6:<br \/>\n<\/strong>Ensimm\u00e4inen l\u00e4ht\u00f6 on lauantaina klo 11.00. Viitoitus l\u00e4ht\u00f6\u00f6n alkaa opaspaalulta. Matkaa l\u00e4ht\u00f6\u00f6n 580 m. Kaikilla sarjoilla on sama l\u00e4ht\u00f6paikka.<\/p>\n<p>&nbsp;<\/p>\n<p><strong>L\u00c4HD\u00d6N TOIMINTA (sarjat H\/D 16 -&gt;):<\/strong><\/p>\n<p>4 minuuttia ennen l\u00e4ht\u00f6aikaa: Kilpailija kutsutaan l\u00e4ht\u00f6karsinaan.<\/p>\n<p>3 minuuttia ennen l\u00e4ht\u00f6aikaa: Emit-kortin numero tarkastetaan ja suoritetaan kortin nollaus.<\/p>\n<p>2 minuuttia ennen l\u00e4ht\u00f6aikaa: Kilpailukartta on n\u00e4ht\u00e4v\u00e4n\u00e4 l\u00e4ht\u00f6karsinassa.<\/p>\n<p>1 minuutti ennen l\u00e4ht\u00f6aikaa: Kilpailijat siirtyv\u00e4t oman sarjan kartta\u00e4mp\u00e4rin viereen.<\/p>\n<p>L\u00e4ht\u00f6hetkell\u00e4 kilpailija ottaa kartta\u00e4mp\u00e4rist\u00e4 oman sarjan kartan ja aloittaa suunnistuksen. K-paikka sijaitsee v\u00e4litt\u00f6m\u00e4sti l\u00e4hd\u00f6n j\u00e4lkeen. K-piste on merkitty rastilipulla.<\/p>\n<p>My\u00f6h\u00e4ss\u00e4 l\u00e4ht\u00f6\u00f6n saapuva kilpailija ilmoittautuu l\u00e4hd\u00f6n toimihenkil\u00f6ille ja saa erikseen l\u00e4ht\u00f6luvan.<\/p>\n<p>&nbsp;<\/p>\n<p><strong>L\u00c4HD\u00d6N TOIMINTA (sarjat H\/D8 RR -&gt; H\/D14):<\/strong><\/p>\n<p>4 minuuttia ennen l\u00e4ht\u00f6aikaa: Kilpailija kutsutaan ohjausasemalle, jossa kilpailija voi tutustua kilpailukarttaan. Kartat ovat vaakatasossa ja valmiiksi suunnattu maaston mukaan. RR- sarjoissa kilpailurata on n\u00e4kyviss\u00e4. Muilla sarjoilla n\u00e4kyy K-piste.<\/p>\n<p>3 minuuttia ennen l\u00e4ht\u00f6aikaa: Emit-kortin numero tarkastetaan ja suoritetaan kortin nollaus.<\/p>\n<p>2 minuuttia ennen l\u00e4ht\u00f6aikaa: RR- sarjalaiset saavat kartan ja heit\u00e4 opastetaan(l\u00e4hd\u00f6n toimitsija n\u00e4ytt\u00e4\u00e4 kartasta l\u00e4ht\u00f6paikan ja siimarin l\u00e4ht\u00f6suunnan). Muilla sarjoilla on K-pisteell\u00e4 merkattu kartta n\u00e4ht\u00e4v\u00e4n\u00e4.<\/p>\n<p>1 minuutti ennen l\u00e4ht\u00f6aikaa: RR- sarjalaiset siirtyv\u00e4t l\u00e4ht\u00f6viivalle ja he voivat rauhassa tutkia karttaa ennen l\u00e4ht\u00f6\u00e4. Muiden sarjojen suunnistajat ottavat kilpailukarttansa karttalaatikosta ja voivat tutustua karttaan.<\/p>\n<p>K-paikka sijaitsee v\u00e4litt\u00f6m\u00e4sti l\u00e4hd\u00f6n j\u00e4lkeen. K-piste on merkitty rastilipulla.<\/p>\n<p>My\u00f6h\u00e4ss\u00e4 l\u00e4ht\u00f6\u00f6n saapuva kilpailija ilmoittautuu l\u00e4hd\u00f6n toimihenkil\u00f6ille ja saa erikseen l\u00e4ht\u00f6luvan.<\/p>\n<p>&nbsp;<\/p>\n<p><strong>RADAT:<\/strong><br \/>\nRadat on pyritty laatimaan maaston parhaita osia k\u00e4ytt\u00e4en. Ratapituudet on n\u00e4ht\u00e4viss\u00e4 erillisest\u00e4 taulukosta. Kaikilla radoilla on sama maali.<\/p>\n<p>&nbsp;<\/p>\n<p><strong>KIELLETYT ALUEET:<\/strong><br \/>\nPihamaat, viljellyt pellot ja karttaan kielletyll\u00e4 alueella merkitty alue ovat ehdottomasti kielletty\u00e4 aluetta.<\/p>\n<p>&nbsp;<\/p>\n<p><strong>JUOMAPAIKAT:<br \/>\n<\/strong>Maastossa on kaksi eriliist\u00e4 juomapaikkaa, joissa on saatavilla vett\u00e4. Juomapaikat on merkitty kilpailukarttaan.<\/p>\n<p>&nbsp;<\/p>\n<p><strong>MAALI:<\/strong><br \/>\nKaikilla sarjoilla on sama maali. Jokaisen kilpailijan on leimattava maalissa sijaitsevassa leimauspisteess\u00e4. Maalikarsinastapoistutaan Emit-tarkastuspisteen kautta. Tulospalvelun varmistuksen takia kilpailijat tallentavat v\u00e4liaikatiedot maalin j\u00e4lkeen MTR-laitteelle. \u00a0Kilpailukarttoja ei ker\u00e4t\u00e4, mutta muista Suunnistusliiton eettiset ohjeet.<\/p>\n<p>&nbsp;<\/p>\n<p><strong>KESKEYTT\u00c4NEET:<\/strong><br \/>\nKeskeytt\u00e4neiden on ehdottomasti ilmoittauduttava maalissa.<\/p>\n<p>&nbsp;<\/p>\n<p><strong>SARJAT JA RATAPITUUDET:<\/strong><\/p>\n<p>Lauantai 9.8. (l\u00e4ht\u00f6\u00f6n 580 m)<br \/>\nSarja \u00a0 \u00a0Ratapituus\u00a0\u00a0\u00a0\u00a0\u00a0 Rasteja<br \/>\nH21A \u00a0 11,3 km \u00a0 \u00a0 \u00a0 \u00a0 \u00a0 \u00a0 \u00a0 \u00a0 \u00a021<br \/>\nH35\u00a0\u00a0\u00a0\u00a0\u00a0 9,2 km \u00a0 \u00a0 \u00a0 \u00a0 \u00a0 \u00a0 \u00a0 \u00a0 \u00a0 15<br \/>\nH40\u00a0\u00a0\u00a0\u00a0\u00a0 8,2 km \u00a0 \u00a0 \u00a0 \u00a0 \u00a0 \u00a0 \u00a0 \u00a0 \u00a0 14<br \/>\nH45\u00a0\u00a0\u00a0\u00a0\u00a0 8,2 km \u00a0 \u00a0 \u00a0 \u00a0 \u00a0 \u00a0 \u00a0 \u00a0 \u00a0 14<br \/>\nH50\u00a0\u00a0\u00a0\u00a0\u00a0 7,2 km \u00a0 \u00a0 \u00a0 \u00a0 \u00a0 \u00a0 \u00a0 \u00a0 \u00a0 11<br \/>\nH55\u00a0\u00a0\u00a0\u00a0\u00a0 6,1 km \u00a0 \u00a0 \u00a0 \u00a0 \u00a0 \u00a0 \u00a0 \u00a0 \u00a0 11<br \/>\nH60\u00a0\u00a0\u00a0\u00a0\u00a0 5,4 km \u00a0 \u00a0 \u00a0 \u00a0 \u00a0 \u00a0 \u00a0 \u00a0 \u00a0 10<br \/>\nH65\u00a0\u00a0\u00a0\u00a0\u00a0 4,7 km \u00a0 \u00a0 \u00a0 \u00a0 \u00a0 \u00a0 \u00a0 \u00a0 \u00a0 \u00a09<br \/>\nH70\u00a0\u00a0\u00a0\u00a0\u00a0 4,0 km \u00a0 \u00a0 \u00a0 \u00a0 \u00a0 \u00a0 \u00a0 \u00a0 \u00a0 \u00a09<br \/>\nH75\u00a0\u00a0\u00a0\u00a0\u00a0 3,0 km \u00a0 \u00a0 \u00a0 \u00a0 \u00a0 \u00a0 \u00a0 \u00a0 \u00a0 \u00a09<br \/>\nH80 \u00a0 \u00a0 \u00a01,9 km \u00a0 \u00a0 \u00a0 \u00a0 \u00a0 \u00a0 \u00a0 \u00a0 \u00a0 \u00a06<br \/>\nH85\u00a0\u00a0\u00a0\u00a0\u00a0 1,9 km \u00a0 \u00a0 \u00a0 \u00a0 \u00a0 \u00a0 \u00a0 \u00a0 \u00a0 \u00a06<br \/>\nH20\u00a0\u00a0\u00a0\u00a0\u00a0 9,2 km\u00a0\u00a0\u00a0\u00a0\u00a0\u00a0\u00a0 \u00a0 \u00a0 \u00a0 \u00a0 \u00a0\u00a0 15<br \/>\nH18\u00a0\u00a0\u00a0\u00a0\u00a0 8,2 km \u00a0 \u00a0 \u00a0 \u00a0 \u00a0 \u00a0 \u00a0 \u00a0 \u00a0 14<br \/>\nH16\u00a0\u00a0\u00a0\u00a0\u00a0 6,1 km \u00a0 \u00a0 \u00a0 \u00a0 \u00a0 \u00a0 \u00a0 \u00a0 \u00a0 11<br \/>\nD21\u00a0\u00a0\u00a0\u00a0\u00a0 8,2 km \u00a0 \u00a0 \u00a0 \u00a0 \u00a0 \u00a0 \u00a0 \u00a0 \u00a0 14<br \/>\nD20\u00a0\u00a0\u00a0\u00a0\u00a0 7,2 km \u00a0 \u00a0 \u00a0 \u00a0 \u00a0 \u00a0 \u00a0 \u00a0 \u00a0 11<br \/>\nD35\u00a0\u00a0\u00a0\u00a0\u00a0 7,2 km\u00a0\u00a0\u00a0\u00a0\u00a0\u00a0\u00a0 \u00a0 \u00a0 \u00a0 \u00a0 \u00a0\u00a0 11<br \/>\nD40\u00a0\u00a0\u00a0\u00a0\u00a0 6,1 km \u00a0 \u00a0 \u00a0 \u00a0 \u00a0 \u00a0 \u00a0 \u00a0 \u00a0 11<br \/>\nD45\u00a0\u00a0\u00a0\u00a0\u00a0 5,4 km \u00a0 \u00a0 \u00a0 \u00a0 \u00a0 \u00a0 \u00a0 \u00a0 \u00a0 10<br \/>\nD50\u00a0\u00a0\u00a0\u00a0\u00a0 4,7 km \u00a0 \u00a0 \u00a0 \u00a0 \u00a0 \u00a0 \u00a0 \u00a0 \u00a0 \u00a09<br \/>\nD55\u00a0\u00a0\u00a0\u00a0\u00a0 3,6 km \u00a0 \u00a0 \u00a0 \u00a0 \u00a0 \u00a0 \u00a0 \u00a0 \u00a0 \u00a08<br \/>\nD60\u00a0\u00a0\u00a0\u00a0\u00a0 3,0 km \u00a0 \u00a0 \u00a0 \u00a0 \u00a0 \u00a0 \u00a0 \u00a0 \u00a0 \u00a09<br \/>\nD65\u00a0\u00a0\u00a0\u00a0\u00a0 3,0 km \u00a0 \u00a0 \u00a0 \u00a0 \u00a0 \u00a0 \u00a0 \u00a0 \u00a0 \u00a09<br \/>\nD70\u00a0\u00a0\u00a0\u00a0\u00a0 2,4 km \u00a0 \u00a0 \u00a0 \u00a0 \u00a0 \u00a0 \u00a0 \u00a0 \u00a0 \u00a07<br \/>\nD75\u00a0\u00a0\u00a0\u00a0\u00a0 2,4 km \u00a0 \u00a0 \u00a0 \u00a0 \u00a0 \u00a0 \u00a0 \u00a0 \u00a0 \u00a07<br \/>\nD80\u00a0\u00a0\u00a0\u00a0\u00a0 1,9 km \u00a0 \u00a0 \u00a0 \u00a0 \u00a0 \u00a0 \u00a0 \u00a0 \u00a0 \u00a06<br \/>\nD18\u00a0\u00a0\u00a0\u00a0\u00a0 5,4 km\u00a0\u00a0\u00a0\u00a0\u00a0\u00a0 \u00a0 \u00a0 \u00a0 \u00a0 \u00a0\u00a0\u00a0 10<br \/>\nD16\u00a0\u00a0\u00a0\u00a0\u00a0 4,7 km \u00a0 \u00a0 \u00a0 \u00a0 \u00a0 \u00a0 \u00a0 \u00a0 \u00a0 \u00a09<\/p>\n<p>&nbsp;<\/p>\n<p>Lastensarjat Lauantai 9.8. (l\u00e4ht\u00f6\u00f6n 580 m)<br \/>\nSarja \u00a0\u00a0\u00a0\u00a0\u00a0\u00a0Ratapituus \u00a0 \u00a0 \u00a0 \u00a0Rasteja<br \/>\nH14 \u00a0 \u00a0 \u00a0 \u00a0 3,6 km \u00a0 \u00a0 \u00a0 \u00a0 \u00a0 \u00a0 \u00a0 \u00a0 \u00a0 8<br \/>\nH13 \u00a0 \u00a0 \u00a0 \u00a0 3,0 km \u00a0 \u00a0 \u00a0 \u00a0 \u00a0 \u00a0 \u00a0 \u00a0 \u00a0 9<br \/>\nH12 \u00a0 \u00a0 \u00a0 \u00a0 1,9 km \u00a0 \u00a0 \u00a0 \u00a0 \u00a0 \u00a0 \u00a0 \u00a0 \u00a0 6<br \/>\nH10RR \u00a0 \u00a0 2,6 km \u00a0 \u00a0 \u00a0 \u00a0 \u00a0 \u00a0 \u00a0 \u00a0 \u00a0 5<br \/>\nH8RR \u00a0 \u00a0 \u00a02,6 km \u00a0 \u00a0 \u00a0 \u00a0 \u00a0 \u00a0 \u00a0 \u00a0 \u00a0 \u00a05<br \/>\nD14 \u00a0 \u00a0 \u00a0 \u00a0 3,0 km \u00a0 \u00a0 \u00a0 \u00a0 \u00a0 \u00a0 \u00a0 \u00a0 \u00a0 \u00a09<br \/>\nD13 \u00a0 \u00a0 \u00a0 \u00a0 2,4 km \u00a0 \u00a0 \u00a0 \u00a0 \u00a0 \u00a0 \u00a0 \u00a0 \u00a0 \u00a07<br \/>\nD12 \u00a0 \u00a0 \u00a0 \u00a0 1,9 km \u00a0 \u00a0 \u00a0 \u00a0 \u00a0 \u00a0 \u00a0 \u00a0 \u00a0 \u00a06<br \/>\nD10RR \u00a0 \u00a0 2,6 km \u00a0 \u00a0 \u00a0 \u00a0 \u00a0 \u00a0 \u00a0 \u00a0 \u00a0 5<br \/>\nD8RR \u00a0 \u00a0 \u00a02,6 km \u00a0 \u00a0 \u00a0 \u00a0 \u00a0 \u00a0 \u00a0 \u00a0 \u00a0 \u00a05<br \/>\n<strong><br \/>\nTULOKSET:<\/strong><\/p>\n<p>Tulokset julkaistaan tulostaululla kilpailukeskuksessa sek\u00e4 netiss\u00e4 kisasivuilla.<\/p>\n<p>&nbsp;<\/p>\n<p><strong>PALKINNOT:. <\/strong><br \/>\nKaikissa sarjoissa palkitaan kolme parasta AM-mitalilla. H\/D21 sarjan voittajat saavat lis\u00e4ksi Biolan Oy:n lahjoittamia tuotteita. Kaikkien suunnistajien kesken arvotaan Biolanin lahjoittamia tuotteita. H\/D8RR ja H\/D10RR sarjoissa palkitaan kaikki. Seuraa kuulutuksia palkintojenjaoista.<\/p>\n<p>&nbsp;<\/p>\n<p><strong>WC, PESU JA PUKEUTUMINEN:<\/strong><br \/>\nWC:t ja pesu sijaitsevat kilpailukeskuksessa maasto-oloissa (l\u00e4mmin vesi).<\/p>\n<p>&nbsp;<\/p>\n<p><strong>RAVINTOLA:<\/strong><br \/>\nKilpailukeskuksessa on ravintola ja makkaran myyntipiste.<\/p>\n<p>&nbsp;<\/p>\n<p><strong>MUKSULA:<br \/>\n<\/strong>AM-kisoissa on muksula. Sen palveluksia haluavien toivotaan ilmoittavan etuk\u00e4teen, mieluummin perjantai-iltaan klo 20.00 menness\u00e4 halukkaiden nimet ik\u00e4tietoineen Laura V\u00e4lil\u00e4lle puh. 0407431703 tai s-posti <a href=\"mailto:laura.valila@pp1.inet.fi\">laura.valila@pp1.inet.fi<\/a>.<\/p>\n<p>&nbsp;<\/p>\n<p><strong>KUNTOSUUNNISTUS:<br \/>\n<\/strong>Lauantaina on kuntosuunnistusmahdollisuus 3 km:n ja 5 km:n radoilla, ilmoittautuminen ja ohjeet infosta. Maastoon p\u00e4\u00e4see klo 11.00-12.00 v\u00e4lisen\u00e4 aikana.<\/p>\n<p>&nbsp;<\/p>\n<p><strong>Ohjeita lastenradoille<\/strong><\/p>\n<p>&nbsp;<\/p>\n<p><strong>Rastit<\/strong><br \/>\nRR-sarjoilla rastit leimataan numeroj\u00e4rjestyksess\u00e4; RR1, RR2, RR3 jne. RR-tunnukset on merkitty leimasintelineeseen ja rastilippuun. Muilla sarjoilla on k\u00e4yt\u00f6ss\u00e4 normaalit rastitunnukset. Maastossa rasteja on l\u00e4hekk\u00e4in, joten tarkista koodi huolellisesti. Leimausta voit harjoitella opaspaalun luona olevalla mallirastilla.<\/p>\n<p>&nbsp;<\/p>\n<p><strong>Viitoitus<\/strong><br \/>\nRastireitti on merkitty maastoon valkoisella muovinauhalla, joka erottuu maastossa hyvin. Kilpailussa k\u00e4ytet\u00e4\u00e4n vain yht\u00e4 siimaria.<\/p>\n<p>&nbsp;<\/p>\n<p><strong>Maali<\/strong><br \/>\nMaalissa on maalileimaus, muista leimata my\u00f6s siell\u00e4.<\/p>\n<p>&nbsp;<\/p>\n<p><strong>AM-viestin erityisohjeet<\/strong><\/p>\n<p>&nbsp;<\/p>\n<p><strong>MAASTO:<\/strong><br \/>\nPitkien matkojen maasto muodostuu kolmesta nopeakulkuisesta kangasharjanteesta, joiden v\u00e4liin j\u00e4\u00e4 kulkukelpoisuudeltaan vaihtelevaa maastoa mm. jylh\u00e4st\u00e4 vanhasta kuusikosta nuoreen m\u00e4ntytaimistoon. Maaston korkeuserot ovat pienet ja maaston kulkukelpoisuus on p\u00e4\u00e4s\u00e4\u00e4nt\u00f6isesti hyv\u00e4. Laajoja hakkuualoja ei kilpailumaastossa ole, ainoastaan l\u00e4hinn\u00e4 pienehk\u00f6j\u00e4 paikallisia harvennushakkuita.<\/p>\n<p>&nbsp;<\/p>\n<p><strong>JUOKSUJ\u00c4RJESTYS:<\/strong><br \/>\nJuoksuj\u00e4rjestys on ilmoitettava Irmassa lauantaina 9.8 klo 16.00 menness\u00e4, tai kilpailupaikalla lauantaina infon auki ollessa.\u00a0 Juoksuj\u00e4rjestyksen muutoksia ei oteta en\u00e4\u00e4 kilpailup\u00e4iv\u00e4n\u00e4, kuin pakottavista syist\u00e4. (sairaus poisj\u00e4\u00e4nti jne.)<\/p>\n<p>&nbsp;<\/p>\n<p><strong>RASTIM\u00c4\u00c4RITTEET:<\/strong><br \/>\nRastim\u00e4\u00e4ritteet on tulostettu karttojen etupuolelle.<\/p>\n<p>&nbsp;<\/p>\n<p><strong>TARKASTUSKORTIT JA KILPAILUNUMEROT:<\/strong><br \/>\nEmit-tarkastuskortit ja kilpailunumerot ovat seurapusseissa, jotka voi noutaa infosta. Biolanin logolla varustettuja kilpailunumeroita k\u00e4ytet\u00e4\u00e4n kaikissa sarjoissa. Numerot on palautettava maalissa. Kadonneista numeroista perit\u00e4\u00e4n 10 \u20ac korvaus.<\/p>\n<p>&nbsp;<\/p>\n<p><strong>L\u00c4HD\u00d6T <\/strong><br \/>\nL\u00e4ht\u00f6 tapahtuu yhteisl\u00e4ht\u00f6n\u00e4 kilpailukeskuksesta klo 11.00<br \/>\nH21, H20, H18, H16, H14, H12TR, H10RR, H110, H130, H150, H170, H190, H210, H230<\/p>\n<p>&nbsp;<\/p>\n<p>D21, D17-20, D16, D14, D12TR, D10RR, D110, D130, D150, D170, D190, D210<br \/>\nKulku l\u00e4ht\u00f6alueelle tapahtuu sis\u00e4\u00e4nmeno portin kautta, jossa suoritetaan emit-numeron tarkistus sek\u00e4 nollaleimaus. Emit-korttien nollausta varten pyydet\u00e4\u00e4n ensimm\u00e4isten osuuksien kilpailijoita saapumaan portille viimeist\u00e4\u00e4n 20min ennen l\u00e4ht\u00f6\u00e4. Kartat ovat maassa lautoihin nidottuna, josta ne otetaan l\u00e4hett\u00e4j\u00e4n komentojen mukaan. L\u00e4ht\u00f6alueella on n\u00e4ht\u00e4viss\u00e4 kilpailukartta. L\u00e4ht\u00f6\/vaihtoalueella on rajallinen verryttelymahdollisuus.<\/p>\n<p>&nbsp;<\/p>\n<p><strong>VIESTIN KULKU:<\/strong><br \/>\nKaikilla osuuksilla, paitsi RR-viestiss\u00e4 on hajonnat. Viimeiselt\u00e4 rastilta on viitoitus vaihtoon\/maaliin, jossa suoritetaan leimaus. Kilpailijat luovuttavat maaliin tultuaan kartan toimitsijoille. Vaihtoon tulijat siirtyv\u00e4t karttatelineille, josta ottavat oman joukkueensa seuraavan osuuden kartan ja luovuttavat sen vaihtopuomilla odottavalle kilpailijalle. Ennen vaihtoalueelta poistumista luetaan emit-kortin tiedot kortinlukupisteess\u00e4.<\/p>\n<p>&nbsp;<\/p>\n<p>Vaihtopuomilta kilpailijat juoksevat K-pisteelle ja sen j\u00e4lkeen omille hajontaradoilleen.<\/p>\n<p>&nbsp;<\/p>\n<p>Kilpailussa viestinomainen l\u00e4hett\u00e4minen lopetetaan erikseen ilmoitettavana aikana, jonka j\u00e4lkeen on yhteisl\u00e4ht\u00f6 n. 15min kuluttua kuuluttajan ohjeiden mukaan. Ankkuriosuudella mahdollisen kiritaistelun j\u00e4rjestyksen ratkaisee maalituomari maalivaatteen kohdalla (maalileimaus suoritetaan normaalisti n. 2m maaliviivan j\u00e4lkeen). My\u00f6s keskeytt\u00e4neet juoksevat maalin kautta.<\/p>\n<p>&nbsp;<\/p>\n<p><strong>VIITOITUKSET:<\/strong><br \/>\nLoppuviitoitusta on ehdottomasti noudatettava! Muut viitoitukset alkavat opaspaalulta.<\/p>\n<p>&nbsp;<\/p>\n<p><strong>MAALI:<br \/>\n<\/strong>Jokaisen kilpailijan on leimattava maalissa sijaitsevassa leimauspisteess\u00e4. Maalikarsinastapoistutaan Emit-tarkastuspisteen kautta. Tulospalvelun varmistuksen takia kilpailijat tallentavat v\u00e4liaikatiedot maalin j\u00e4lkeen MTR-laitteelle. Numerolaput ker\u00e4t\u00e4\u00e4n maalissa. Kilpailukartat ker\u00e4t\u00e4\u00e4n pois, kunnes kaikki joukkueet ovat l\u00e4hteneet ankkuriosuudelle(yhteisl\u00e4ht\u00f6).<\/p>\n<p>&nbsp;<\/p>\n<p><strong>VIESTIN KARTTOJEN PALAUTUS<br \/>\n<\/strong>Karttojen palautuksesta kertoo kuuluttaja.<\/p>\n<p>&nbsp;<\/p>\n<p><strong>KESKEYTT\u00c4NEET:<\/strong><br \/>\nKeskeytt\u00e4neiden on ehdottomasti ilmoittauduttava maalissa.<\/p>\n<p>&nbsp;<\/p>\n<p><strong>V\u00c4LIAIKATULOSTEET:<\/strong><br \/>\nTulosteen saa maalin j\u00e4lkeen MTR-varmistuksesta.<\/p>\n<p>&nbsp;<\/p>\n<p><strong>SARJAT JA RATAPITUUDET:<\/strong><\/p>\n<table width=\"523\">\n<tbody>\n<tr>\n<td width=\"24\"><\/td>\n<td width=\"499\">\n<table width=\"341\">\n<tbody>\n<tr>\n<td width=\"70\"><\/td>\n<td colspan=\"2\" width=\"271\">Sunnuntai 10.8.<\/td>\n<\/tr>\n<tr>\n<td width=\"70\">Sarja<\/td>\n<td width=\"127\">Ratapituus<\/td>\n<td width=\"144\"><\/td>\n<\/tr>\n<tr>\n<td width=\"70\">H21<\/td>\n<td width=\"127\">7,4 km<\/td>\n<td width=\"144\"><\/td>\n<\/tr>\n<tr>\n<td width=\"70\">H110<\/td>\n<td width=\"127\">6,4 km<\/td>\n<td width=\"144\"><\/td>\n<\/tr>\n<tr>\n<td width=\"70\">H130<\/td>\n<td width=\"127\">5,7 km<\/td>\n<td width=\"144\"><\/td>\n<\/tr>\n<tr>\n<td width=\"70\">H150<\/td>\n<td width=\"127\">5,0 km<\/td>\n<td width=\"144\"><\/td>\n<\/tr>\n<tr>\n<td width=\"70\">H170<\/td>\n<td width=\"127\">4,1 km<\/td>\n<td width=\"144\"><\/td>\n<\/tr>\n<tr>\n<td width=\"70\">H190<\/td>\n<td width=\"127\">3,8 km<\/td>\n<td width=\"144\"><\/td>\n<\/tr>\n<tr>\n<td width=\"70\">H210<\/td>\n<td width=\"127\">3,4 km<\/td>\n<td width=\"144\"><\/td>\n<\/tr>\n<tr>\n<td width=\"70\">H230<\/td>\n<td width=\"127\">3,4 km<\/td>\n<td width=\"144\"><\/td>\n<\/tr>\n<tr>\n<td width=\"70\">H20<\/td>\n<td width=\"127\">5,7 km<\/td>\n<td width=\"144\"><\/td>\n<\/tr>\n<tr>\n<td width=\"70\">H18<\/td>\n<td width=\"127\">5,7 km<\/td>\n<td width=\"144\"><\/td>\n<\/tr>\n<tr>\n<td width=\"70\">H16<\/td>\n<td width=\"127\">5,0 km<\/td>\n<td width=\"144\"><\/td>\n<\/tr>\n<tr>\n<td width=\"70\">D21<\/td>\n<td width=\"127\">5,0 km<\/td>\n<td width=\"144\"><\/td>\n<\/tr>\n<tr>\n<td width=\"70\">D20<\/td>\n<td width=\"127\">3,8 km<\/td>\n<td width=\"144\"><\/td>\n<\/tr>\n<tr>\n<td width=\"70\">D110<\/td>\n<td width=\"127\">4,3 km<\/td>\n<td width=\"144\"><\/td>\n<\/tr>\n<tr>\n<td width=\"70\">D130<\/td>\n<td width=\"127\">3,9 km<\/td>\n<td width=\"144\"><\/td>\n<\/tr>\n<tr>\n<td width=\"70\">D150<\/td>\n<td width=\"127\">3,4 km<\/td>\n<td width=\"144\"><\/td>\n<\/tr>\n<tr>\n<td width=\"70\">D17-20<\/td>\n<td width=\"127\">3,8 km<\/td>\n<td width=\"144\"><\/td>\n<\/tr>\n<tr>\n<td width=\"70\"><\/td>\n<td width=\"127\"><\/td>\n<td width=\"144\"><\/td>\n<\/tr>\n<tr>\n<td width=\"70\"><\/td>\n<td colspan=\"2\" width=\"271\">Sunnuntai 10.8.<\/td>\n<\/tr>\n<tr>\n<td width=\"70\">Sarja<\/td>\n<td width=\"127\">Ratapituus<\/td>\n<td width=\"144\"><\/td>\n<\/tr>\n<tr>\n<td width=\"70\">H14<\/td>\n<td width=\"127\">3,2 km<\/td>\n<td width=\"144\"><\/td>\n<\/tr>\n<tr>\n<td width=\"70\">H12TR<\/td>\n<td width=\"127\">2,2 km<\/td>\n<td width=\"144\"><\/td>\n<\/tr>\n<tr>\n<td width=\"70\">H10RR<\/td>\n<td width=\"127\">2,6 km<\/td>\n<td width=\"144\"><\/td>\n<\/tr>\n<tr>\n<td width=\"70\">D14<\/td>\n<td width=\"127\">2,9 km<\/td>\n<td width=\"144\"><\/td>\n<\/tr>\n<tr>\n<td width=\"70\">D12TR<\/td>\n<td width=\"127\">2,2 km<\/td>\n<td width=\"144\"><\/td>\n<\/tr>\n<tr>\n<td width=\"70\">D10RR<\/td>\n<td width=\"127\">2,6 km<\/td>\n<td width=\"144\"><\/td>\n<\/tr>\n<\/tbody>\n<\/table>\n<\/td>\n<\/tr>\n<\/tbody>\n<\/table>\n<p>&nbsp;<\/p>\n<p><strong>TULOKSET:<\/strong><br \/>\nTulokset julkaistaan tulostaululla kilpailukeskuksessa sek\u00e4 netiss\u00e4 kisasivuilla.<\/p>\n<p>&nbsp;<\/p>\n<p><strong>PALKINNOT:<\/strong><br \/>\nSarjojen kolme parasta joukkuetta palkitaan alueen mitalilla. Palkinnot jaetaan tulosten selvitty\u00e4.<\/p>\n<p>&nbsp;<\/p>\n<p><strong>WC, PESU JA PUKEUTUMINEN:<\/strong><br \/>\nWC:t ja pesu sijaitsevat kilpailukeskuksessa maasto-oloissa (l\u00e4mmin vesi).<\/p>\n<p>&nbsp;<\/p>\n<p><strong>RAVINTOLA:<\/strong><br \/>\nKilpailukeskuksessa on ravintola ja makkaran myyntipiste.<\/p>\n<p>&nbsp;<\/p>\n<p><strong>MUKSULA:<br \/>\n<\/strong>AM-kisoissa on muksula. Sen palveluksia haluavien toivotaan ilmoittavan etuk\u00e4teen, mieluummin perjantai-iltaan klo 20.00 menness\u00e4 halukkaiden nimet ik\u00e4tietoineen Laura V\u00e4lil\u00e4lle puh. 0407431703 tai s-posti <a href=\"mailto:laura.valila@pp1.inet.fi\">laura.valila@pp1.inet.fi<\/a>.<\/p>\n<p>&nbsp;<\/p>\n<p><strong>Iloisia suunnistushetki\u00e4<br \/>\n<\/strong>Hiisirasti ja K\u00f6yli\u00f6n Lallit<\/p>\n<p>&nbsp;<\/p>\n<p><strong>Lauantaina kilpailupaikalla on Neon Sportin myym\u00e4l\u00e4!<\/strong><\/p>\n<p>&nbsp;<\/p>\n<p><strong>Sunnuntaina kilpailupaikalla Suunnistajankauppa!<\/strong><\/p>\n<p>&nbsp;<\/p>\n<p><strong>\u00a0<\/strong><\/p>\n","protected":false},"excerpt":{"rendered":"<p>Aluemestaruuskilpailut K\u00f6yli\u00f6 9.\u201310.8.2014 &nbsp; KILPAILUOHJEET S\u00c4\u00c4NN\u00d6T: Kilpailuissa noudatetaan SSL:n suunnistuksen lajis\u00e4\u00e4nt\u00f6j\u00e4 ja n\u00e4it\u00e4 j\u00e4rjest\u00e4j\u00e4n ohjeita. &nbsp; TOIMIHENKIL\u00d6T: Kilpailunjohtaja: Kauko Hakala Kilpailunvalvoja: Simo Valtanen, HinnYr Ratamestarit: Mika Ruuhiala, Johannes Pohjala Tuomarineuvosto: pj. Raimo Hannukainen KanSu, j\u00e4senet Riikka Tuuppa EKU ja Heikki Varjonen RaLu. Kuulutus: Timo Lehtonen, Johannes Pohjala, Jukka-Pekka Sepp\u00e4nen &nbsp; MAASTO: Pitkien matkojen maasto muodostuu [&hellip;]<\/p>\n","protected":false},"author":1,"featured_media":0,"parent":0,"menu_order":0,"comment_status":"closed","ping_status":"closed","template":"","meta":{"footnotes":""},"class_list":["post-297","page","type-page","status-publish","hentry"],"_links":{"self":[{"href":"http:\/\/www.hiisirasti.fi\/index.php?rest_route=\/wp\/v2\/pages\/297","targetHints":{"allow":["GET"]}}],"collection":[{"href":"http:\/\/www.hiisirasti.fi\/index.php?rest_route=\/wp\/v2\/pages"}],"about":[{"href":"http:\/\/www.hiisirasti.fi\/index.php?rest_route=\/wp\/v2\/types\/page"}],"author":[{"embeddable":true,"href":"http:\/\/www.hiisirasti.fi\/index.php?rest_route=\/wp\/v2\/users\/1"}],"replies":[{"embeddable":true,"href":"http:\/\/www.hiisirasti.fi\/index.php?rest_route=%2Fwp%2Fv2%2Fcomments&post=297"}],"version-history":[{"count":41,"href":"http:\/\/www.hiisirasti.fi\/index.php?rest_route=\/wp\/v2\/pages\/297\/revisions"}],"predecessor-version":[{"id":357,"href":"http:\/\/www.hiisirasti.fi\/index.php?rest_route=\/wp\/v2\/pages\/297\/revisions\/357"}],"wp:attachment":[{"href":"http:\/\/www.hiisirasti.fi\/index.php?rest_route=%2Fwp%2Fv2%2Fmedia&parent=297"}],"curies":[{"name":"wp","href":"https:\/\/api.w.org\/{rel}","templated":true}]}}