{"id":344,"date":"2014-08-08T12:26:27","date_gmt":"2014-08-08T09:26:27","guid":{"rendered":"http:\/\/www.hiisirasti.fi\/?page_id=344"},"modified":"2014-08-08T12:27:27","modified_gmt":"2014-08-08T09:27:27","slug":"am-pitka-ja-viesti-2014-valvojan-lausunto","status":"publish","type":"page","link":"http:\/\/www.hiisirasti.fi\/?page_id=344","title":{"rendered":"AM-pitk\u00e4 ja viesti 2014 &#8211; Valvojan lausunto"},"content":{"rendered":"<p>Kilpailumaasto on yhten\u00e4inen talousmets\u00e4alue, jonka halkoo vain mets\u00e4autotie. Kartta on n\u00e4kym\u00e4lt\u00e4\u00e4n\u00a0vihre\u00e4painotteinen, mutta se kuvastaa juuri sit\u00e4, ett\u00e4 maastossa n\u00e4kyvyys on rajallista. Kulkukelpoisuus\u00a0vaaleanvihreill\u00e4 alueilla on kuitenkin v\u00e4hint\u00e4\u00e4nkin kohtuullista kuten muillakin alueilla.<\/p>\n<p>&nbsp;<\/p>\n<p>Maasto on muodoiltaan melko loivapiirteinen muutamaa rinteen syrj\u00e4\u00e4 lukuun ottamatta. Lis\u00e4ksi on\u00a0jouduttu kuvaamaan melko pieni\u00e4 pistem\u00e4isi\u00e4 kohteita. T\u00e4m\u00e4 tulee vaikeuttamaan suunnistusta ja\u00a0rastinottoa, kun pit\u00e4isi juoksuvauhdissa havainnoida n\u00e4inkin pieni\u00e4 kohteita. Muutamilla rasteilla voi\u00a0kokemattomimmilla olla jopa vaikea l\u00f6yt\u00e4\u00e4 varmaa tukipistett\u00e4, jonka kautta menn\u00e4 rastille.<\/p>\n<p>&nbsp;<\/p>\n<p>Pistem\u00e4isist\u00e4 kohteista kartalla voisi mainita mm. ett\u00e4 metrisi\u00e4 kivi\u00e4kin on kuvattu, muurahaispesi\u00e4 ei ole\u00a0kaikkia kartalla, miilunpohjia (musta rengas) on vaikea havaita maastossa.<\/p>\n<p>&nbsp;<\/p>\n<p>Maastossa on tehty l\u00e4hiaikoina jonkin verran mets\u00e4t\u00f6it\u00e4, mutta ne on kuvattu hyvin karttaan. Varsinkin\u00a0keltaisilla aukoilla olevat vihre\u00e4t pystyviiva-alueet kannattaa v\u00e4istell\u00e4.<\/p>\n<p>&nbsp;<\/p>\n<p>Simo Valtanen HinnYr<\/p>\n","protected":false},"excerpt":{"rendered":"<p>Kilpailumaasto on yhten\u00e4inen talousmets\u00e4alue, jonka halkoo vain mets\u00e4autotie. Kartta on n\u00e4kym\u00e4lt\u00e4\u00e4n\u00a0vihre\u00e4painotteinen, mutta se kuvastaa juuri sit\u00e4, ett\u00e4 maastossa n\u00e4kyvyys on rajallista. Kulkukelpoisuus\u00a0vaaleanvihreill\u00e4 alueilla on kuitenkin v\u00e4hint\u00e4\u00e4nkin kohtuullista kuten muillakin alueilla. &nbsp; Maasto on muodoiltaan melko loivapiirteinen muutamaa rinteen syrj\u00e4\u00e4 lukuun ottamatta. Lis\u00e4ksi on\u00a0jouduttu kuvaamaan melko pieni\u00e4 pistem\u00e4isi\u00e4 kohteita. T\u00e4m\u00e4 tulee vaikeuttamaan suunnistusta ja\u00a0rastinottoa, kun pit\u00e4isi [&hellip;]<\/p>\n","protected":false},"author":1,"featured_media":0,"parent":0,"menu_order":0,"comment_status":"closed","ping_status":"closed","template":"","meta":{"footnotes":""},"class_list":["post-344","page","type-page","status-publish","hentry"],"_links":{"self":[{"href":"http:\/\/www.hiisirasti.fi\/index.php?rest_route=\/wp\/v2\/pages\/344","targetHints":{"allow":["GET"]}}],"collection":[{"href":"http:\/\/www.hiisirasti.fi\/index.php?rest_route=\/wp\/v2\/pages"}],"about":[{"href":"http:\/\/www.hiisirasti.fi\/index.php?rest_route=\/wp\/v2\/types\/page"}],"author":[{"embeddable":true,"href":"http:\/\/www.hiisirasti.fi\/index.php?rest_route=\/wp\/v2\/users\/1"}],"replies":[{"embeddable":true,"href":"http:\/\/www.hiisirasti.fi\/index.php?rest_route=%2Fwp%2Fv2%2Fcomments&post=344"}],"version-history":[{"count":2,"href":"http:\/\/www.hiisirasti.fi\/index.php?rest_route=\/wp\/v2\/pages\/344\/revisions"}],"predecessor-version":[{"id":346,"href":"http:\/\/www.hiisirasti.fi\/index.php?rest_route=\/wp\/v2\/pages\/344\/revisions\/346"}],"wp:attachment":[{"href":"http:\/\/www.hiisirasti.fi\/index.php?rest_route=%2Fwp%2Fv2%2Fmedia&parent=344"}],"curies":[{"name":"wp","href":"https:\/\/api.w.org\/{rel}","templated":true}]}}