{"id":352,"date":"2014-08-08T13:08:35","date_gmt":"2014-08-08T10:08:35","guid":{"rendered":"http:\/\/www.hiisirasti.fi\/?page_id=352"},"modified":"2014-08-08T13:08:35","modified_gmt":"2014-08-08T10:08:35","slug":"am-pitka-ja-viesti-2014-ratamestarin-lausunto","status":"publish","type":"page","link":"http:\/\/www.hiisirasti.fi\/?page_id=352","title":{"rendered":"Am-pitk\u00e4 ja viesti 2014 &#8211; Ratamestarin lausunto"},"content":{"rendered":"<p><span style=\"color: #000000;\">K\u00f6yli\u00f6n Kepolan ja Euran v\u00e4linen suuri yhten\u00e4inen mets\u00e4alue tarjoaa hyv\u00e4t puitteet t\u00e4m\u00e4n vuotisille AM-kisoille. Koko 33 neli\u00e4kilometrin mets\u00e4alueesta ei ole k\u00e4yt\u00f6ss\u00e4 t\u00e4ll\u00e4 kertaa kuin vajaa 5 neli\u00f6kilometri\u00e4,eik\u00e4 alueesta ei ole tehty suunnistuskarttaa sitten vuoden 1982. <\/span><\/p>\n<p>&nbsp;<\/p>\n<p><span style=\"color: #000000;\">Maasto on p\u00e4\u00e4piirteiss\u00e4\u00e4n hyv\u00e4kulkuista, mutta paikoin rajoittunut n\u00e4kyvyys lis\u00e4\u00e4 suunnistusteht\u00e4vien vaativuutta. Mets\u00e4 vaihtelee nopeakulkuisista kangasmetsist\u00e4 hieman hitaampikulkuisiin kuusikkokorpiin. Kes\u00e4isin maastossa on paikoin rehev\u00e4\u00e4 ja mets\u00e4lauhan kaltaiset hein\u00e4t viihtyv\u00e4t t\u00e4ss\u00e4kin kisamaastossa. Hakkuualueet ovat vadelmien valtaamia. Alueet on pyritty ottamaan huomioon ratoja tehdess\u00e4. <\/span><\/p>\n<p>&nbsp;<\/p>\n<p><span style=\"color: #000000;\">Maaston muodot ovat py\u00f6reit\u00e4 ja karttaan kuvattuja pieni\u00e4 maaston kohteita on k\u00e4ytetty my\u00f6s rastipistein\u00e4. Ratamestareille paikoin tuli mieleen Keski-Eurooppalaiset suunnistusteht\u00e4v\u00e4t; tyhj\u00e4t rinteet ja pistem\u00e4iset kohteet korostavat erityisesti kompassin k\u00e4yt\u00f6n tehokkuutta yhdistettyn\u00e4 vauhdikkaaseen suunnistukseen. Lauantain pitk\u00e4ll\u00e4 matkalla on tarjottu my\u00f6s pitempi\u00e4 reitinvalintav\u00e4lej\u00e4 mahdollisuuksien mukaan, kun taas viestin radat ovat hyvin keskimatkan kaltaiset. <\/span><\/p>\n","protected":false},"excerpt":{"rendered":"<p>K\u00f6yli\u00f6n Kepolan ja Euran v\u00e4linen suuri yhten\u00e4inen mets\u00e4alue tarjoaa hyv\u00e4t puitteet t\u00e4m\u00e4n vuotisille AM-kisoille. Koko 33 neli\u00e4kilometrin mets\u00e4alueesta ei ole k\u00e4yt\u00f6ss\u00e4 t\u00e4ll\u00e4 kertaa kuin vajaa 5 neli\u00f6kilometri\u00e4,eik\u00e4 alueesta ei ole tehty suunnistuskarttaa sitten vuoden 1982. &nbsp; Maasto on p\u00e4\u00e4piirteiss\u00e4\u00e4n hyv\u00e4kulkuista, mutta paikoin rajoittunut n\u00e4kyvyys lis\u00e4\u00e4 suunnistusteht\u00e4vien vaativuutta. Mets\u00e4 vaihtelee nopeakulkuisista kangasmetsist\u00e4 hieman hitaampikulkuisiin kuusikkokorpiin. Kes\u00e4isin [&hellip;]<\/p>\n","protected":false},"author":1,"featured_media":0,"parent":0,"menu_order":0,"comment_status":"closed","ping_status":"closed","template":"","meta":{"footnotes":""},"class_list":["post-352","page","type-page","status-publish","hentry"],"_links":{"self":[{"href":"http:\/\/www.hiisirasti.fi\/index.php?rest_route=\/wp\/v2\/pages\/352","targetHints":{"allow":["GET"]}}],"collection":[{"href":"http:\/\/www.hiisirasti.fi\/index.php?rest_route=\/wp\/v2\/pages"}],"about":[{"href":"http:\/\/www.hiisirasti.fi\/index.php?rest_route=\/wp\/v2\/types\/page"}],"author":[{"embeddable":true,"href":"http:\/\/www.hiisirasti.fi\/index.php?rest_route=\/wp\/v2\/users\/1"}],"replies":[{"embeddable":true,"href":"http:\/\/www.hiisirasti.fi\/index.php?rest_route=%2Fwp%2Fv2%2Fcomments&post=352"}],"version-history":[{"count":1,"href":"http:\/\/www.hiisirasti.fi\/index.php?rest_route=\/wp\/v2\/pages\/352\/revisions"}],"predecessor-version":[{"id":353,"href":"http:\/\/www.hiisirasti.fi\/index.php?rest_route=\/wp\/v2\/pages\/352\/revisions\/353"}],"wp:attachment":[{"href":"http:\/\/www.hiisirasti.fi\/index.php?rest_route=%2Fwp%2Fv2%2Fmedia&parent=352"}],"curies":[{"name":"wp","href":"https:\/\/api.w.org\/{rel}","templated":true}]}}