{"id":38,"date":"2014-07-08T14:03:44","date_gmt":"2014-07-08T11:03:44","guid":{"rendered":"http:\/\/www.hiisirasti.fi\/?page_id=38"},"modified":"2014-08-11T21:38:34","modified_gmt":"2014-08-11T18:38:34","slug":"am-pitka-ja-viesti-2014","status":"publish","type":"page","link":"http:\/\/www.hiisirasti.fi\/?page_id=38","title":{"rendered":"AM-pitk\u00e4 ja viesti 2014"},"content":{"rendered":"<p><img loading=\"lazy\" decoding=\"async\" class=\"aligncenter\" src=\"http:\/\/www.hiisirasti.fi\/kilpailut\/am-pitka2014\/Karttapalat.png\" alt=\"\" width=\"511\" height=\"206\" \/><\/p>\n<p>&nbsp;<\/p>\n<p style=\"text-align: center;\"><a href=\"http:\/\/www.hiisirasti.fi\/?page_id=42\">Kilpailukutsu<\/a><\/p>\n<p>&nbsp;<\/p>\n<p style=\"text-align: center;\"><a href=\"http:\/\/www.hiisirasti.fi\/?page_id=297\">Kilpailuohje<\/a><\/p>\n<p>&nbsp;<\/p>\n<p style=\"text-align: center;\"><a href=\"http:\/\/www.hiisirasti.fi\/?page_id=344\">Valvojan lausunto<\/a><\/p>\n<p>&nbsp;<\/p>\n<p style=\"text-align: center;\"><a href=\"http:\/\/www.hiisirasti.fi\/?page_id=352\">Ratamestarin lausunto<\/a><\/p>\n<p>&nbsp;<\/p>\n<p style=\"text-align: center;\"><a href=\"http:\/\/www.hiisirasti.fi\/wp-content\/uploads\/2014\/08\/Pelastussuunnitelma.pdf\">Pelastussuunnitelma<\/a><\/p>\n<p>&nbsp;<\/p>\n<p style=\"text-align: center;\"><a href=\"http:\/\/www.hiisirasti.fi\/wp-content\/uploads\/2014\/08\/lahtolista.html\">L\u00e4ht\u00f6lista\u00a0(AM-pitk\u00e4)<\/a><\/p>\n<p>&nbsp;<\/p>\n<p style=\"text-align: center;\"><a href=\"http:\/\/www.hiisirasti.fi\/wp-content\/uploads\/2014\/08\/tulokset.html\">Tulokset (AM-pitk\u00e4)<\/a><\/p>\n<p>&nbsp;<\/p>\n<p style=\"text-align: center;\"><a href=\"http:\/\/www.hiisirasti.fi\/wp-content\/uploads\/2014\/08\/valiajat.html\">V\u00e4liajat (AM-pitk\u00e4)<\/a><\/p>\n<p>&nbsp;<\/p>\n<p style=\"text-align: center;\"><a href=\"http:\/\/www.hiisirasti.fi\/kilpailut\/am-pitka2014\/lahtolista-viesti.html\">L\u00e4ht\u00f6lista (AM-viesti)<\/a><\/p>\n<p>&nbsp;<\/p>\n<p style=\"text-align: center;\"><a href=\"http:\/\/www.hiisirasti.fi\/kilpailut\/am-pitka2014\/tulokset-viesti.html\">Tulokset (AM-viesti)<\/a><\/p>\n<p>&nbsp;<\/p>\n<p style=\"text-align: center;\"><a href=\"http:\/\/www.hiisirasti.fi\/kilpailut\/am-pitka2014\/valiajat-viesti.html\">V\u00e4liajat (AM-viesti)<\/a><\/p>\n<p>&nbsp;<\/p>\n<p style=\"text-align: center;\"><a href=\"https:\/\/plus.google.com\/photos\/117996541184277556887\/albums\/6045612223660364369?banner=pwa\">Kisakuvia\u00a0(AM-Pitk\u00e4)<\/a><\/p>\n<p>&nbsp;<\/p>\n<p style=\"text-align: center;\">\n<p style=\"text-align: center;\"><a href=\"https:\/\/plus.google.com\/photos\/117996541184277556887\/albums\/6045969398886981425?banner=pwa\">Kisakuvia (AM-Viesti)<\/a><\/p>\n","protected":false},"excerpt":{"rendered":"<p>&nbsp; Kilpailukutsu &nbsp; Kilpailuohje &nbsp; Valvojan lausunto &nbsp; Ratamestarin lausunto &nbsp; Pelastussuunnitelma &nbsp; L\u00e4ht\u00f6lista\u00a0(AM-pitk\u00e4) &nbsp; Tulokset (AM-pitk\u00e4) &nbsp; V\u00e4liajat (AM-pitk\u00e4) &nbsp; L\u00e4ht\u00f6lista (AM-viesti) &nbsp; Tulokset (AM-viesti) &nbsp; V\u00e4liajat (AM-viesti) &nbsp; Kisakuvia\u00a0(AM-Pitk\u00e4) &nbsp; Kisakuvia (AM-Viesti)<\/p>\n","protected":false},"author":1,"featured_media":0,"parent":0,"menu_order":0,"comment_status":"closed","ping_status":"closed","template":"","meta":{"footnotes":""},"class_list":["post-38","page","type-page","status-publish","hentry"],"_links":{"self":[{"href":"http:\/\/www.hiisirasti.fi\/index.php?rest_route=\/wp\/v2\/pages\/38","targetHints":{"allow":["GET"]}}],"collection":[{"href":"http:\/\/www.hiisirasti.fi\/index.php?rest_route=\/wp\/v2\/pages"}],"about":[{"href":"http:\/\/www.hiisirasti.fi\/index.php?rest_route=\/wp\/v2\/types\/page"}],"author":[{"embeddable":true,"href":"http:\/\/www.hiisirasti.fi\/index.php?rest_route=\/wp\/v2\/users\/1"}],"replies":[{"embeddable":true,"href":"http:\/\/www.hiisirasti.fi\/index.php?rest_route=%2Fwp%2Fv2%2Fcomments&post=38"}],"version-history":[{"count":47,"href":"http:\/\/www.hiisirasti.fi\/index.php?rest_route=\/wp\/v2\/pages\/38\/revisions"}],"predecessor-version":[{"id":227,"href":"http:\/\/www.hiisirasti.fi\/index.php?rest_route=\/wp\/v2\/pages\/38\/revisions\/227"}],"wp:attachment":[{"href":"http:\/\/www.hiisirasti.fi\/index.php?rest_route=%2Fwp%2Fv2%2Fmedia&parent=38"}],"curies":[{"name":"wp","href":"https:\/\/api.w.org\/{rel}","templated":true}]}}