{"id":394,"date":"2014-08-11T21:35:37","date_gmt":"2014-08-11T18:35:37","guid":{"rendered":"http:\/\/www.hiisirasti.fi\/?page_id=394"},"modified":"2014-08-12T20:13:27","modified_gmt":"2014-08-12T17:13:27","slug":"aov-ja-seura-cup-2014-kilpailuohjeet","status":"publish","type":"page","link":"http:\/\/www.hiisirasti.fi\/?page_id=394","title":{"rendered":"AOV ja Seura-Cup 2014 &#8211; Kilpailuohje"},"content":{"rendered":"<p>&nbsp;<\/p>\n<p><strong>S\u00c4\u00c4NN\u00d6T:<\/strong><\/p>\n<p>Kilpailuissa noudatetaan SSL:n suunnistuksen lajis\u00e4\u00e4nt\u00f6j\u00e4 ja n\u00e4it\u00e4 j\u00e4rjest\u00e4j\u00e4n ohjeita.<\/p>\n<p>&nbsp;<\/p>\n<p><strong>TOIMIHENKIL\u00d6T:<\/strong><\/p>\n<p>Kilpailunjohtaja: Kauko Hakala<\/p>\n<p>Kilpailunvalvoja: Simo Valtanen, HinnYr<\/p>\n<p>Ratamestarit: Mika Ruuhiala, Johannes Pohjala<\/p>\n<p>&nbsp;<\/p>\n<p><strong>MAASTO:<\/strong><\/p>\n<p>AOV:n ja seura-cupin maasto muodostuu kolmesta nopeakulkuisesta kangasharjanteesta, joiden v\u00e4liin j\u00e4\u00e4 kulkukelpoisuudeltaan<\/p>\n<p>vaihtelevaa maastoa mm. jylh\u00e4st\u00e4 vanhasta kuusikosta nuoreen m\u00e4ntytaimistoon. Maaston korkeuserot ovat pienet ja maaston<\/p>\n<p>kulkukelpoisuus on p\u00e4\u00e4s\u00e4\u00e4nt\u00f6isesti hyv\u00e4. Laajoja hakkuualoja ei kilpailumaastossa ole, ainoastaan l\u00e4hinn\u00e4 pienehk\u00f6j\u00e4 paikallisia<\/p>\n<p>harvennushakkuita.<\/p>\n<p>&nbsp;<\/p>\n<p><strong>KILPAILUKARTTA:<\/strong><\/p>\n<p>Tulostekartta 07\/2014, mittakaava 1:10 000 \/ 2.5m. Kartat ovat muovitaskuissa.<\/p>\n<p>&nbsp;<\/p>\n<p><strong>OPASPAALU:<\/strong><\/p>\n<p>Opaspaalu on kilpailukeskuksessa.<\/p>\n<p>&nbsp;<\/p>\n<p><strong>LEIMAUS:<\/strong><\/p>\n<p>Kaikissa sarjoissa k\u00e4ytet\u00e4\u00e4n Emit-leimausta. Kortin toimivuuden voit tarkastaa opaspaalun luona mallirastissa olevalla leimasimella.<\/p>\n<p>&nbsp;<\/p>\n<p><strong>VUOKRAKORTIT:<\/strong><\/p>\n<p>Vuokrakortit noudetaan ja maksetaan infoon. Kortin vuokra on 4 \u20ac. Palauttamattomasta kortista perit\u00e4\u00e4n 60 \u20ac.<\/p>\n<p>&nbsp;<\/p>\n<p><strong>TARKASTUSKORTTI:<\/strong><\/p>\n<p>Emit-tarkastuskortin saa kisakeskuksesta numeroiden yhteydess\u00e4.<\/p>\n<p>&nbsp;<\/p>\n<p><strong>RASTIM\u00c4\u00c4RITTEET:<\/strong><\/p>\n<p>Rastim\u00e4\u00e4ritteet ovat kartoissa.<\/p>\n<p>&nbsp;<\/p>\n<p><strong>KILPAILUNUMEROT:<\/strong><\/p>\n<p>Kilpailunumerot ovat saatavilla kisakeskuksesta.\u00a0Seura-cupissa joukkueen numerosarja alkaa A sarjalaisesta (esim. 840), B-sarjan osallistujan numero on yht\u00e4 suurempi (esim. 841) ja\u00a0niin edelleen.\u00a0Seura-cup joukkueet k\u00e4ytt\u00e4v\u00e4t UPM:N logolla varustettuja numeroita ja AOV joukkueet Biolanin logolla varustettuja numeroita.\u00a0Numerot on luovutettava pois maalissa. Kadonneista numeroista perit\u00e4\u00e4n 10 \u20ac korvaus.<\/p>\n<p>&nbsp;<\/p>\n<p><strong>L\u00c4HT\u00d6:<\/strong><\/p>\n<p>AOV:n l\u00e4ht\u00f6 tapahtuu klo 18.00 kilpailukeskuksesta. Seura-cupin yhteisl\u00e4ht\u00f6 on klo 19.00 ja matkaa l\u00e4ht\u00f6\u00f6n 1,6 km, jonne opastus opaspaalulta.<\/p>\n<p>&nbsp;<\/p>\n<p><strong>KIELLETYT ALUEET:<\/strong><\/p>\n<p>Pihamaat, viljellyt pellot ja karttaan kielletyll\u00e4 alueella merkitty alue ovat ehdottomasti kielletty\u00e4 aluetta.<\/p>\n<p>&nbsp;<\/p>\n<p><strong>MAALI:<\/strong><\/p>\n<p>Kaikilla sarjoilla on sama maali. Jokaisen kilpailijan on leimattava maalissa sijaitsevassa leimauspisteess\u00e4. Maalikarsinasta poistutaan<\/p>\n<p>Emit-tarkastuspisteen kautta. Tulospalvelun varmistuksen takia kilpailijat tallentavat v\u00e4liaikatiedot maalin j\u00e4lkeen MTR-laitteelle.<\/p>\n<p>&nbsp;<\/p>\n<p><strong>SEURA-CUPIN PAREMMUUSJ\u00c4RJESTYS<\/strong><\/p>\n<p>Kutsussa olleesta tiedosta poiketen lopputulos syntyy joukkueen kokonaisajan perusteella.<\/p>\n<p>&nbsp;<\/p>\n<p><strong>KESKEYTT\u00c4NEET:<\/strong><\/p>\n<p>Keskeytt\u00e4neiden on ehdottomasti ilmoittauduttava maalissa.<\/p>\n<p>&nbsp;<\/p>\n<p><strong>SARJAT JA RATAPITUUDET:<\/strong><\/p>\n<p><strong>Seura-cup:<\/strong><\/p>\n<p>A-rata 6,0-6,2 km<\/p>\n<p>B-rata 4,9-5,2 km<\/p>\n<p>C-rata 3,7-4,0 km<\/p>\n<p>D-rata 2,4-2,6 km<\/p>\n<p>&nbsp;<\/p>\n<p><strong>AOV:<\/strong><\/p>\n<p>H\/D 30RR 2,3 km<\/p>\n<p>H\/D 36 TR 1,9 km<\/p>\n<p>&nbsp;<\/p>\n<p><strong>JOUKKUEIDEN J\u00c4SENET JA JUOKSUJ\u00c4RJESTYKSET:<\/strong><\/p>\n<p>On toivottavaa, ett\u00e4 kaikki ovat ilmoittaneet joukkueiden j\u00e4senet ja juoksuj\u00e4rjestykset kutsun mukaisesti. Kilpailupaikalla<\/p>\n<p>teht\u00e4vi\u00e4 muutoksia on v\u00e4ltett\u00e4v\u00e4, poikkeuksena sairaudesta johtuva poisj\u00e4\u00e4nti jne.<\/p>\n<p>&nbsp;<\/p>\n<p><strong>KESKEYTT\u00c4NEET:<\/strong><\/p>\n<p>Keskeytt\u00e4neiden on ehdottomasti ilmoittauduttava maalissa.<\/p>\n<p>&nbsp;<\/p>\n<p><strong>TULOKSET:<\/strong><\/p>\n<p>Tulokset julkaistaan tulostaululla kilpailukeskuksessa sek\u00e4 netiss\u00e4 kisasivuilla.<\/p>\n<p>&nbsp;<\/p>\n<p><strong>PALKINNOT:.<\/strong><\/p>\n<p>Kaikissa sarjoissa palkitaan kolme parasta joukkuetta AM-mitalilla.<\/p>\n<p>&nbsp;<\/p>\n<p><strong>WC, PESU JA PUKEUTUMINEN:<\/strong><\/p>\n<p>WC:t ja pesu sijaitsevat kilpailukeskuksessa maasto-oloissa.<\/p>\n<p>&nbsp;<\/p>\n<p><strong>RAVINTOLA:<\/strong><\/p>\n<p>Kilpailukeskuksessa on ravintola ja makkaran myyntipiste.<\/p>\n<p>&nbsp;<\/p>\n<p><strong>Ohjeita lastenradoille<\/strong><\/p>\n<p>&nbsp;<\/p>\n<p><strong>Rastit<\/strong><\/p>\n<p>RR-sarjoilla RR-tunnukset on merkitty leimasintelineeseen ja rastilippuun. Muilla sarjoilla on k\u00e4yt\u00f6ss\u00e4 normaalit rastitunnukset.<\/p>\n<p>Maastossa rasteja on l\u00e4hekk\u00e4in, joten tarkista koodi huolellisesti. Leimausta voit harjoitella opaspaalun luona olevalla mallirastilla.<\/p>\n<p>&nbsp;<\/p>\n<p><strong>Viitoitus<\/strong><\/p>\n<p>Rastireitti on merkitty maastoon valkoisella muovinauhalla, joka erottuu maastossa hyvin.<\/p>\n<p>&nbsp;<\/p>\n<p><strong>Maali<\/strong><\/p>\n<p>Maalissa on maalileimaus, muista leimata my\u00f6s siell\u00e4.<\/p>\n<p>&nbsp;<\/p>\n<p><strong>Iloisia suunnistushetki\u00e4<\/strong><\/p>\n<p>Hiisirasti ja K\u00f6yli\u00f6n Lallit<\/p>\n","protected":false},"excerpt":{"rendered":"<p>&nbsp; S\u00c4\u00c4NN\u00d6T: Kilpailuissa noudatetaan SSL:n suunnistuksen lajis\u00e4\u00e4nt\u00f6j\u00e4 ja n\u00e4it\u00e4 j\u00e4rjest\u00e4j\u00e4n ohjeita. &nbsp; TOIMIHENKIL\u00d6T: Kilpailunjohtaja: Kauko Hakala Kilpailunvalvoja: Simo Valtanen, HinnYr Ratamestarit: Mika Ruuhiala, Johannes Pohjala &nbsp; MAASTO: AOV:n ja seura-cupin maasto muodostuu kolmesta nopeakulkuisesta kangasharjanteesta, joiden v\u00e4liin j\u00e4\u00e4 kulkukelpoisuudeltaan vaihtelevaa maastoa mm. jylh\u00e4st\u00e4 vanhasta kuusikosta nuoreen m\u00e4ntytaimistoon. Maaston korkeuserot ovat pienet ja maaston kulkukelpoisuus on [&hellip;]<\/p>\n","protected":false},"author":1,"featured_media":0,"parent":0,"menu_order":0,"comment_status":"closed","ping_status":"closed","template":"","meta":{"footnotes":""},"class_list":["post-394","page","type-page","status-publish","hentry"],"_links":{"self":[{"href":"http:\/\/www.hiisirasti.fi\/index.php?rest_route=\/wp\/v2\/pages\/394","targetHints":{"allow":["GET"]}}],"collection":[{"href":"http:\/\/www.hiisirasti.fi\/index.php?rest_route=\/wp\/v2\/pages"}],"about":[{"href":"http:\/\/www.hiisirasti.fi\/index.php?rest_route=\/wp\/v2\/types\/page"}],"author":[{"embeddable":true,"href":"http:\/\/www.hiisirasti.fi\/index.php?rest_route=\/wp\/v2\/users\/1"}],"replies":[{"embeddable":true,"href":"http:\/\/www.hiisirasti.fi\/index.php?rest_route=%2Fwp%2Fv2%2Fcomments&post=394"}],"version-history":[{"count":9,"href":"http:\/\/www.hiisirasti.fi\/index.php?rest_route=\/wp\/v2\/pages\/394\/revisions"}],"predecessor-version":[{"id":408,"href":"http:\/\/www.hiisirasti.fi\/index.php?rest_route=\/wp\/v2\/pages\/394\/revisions\/408"}],"wp:attachment":[{"href":"http:\/\/www.hiisirasti.fi\/index.php?rest_route=%2Fwp%2Fv2%2Fmedia&parent=394"}],"curies":[{"name":"wp","href":"https:\/\/api.w.org\/{rel}","templated":true}]}}