{"id":42,"date":"2014-07-08T14:04:56","date_gmt":"2014-07-08T11:04:56","guid":{"rendered":"http:\/\/www.hiisirasti.fi\/?page_id=42"},"modified":"2014-07-17T19:27:27","modified_gmt":"2014-07-17T16:27:27","slug":"kilpailukutsu","status":"publish","type":"page","link":"http:\/\/www.hiisirasti.fi\/?page_id=42","title":{"rendered":"AM-pitk\u00e4 ja viesti 2014 &#8211; Kilpailukutsu"},"content":{"rendered":"<p style=\"color: #000000;\"><strong>Satakunnan AM-pitk\u00e4 9.8.2014 ja AM-viesti 10.8.2014<\/strong><\/p>\n<p>&nbsp;<\/p>\n<p style=\"color: #000000;\">Euran ja K\u00f6yli\u00f6n rajamaastoissa<\/p>\n<p style=\"color: #000000;\">Kilpailukeskus: Favorit Tuote Oy:n piha-alue<\/p>\n<p>&nbsp;<\/p>\n<p style=\"color: #000000;\"><strong>AM-pitk\u00e4<\/strong><\/p>\n<p>&nbsp;<\/p>\n<p style=\"color: #000000;\"><strong>Sarjat:<\/strong><\/p>\n<p>&nbsp;<\/p>\n<p style=\"color: #000000;\">H21, H35, H40, H45, H50, H55, H60, H65, H70, H75, H80, H85, H20,H18, H16, H14, H12, H10RR, H8RR<\/p>\n<p style=\"color: #000000;\">D21, D35, D40, D45, D50, D55, D60, D65, D70, D75, D80, D20, D18, D16, D14, D12, D10RR, D8RR<\/p>\n<p>&nbsp;<\/p>\n<p style=\"color: #000000;\"><strong>Maksut:<\/strong><\/p>\n<p>&nbsp;<\/p>\n<p style=\"color: #000000;\">H\/D14ja nuoremmat 8\u20ac<\/p>\n<p style=\"color: #000000;\">H\/D 16 &#8211; 20 10\u20ac<\/p>\n<p style=\"color: #000000;\">Muut 13\u20ac<\/p>\n<p>&nbsp;<\/p>\n<p style=\"color: #000000;\"><strong>Kuntosuunnistus:<\/strong><\/p>\n<p>&nbsp;<\/p>\n<p style=\"color: #000000;\">Radat 5 ja 9 km. Maksu 7\u20ac. Kuntosarjoihin ilmoittaudutaan kisapaikan infossa viimeist\u00e4\u00e4n klo 12.00 menness\u00e4. Ilmoittautumisen yhteydess\u00e4 kuntosarjalaiselle annetaan l\u00e4ht\u00f6aika.<\/p>\n<p>&nbsp;<\/p>\n<p style=\"color: #000000;\"><strong>AM-viesti<\/strong><\/p>\n<p>&nbsp;<\/p>\n<p style=\"color: #000000;\"><strong>Sarjat:\u00a0<\/strong><\/p>\n<p>&nbsp;<\/p>\n<p style=\"color: #000000;\">H21, H20, H18, H16, H14, H12TR, H10RR, H110, H130, H150, H170, H190, H210, H230<\/p>\n<p style=\"color: #000000;\">D21, D17-20, D16, D14, D12TR, D10RR, D110, D130, D150, D170, D190, D210<\/p>\n<p>&nbsp;<\/p>\n<p style=\"color: #000000;\"><strong>Maksut:<\/strong><\/p>\n<p>&nbsp;<\/p>\n<p style=\"color: #000000;\">H\/D14ja nuoremmat 24\u20ac<\/p>\n<p style=\"color: #000000;\">H\/D 16 &#8211; 20 30 \u20ac<\/p>\n<p style=\"color: #000000;\">Muut 39\u20ac<\/p>\n<p>&nbsp;<\/p>\n<p style=\"color: #000000;\">Maksut maksettava IRMA-j\u00e4rjestelm\u00e4n kautta tai s\u00e4hk\u00f6postilla ilmoittautumisen yhteydess\u00e4 Hiisirastin tilille FI8744560010078203<\/p>\n<p>&nbsp;<\/p>\n<p style=\"color: #000000;\"><strong>Ilmoittautumiset AM-pitk\u00e4lle, Am-viestiin<\/strong><\/p>\n<p>&nbsp;<\/p>\n<p style=\"color: #000000;\">IRMA-j\u00e4rjestelm\u00e4n kautta su 3.8.klo 24 menness\u00e4 tai s\u00e4hk\u00f6postilla osoitteeseen <a style=\"font-style: italic; color: #000000;\" href=\"mailto:sari.koskinen@outlook.com\">sari.koskinen@outlook.com<\/a><\/p>\n<p>&nbsp;<\/p>\n<p style=\"color: #000000;\"><strong>J\u00e4lki-ilmoittautumiset:<\/strong><\/p>\n<p>&nbsp;<\/p>\n<p style=\"color: #000000;\">IRMA-j\u00e4rjestelm\u00e4n kautta kaksinkertaisin maksuin viimeist\u00e4\u00e4n ti 5.8. klo 24.00 menness\u00e4 tai s\u00e4hk\u00f6postilla osoitteeseen\u00a0<a style=\"font-style: italic; color: #000000;\" href=\"mailto:sari.koskinen@outlook.com\">sari.koskinen@outlook.com<\/a><\/p>\n<p>&nbsp;<\/p>\n<p style=\"color: #000000;\"><strong>Leimausj\u00e4rjestelm\u00e4:<\/strong><\/p>\n<p>&nbsp;<\/p>\n<p style=\"color: #000000;\">Emit kortin vuokra3 \u20ac<\/p>\n<p>&nbsp;<\/p>\n<p style=\"color: #000000;\"><strong>Kilpailukeskus<\/strong><\/p>\n<p>&nbsp;<\/p>\n<p style=\"color: #000000;\">Favorit Tuote Oy:n piha-alue. Pukeutuminen ja pesu kentt\u00e4olosuhteissa.<\/p>\n<p>&nbsp;<\/p>\n<p style=\"color: #000000;\"><strong>Opastus:<\/strong><\/p>\n<p>&nbsp;<\/p>\n<p style=\"color: #000000;\">Tielt\u00e4 12, Biolan Oy:n kohdalta. Lauttakyl\u00e4ntie 570, Eura<\/p>\n<p>&nbsp;<\/p>\n<p style=\"color: #000000;\"><strong>Ensimm\u00e4iset l\u00e4hd\u00f6t\u00a0molempina p\u00e4ivin\u00e4 klo 11.00<\/strong><\/p>\n<p>&nbsp;<\/p>\n<p style=\"color: #000000;\">L\u00e4ht\u00f6ihin matkaa 0,3-0,8km.<\/p>\n<p>&nbsp;<\/p>\n<p style=\"color: #000000;\"><strong>Kartta:<\/strong><\/p>\n<p>&nbsp;<\/p>\n<p style=\"color: #000000;\">Tulostekartta 1:10 000, 6\/2014<\/p>\n<p>&nbsp;<\/p>\n<p style=\"color: #000000;\"><strong>Toimihenkil\u00f6t:<\/strong><\/p>\n<p>&nbsp;<\/p>\n<p style=\"color: #000000;\">Kilpailunjohtaja Kauko Hakala<\/p>\n<p style=\"color: #000000;\">Ratamestarit Mika Ruuhiala ja Johannes Pohjala<\/p>\n<p style=\"color: #000000;\">Valvoja Simo Valtanen HinnYr<\/p>\n<p>&nbsp;<\/p>\n<p style=\"color: #000000;\"><strong>Tiedottaja:<\/strong><\/p>\n<p>&nbsp;<\/p>\n<p style=\"color: #000000;\">Kauko Hakala 0400 834085,\u00a0<a style=\"font-style: italic; color: #000000;\" href=\"mailto:kauko.hakala@pp2.inet.fi\">kauko.hakala@pp2.inet.fi<\/a><\/p>\n<p>&nbsp;<\/p>\n<p style=\"color: #000000;\"><strong>L\u00e4ht\u00f6aikatiedustelut:<\/strong><\/p>\n<p>&nbsp;<\/p>\n<p style=\"color: #000000;\"><a style=\"font-style: italic; color: #000000;\" href=\"http:\/\/www.hiisirasti.fi\/\">http:\/\/www.hiisirasti.fi\/<\/a>\u00a0tai Kauko Hakala 0400 834085<\/p>\n<p>&nbsp;<\/p>\n<p style=\"color: #000000;\"><strong>Tervetuloa!\u00a0<\/strong><\/p>\n<p>&nbsp;<\/p>\n<p style=\"color: #000000;\">Hiisirasti ja K\u00f6yli\u00f6n Lallit<\/p>\n","protected":false},"excerpt":{"rendered":"<p>Satakunnan AM-pitk\u00e4 9.8.2014 ja AM-viesti 10.8.2014 &nbsp; Euran ja K\u00f6yli\u00f6n rajamaastoissa Kilpailukeskus: Favorit Tuote Oy:n piha-alue &nbsp; AM-pitk\u00e4 &nbsp; Sarjat: &nbsp; H21, H35, H40, H45, H50, H55, H60, H65, H70, H75, H80, H85, H20,H18, H16, H14, H12, H10RR, H8RR D21, D35, D40, D45, D50, D55, D60, D65, D70, D75, D80, D20, D18, D16, D14, D12, [&hellip;]<\/p>\n","protected":false},"author":1,"featured_media":0,"parent":0,"menu_order":0,"comment_status":"closed","ping_status":"closed","template":"","meta":{"footnotes":""},"class_list":["post-42","page","type-page","status-publish","hentry"],"_links":{"self":[{"href":"http:\/\/www.hiisirasti.fi\/index.php?rest_route=\/wp\/v2\/pages\/42","targetHints":{"allow":["GET"]}}],"collection":[{"href":"http:\/\/www.hiisirasti.fi\/index.php?rest_route=\/wp\/v2\/pages"}],"about":[{"href":"http:\/\/www.hiisirasti.fi\/index.php?rest_route=\/wp\/v2\/types\/page"}],"author":[{"embeddable":true,"href":"http:\/\/www.hiisirasti.fi\/index.php?rest_route=\/wp\/v2\/users\/1"}],"replies":[{"embeddable":true,"href":"http:\/\/www.hiisirasti.fi\/index.php?rest_route=%2Fwp%2Fv2%2Fcomments&post=42"}],"version-history":[{"count":10,"href":"http:\/\/www.hiisirasti.fi\/index.php?rest_route=\/wp\/v2\/pages\/42\/revisions"}],"predecessor-version":[{"id":251,"href":"http:\/\/www.hiisirasti.fi\/index.php?rest_route=\/wp\/v2\/pages\/42\/revisions\/251"}],"wp:attachment":[{"href":"http:\/\/www.hiisirasti.fi\/index.php?rest_route=%2Fwp%2Fv2%2Fmedia&parent=42"}],"curies":[{"name":"wp","href":"https:\/\/api.w.org\/{rel}","templated":true}]}}