{"id":63,"date":"2014-07-09T18:06:00","date_gmt":"2014-07-09T15:06:00","guid":{"rendered":"http:\/\/www.hiisirasti.fi\/?page_id=63"},"modified":"2021-05-04T17:29:16","modified_gmt":"2021-05-04T14:29:16","slug":"kilpailuarkisto","status":"publish","type":"page","link":"http:\/\/www.hiisirasti.fi\/?page_id=63","title":{"rendered":"Kilpailuarkisto"},"content":{"rendered":"<h2 style=\"text-align: left;\">\u00a0 \u00a0\u00a0\u00a0Hiisirastit<\/h2>\n<ul>\n<li style=\"text-align: left;\"><a href=\"http:\/\/eurajoenveikot.sporttisaitti.com\/suunnistus\/muut-kilpailut\/hiisirastit-30-31-8-2014\/\">Hiisirastit 2014<\/a><\/li>\n<li style=\"text-align: left;\"><a href=\"http:\/\/www.vallansuunta.net\/Hiisirastit\/etusivu.php\" target=\"_blank\" rel=\"noopener noreferrer\">Hiisirastit 2011<\/a><\/li>\n<li style=\"text-align: left;\"><a href=\"http:\/\/www.eurajoenveikot.fi\/suunnistus\/kisat\/hiisirastit2010\/kutsu.php\" target=\"_blank\" rel=\"noopener noreferrer\">Hiisirastit 2010<\/a><\/li>\n<li style=\"text-align: left;\"><a href=\"http:\/\/www.nic.fi\/~kkv\/hiisirastit2009.htm\" target=\"_blank\" rel=\"noopener noreferrer\">Hiisirastit 2009<\/a><\/li>\n<li style=\"text-align: left;\"><a href=\"http:\/\/www.hiisirasti.fi\/tapahtumat\/hiisirastit2008\/\" target=\"_blank\" rel=\"noopener noreferrer\">Hiisirastit 2008<\/a><\/li>\n<li style=\"text-align: left;\"><a href=\"http:\/\/www.hiisirasti.fi\/tapahtumat\/hiisirastit2007\/index.php?prevnext=8\" target=\"_blank\" rel=\"noopener noreferrer\">Hiisirastit 2007<\/a><\/li>\n<li style=\"text-align: left;\"><a href=\"http:\/\/www.eurajoenveikot.fi\/suunnistus\/hiisirastit2004\/index.html\" target=\"_blank\" rel=\"noopener noreferrer\">Hiisirastit 2004<\/a><\/li>\n<li style=\"text-align: left;\"><a href=\"http:\/\/www.ylaneenkiri.com\/suunnistus\/arkisto\/2003\/hiisi06092003.htm\" target=\"_blank\" rel=\"noopener noreferrer\">Hiisirastit 2003<\/a><\/li>\n<li style=\"text-align: left;\"><a href=\"http:\/\/www.hiisirasti.fi\/muut\/arkisto\/Hiisirastit%202001\/index.html\">Hiisirastit 2001<\/a><\/li>\n<li style=\"text-align: left;\"><a href=\"http:\/\/www.hiisirasti.fi\/muut\/arkisto\/Hiisirastit\/paasivu.html\" target=\"_blank\" rel=\"noopener noreferrer\">Hiisirastit 2000<\/a><\/li>\n<\/ul>\n<h2 style=\"text-align: left;\">\u00a0 \u00a0 \u00a0Muut<\/h2>\n<ul>\n<li><a href=\"https:\/\/www.lallit.fi\/suunnistus-uutiset\/suunnistuksen-am-pitka-ja-viesti-22-23-8-2020\/\">AM-pitk\u00e4 ja viesti 2020<\/a><\/li>\n<li><a href=\"http:\/\/www.hiisirasti.fi\/?page_id=1549\">AM-viesti 2018<\/a><\/li>\n<li><a href=\"http:\/\/www.hiisirasti.fi\/?page_id=1129\">AM-pitk\u00e4 ja viesti 2017<\/a><\/li>\n<li><a href=\"http:\/\/www.hiisirasti.fi\/?page_id=719\">AM-pitk\u00e4 2015<\/a><\/li>\n<li style=\"text-align: left;\"><a href=\"http:\/\/www.hiisirasti.fi\/?page_id=201\">AOV ja Seura-Cup 2014<\/a><\/li>\n<li style=\"text-align: left;\"><a href=\"http:\/\/www.hiisirasti.fi\/?page_id=38\">AM-pitk\u00e4 ja viesti 2014<\/a><\/li>\n<li style=\"text-align: left;\"><a href=\"http:\/\/www.hiisirasti.fi\/?page_id=175\">AM-y\u00f6 2013<\/a><\/li>\n<li style=\"text-align: left;\"><a href=\"http:\/\/www.hiisirasti.fi\/tapahtumat\/amkeski2010\/amkeski2010.html\">AM-keskimatka 2010<\/a><\/li>\n<li style=\"text-align: left;\"><a href=\"http:\/\/www.hiisirasti.fi\/tapahtumat\/smviesti2009r2\/index.php\">SM-Viesti R2 2009<\/a><\/li>\n<li style=\"text-align: left;\"><a href=\"http:\/\/www.nic.fi\/~kkv\/tarkkuus_main2009.htm\" target=\"_blank\" rel=\"noopener noreferrer\">SM-tarkkuussuunnistus 2009<\/a><\/li>\n<li style=\"text-align: left;\"><a href=\"http:\/\/www.hiisirasti.fi\/fin5\/\" target=\"_blank\" rel=\"noopener noreferrer\">FIN5 2005<\/a><\/li>\n<li style=\"text-align: left;\"><a href=\"http:\/\/www.hiisirasti.fi\/muut\/arkisto\/yocup2001\/index.html\" target=\"_blank\" rel=\"noopener noreferrer\">OMG-y\u00f6cup 2001<\/a><\/li>\n<li style=\"text-align: left;\"><a href=\"http:\/\/www.jukola.com\/jukolan-historia\/jukolan-viestit-1990-99\/hiisi-jukola-1999\/\" target=\"_blank\" rel=\"noopener noreferrer\">Hiisi-Jukola 1999<\/a><\/li>\n<\/ul>\n","protected":false},"excerpt":{"rendered":"<p>\u00a0 \u00a0\u00a0\u00a0Hiisirastit Hiisirastit 2014 Hiisirastit 2011 Hiisirastit 2010 Hiisirastit 2009 Hiisirastit 2008 Hiisirastit 2007 Hiisirastit 2004 Hiisirastit 2003 Hiisirastit 2001 Hiisirastit 2000 \u00a0 \u00a0 \u00a0Muut AM-pitk\u00e4 ja viesti 2020 AM-viesti 2018 AM-pitk\u00e4 ja viesti 2017 AM-pitk\u00e4 2015 AOV ja Seura-Cup 2014 AM-pitk\u00e4 ja viesti 2014 AM-y\u00f6 2013 AM-keskimatka 2010 SM-Viesti R2 2009 SM-tarkkuussuunnistus 2009 FIN5 [&hellip;]<\/p>\n","protected":false},"author":1,"featured_media":0,"parent":0,"menu_order":0,"comment_status":"closed","ping_status":"closed","template":"","meta":{"footnotes":""},"class_list":["post-63","page","type-page","status-publish","hentry"],"_links":{"self":[{"href":"http:\/\/www.hiisirasti.fi\/index.php?rest_route=\/wp\/v2\/pages\/63","targetHints":{"allow":["GET"]}}],"collection":[{"href":"http:\/\/www.hiisirasti.fi\/index.php?rest_route=\/wp\/v2\/pages"}],"about":[{"href":"http:\/\/www.hiisirasti.fi\/index.php?rest_route=\/wp\/v2\/types\/page"}],"author":[{"embeddable":true,"href":"http:\/\/www.hiisirasti.fi\/index.php?rest_route=\/wp\/v2\/users\/1"}],"replies":[{"embeddable":true,"href":"http:\/\/www.hiisirasti.fi\/index.php?rest_route=%2Fwp%2Fv2%2Fcomments&post=63"}],"version-history":[{"count":7,"href":"http:\/\/www.hiisirasti.fi\/index.php?rest_route=\/wp\/v2\/pages\/63\/revisions"}],"predecessor-version":[{"id":2058,"href":"http:\/\/www.hiisirasti.fi\/index.php?rest_route=\/wp\/v2\/pages\/63\/revisions\/2058"}],"wp:attachment":[{"href":"http:\/\/www.hiisirasti.fi\/index.php?rest_route=%2Fwp%2Fv2%2Fmedia&parent=63"}],"curies":[{"name":"wp","href":"https:\/\/api.w.org\/{rel}","templated":true}]}}