{"id":719,"date":"2015-08-09T17:47:21","date_gmt":"2015-08-09T14:47:21","guid":{"rendered":"http:\/\/www.hiisirasti.fi\/?page_id=719"},"modified":"2015-08-15T22:47:48","modified_gmt":"2015-08-15T19:47:48","slug":"am-pitka-2015","status":"publish","type":"page","link":"http:\/\/www.hiisirasti.fi\/?page_id=719","title":{"rendered":"AM-pitk\u00e4 2015"},"content":{"rendered":"<p>Satakunnan ja Varsinais-Suomen am-pitk\u00e4matka 2015 suunnistetaan Kiukaisissa lauantaina 15.8.<\/p>\n<p>&nbsp;<\/p>\n<p><strong>HUOM!<\/strong> L\u00e4ht\u00f6listoihin on tullut muutoksia! Koska Varsinais-Suomen aluemestaruuskisoissa ei ole k\u00e4yt\u00f6ss\u00e4 13-vuotiaiden sarjoja, on varsinais-suomalaiset 13-vuotiaat siirretty 14-vuotiaiden sarjoihin. T\u00e4st\u00e4 syyst\u00e4 l\u00e4ht\u00f6ajat sarjojen H\/D13 ja H\/D14 osalta on arvottu uudelleen. Lis\u00e4ksi sarjojen H80 ja D70 l\u00e4ht\u00f6aikoja on siirretty minuutilla eteenp\u00e4in.<\/p>\n<p>&nbsp;<\/p>\n<ul>\n<li><a href=\"http:\/\/www.hiisirasti.fi\/kilpailut\/am-pitka2015\/Kilpailukutsu Satakunnan ja Varsinais-Suomen Am-pitk\u00e4 2015.pdf\">Kilpailukutsu (p\u00e4ivitetty 12.8.)<\/a><\/li>\n<li><a href=\"http:\/\/www.hiisirasti.fi\/kilpailut\/am-pitka2015\/pelastussuunnitelma_am_pitka2015.pdf\">Pelastussuunnitelma<\/a><\/li>\n<li><a href=\"http:\/\/www.hiisirasti.fi\/kilpailut\/am-pitka2015\/lahtoajat_sarjoittain.htm\">L\u00e4ht\u00f6ajat sarjoittain<\/a> (p\u00e4ivitetty 13.8.)<\/li>\n<li><a href=\"http:\/\/www.hiisirasti.fi\/kilpailut\/am-pitka2015\/lahtoajat_seuroittain.htm\">L\u00e4ht\u00f6ajat seuroittain<\/a> (p\u00e4ivitetty 13.8.)<\/li>\n<li><a href=\"http:\/\/www.hiisirasti.fi\/kilpailut\/am-pitka2015\/Am_pitka_15_08_15_Kiukainen_kilpailuohjeet.pdf\">Alustavat kilpailuohjeet<\/a><\/li>\n<li><a href=\"http:\/\/www.hiisirasti.fi\/kilpailut\/am-pitka2015\/tulokset.htm\">TULOKSET<\/a><\/li>\n<li><a href=\"http:\/\/www.hiisirasti.fi\/kilpailut\/am-pitka2015\/valiajat.htm\">V\u00c4LIAJAT<\/a><\/li>\n<li><a href=\"http:\/\/www.hiisirasti.fi\/kilpailut\/am-pitka2015\/t150815.html\">Kuntosuunnistuksen tulokset<\/a><\/li>\n<li><a href=\"http:\/\/www.hiisirasti.fi\/kilpailut\/am-pitka2015\/v150815.html\">Kuntosuunnistuksen v\u00e4liajat<\/a><\/li>\n<\/ul>\n<p>&nbsp;<\/p>\n<h3>Karttapaloja<\/h3>\n<p><img loading=\"lazy\" decoding=\"async\" class=\"alignleft\" src=\"http:\/\/www.hiisirasti.fi\/kilpailut\/am-pitka2015\/Karttapala_3_pieni.png\" alt=\"Karttapala 3\" width=\"160\" height=\"157\" \/><\/p>\n<p><img loading=\"lazy\" decoding=\"async\" class=\"alignleft\" src=\"http:\/\/www.hiisirasti.fi\/kilpailut\/am-pitka2015\/Karttapala_2_pieni.png\" alt=\"Karttapala 2\" width=\"160\" height=\"157\" \/><\/p>\n<p><img loading=\"lazy\" decoding=\"async\" class=\"alignleft\" src=\"http:\/\/www.hiisirasti.fi\/kilpailut\/am-pitka2015\/Karttapala_1_pieni.png\" alt=\"Karttapala 1\" width=\"160\" height=\"157\" \/><\/p>\n","protected":false},"excerpt":{"rendered":"<p>Satakunnan ja Varsinais-Suomen am-pitk\u00e4matka 2015 suunnistetaan Kiukaisissa lauantaina 15.8. &nbsp; HUOM! L\u00e4ht\u00f6listoihin on tullut muutoksia! Koska Varsinais-Suomen aluemestaruuskisoissa ei ole k\u00e4yt\u00f6ss\u00e4 13-vuotiaiden sarjoja, on varsinais-suomalaiset 13-vuotiaat siirretty 14-vuotiaiden sarjoihin. T\u00e4st\u00e4 syyst\u00e4 l\u00e4ht\u00f6ajat sarjojen H\/D13 ja H\/D14 osalta on arvottu uudelleen. Lis\u00e4ksi sarjojen H80 ja D70 l\u00e4ht\u00f6aikoja on siirretty minuutilla eteenp\u00e4in. &nbsp; Kilpailukutsu (p\u00e4ivitetty 12.8.) Pelastussuunnitelma [&hellip;]<\/p>\n","protected":false},"author":1,"featured_media":0,"parent":0,"menu_order":0,"comment_status":"closed","ping_status":"closed","template":"","meta":{"footnotes":""},"class_list":["post-719","page","type-page","status-publish","hentry"],"_links":{"self":[{"href":"http:\/\/www.hiisirasti.fi\/index.php?rest_route=\/wp\/v2\/pages\/719","targetHints":{"allow":["GET"]}}],"collection":[{"href":"http:\/\/www.hiisirasti.fi\/index.php?rest_route=\/wp\/v2\/pages"}],"about":[{"href":"http:\/\/www.hiisirasti.fi\/index.php?rest_route=\/wp\/v2\/types\/page"}],"author":[{"embeddable":true,"href":"http:\/\/www.hiisirasti.fi\/index.php?rest_route=\/wp\/v2\/users\/1"}],"replies":[{"embeddable":true,"href":"http:\/\/www.hiisirasti.fi\/index.php?rest_route=%2Fwp%2Fv2%2Fcomments&post=719"}],"version-history":[{"count":11,"href":"http:\/\/www.hiisirasti.fi\/index.php?rest_route=\/wp\/v2\/pages\/719\/revisions"}],"predecessor-version":[{"id":745,"href":"http:\/\/www.hiisirasti.fi\/index.php?rest_route=\/wp\/v2\/pages\/719\/revisions\/745"}],"wp:attachment":[{"href":"http:\/\/www.hiisirasti.fi\/index.php?rest_route=%2Fwp%2Fv2%2Fmedia&parent=719"}],"curies":[{"name":"wp","href":"https:\/\/api.w.org\/{rel}","templated":true}]}}