{"id":2401,"date":"2024-08-19T13:18:12","date_gmt":"2024-08-19T10:18:12","guid":{"rendered":"https:\/\/www.hiisirasti.fi\/?page_id=2401"},"modified":"2024-08-19T17:33:32","modified_gmt":"2024-08-19T14:33:32","slug":"kilpailukutsu-oravacup-6-2024","status":"publish","type":"page","link":"https:\/\/www.hiisirasti.fi\/?page_id=2401","title":{"rendered":"Kilpailukutsu Oravacup 6\/2024"},"content":{"rendered":"\n<header class=\"entry-header ast-no-thumbnail\">\n<h3 class=\"entry-title\"><span style=\"color: revert; font-size: revert; font-weight: revert;\">Keskiviikko 28.8.2024<\/span><\/h3>\n<\/header>\n<div class=\"entry-content clear\">\n<h3 class=\"wp-block-heading\">klo 18-19.30 Oravacup 6\/2024<\/h3>\n<p>Satakunnan Oravacup Panelian Pururadalla.<\/p>\n<p><strong>Kilpailukeskus<\/strong>: Paneliankosken Voiman parkkialue (M\u00e4kil\u00e4ntie 7, Panelia)<br \/><strong>Kilpailumaasto<\/strong>: Panelian pururadan alue, alueella kulkee pururadan polkuja sek\u00e4 frisbeegolfuria. Korkeuserot ovat maltilliset ja kulkukelpoisuus hyv\u00e4, joillain alueilla hieman pidempi aluskasvillisuus (varvut, suopursut, heinikot) voi haitata vauhtia.<br \/><strong>Sarjat<\/strong>: H\/D8RR, H\/D9RR, H\/D10RR, H\/D11TR, H\/D12, H\/D13, H\/D14, H\/D16<br \/>Oravacupin saattajasarjat (RR, TR, Suora12, Suora14, Suora16)<br \/><strong>Kartta<\/strong>: A4- tai A5-kokoinen tulostekartta muovitaskussa, 1:7500 \/ 2,5 m, uusi kartta 8\/2024<br \/><strong>Matkat<\/strong>: Perinteiset Oravacup-matkat<br \/><strong>Palkinnot<\/strong>: Kaikki osallistujat saavat maaliin tullessaan pienen palkinnon.<br \/><strong>Ilmoittautuminen<\/strong>: Ensisijaisesti ilmoittautuminen\u00a0<a href=\"https:\/\/www.satakunnansuunnistus.fi\/oravacup\/ilmo\/\">Oravacupin ilmoittautumisj\u00e4rjestelm\u00e4n<\/a> kautta su 25.8.2024 klo 24 menness\u00e4.<br \/>Tai vaihtoehtoisesti osoitteeseen kimmo.mieskoski@gmail.com, ilmoittautumisessa tarvitaan seuraavat tiedot: Sarja, Lisenssinumero, Nimi (sukunimi etunimi), Seuralyhenne, Emit-kortin numero. Jos ei ole lisenssi\u00e4 tai emit-korttia, merkitse nolla (0).<br \/>Esimerkki: H9RR,123,Suunnistaja Seppo,NaWi,456789<br \/><strong>J\u00e4lki-ilmoittautuminen<\/strong>: J\u00e4lki-ilmoittautuminen maanantaina 26.8 klo 24 menness\u00e4 osoitteeseen kimmo.mieskoski@gmail.com Ilmoittautumisessa tarvitaan seuraavat tiedot: Sarja, Lisenssinumero, Nimi (sukunimi etunimi), Seuralyhenne, Emit-kortin numero. Jos ei ole lisenssi\u00e4 tai emit-korttia, merkitse nolla (0).<br \/>Esimerkki: H9RR,123,Suunnistaja Seppo,NaWi,456789<br \/>Kolmen euron lis\u00e4maksu j\u00e4lki-ilmoittautumisesta perit\u00e4\u00e4n kilpailukeskuksen infossa.<br \/>Parisuunnistukseen voi ilmoittautua my\u00f6s kilpailupaikalla infossa klo 18 menness\u00e4. Hinta 5 euroa\/pari. Info on auki kilpailukeskuksessa klo 17.15 alkaen.<br \/><strong>Paikoitus<\/strong>: Kilpailukeskuksen l\u00e4heisyydess\u00e4, k\u00e4velymatka 50-300 metri\u00e4<br \/><strong>Opastus<\/strong>: Paneliantielt\u00e4 Panelian keskustasta opastus kilpailukeskukseen<br \/><strong>L\u00e4ht\u00f6ajat<\/strong>:\u00a0<strong>L\u00e4hd\u00f6t klo 18-19 v\u00e4lill\u00e4<\/strong>, L\u00e4ht\u00f6ajat arvotaan, l\u00e4hd\u00f6t klo 18-19 v\u00e4lill\u00e4. Saman radan l\u00e4htij\u00f6ill\u00e4 l\u00e4ht\u00f6v\u00e4li 2 minuuttia, RR-sarjalaisilla 1 minuutti. Ilmoitathan ilmoittautuessa, mik\u00e4li toivot aikaista tai my\u00f6h\u00e4ist\u00e4 l\u00e4ht\u00f6aikaa. L\u00e4ht\u00f6ajat n\u00e4ht\u00e4viss\u00e4 <a href=\"http:\/\/hiisirasti.fi\">hiisirasti.fi<\/a><br \/><strong>Leimausj\u00e4rjestelm\u00e4<\/strong>: EMIT, mik\u00e4li EMIT-numeroa ei ole ilmoitettu, varaa j\u00e4rjest\u00e4j\u00e4 vuokrakortin. Maksu 3\u20ac perit\u00e4\u00e4n infossa korttia noudettaessa. Kadonneesta EMIT-kortista perit\u00e4\u00e4n 70\u20ac maksu.<br \/><strong>Jalkineet<\/strong>: J\u00e4rjest\u00e4j\u00e4 suosittelee nastareita tai maastokuvioisia lenkkareita.<br \/><strong>Palvelut<\/strong>: Kahvio, kahviosta saatavilla pikkupurtavaa ja virvokkeita<br \/><strong>WC, pukeutuminen ja pesu<\/strong>: WC l\u00f6ytyy l\u00e4heiselt\u00e4 leikkikent\u00e4lt\u00e4, ei erillisi\u00e4 puku- tai pesutiloja.<br \/><strong>Tulokset<\/strong>: Tulokset julkaistaan mahdollisimman pian kilpailun j\u00e4lkeen nettisivulla <a href=\"http:\/\/hiisirasti.fi\">hiisirasti.fi<\/a><br \/><strong>Toimihenkil\u00f6t<\/strong>: Kilpailunjohtaja Kimmo Mieskoski, ratamestari Johannes Pohjala<\/p>\n<p>Lis\u00e4tietoja: Kimmo Mieskoski 045-676 6891, kimmo.mieskoski@gmail.com<\/p>\n<p>Tervetuloa!<\/p>\n<\/div>\n","protected":false},"excerpt":{"rendered":"<p>Keskiviikko 28.8.2024 klo 18-19.30 Oravacup 6\/2024 Satakunnan Oravacup Panelian Pururadalla. Kilpailukeskus: Paneliankosken Voiman parkkialue (M\u00e4kil\u00e4ntie 7, Panelia)Kilpailumaasto: Panelian pururadan alue, alueella kulkee pururadan polkuja sek\u00e4 frisbeegolfuria. Korkeuserot ovat maltilliset ja kulkukelpoisuus hyv\u00e4, joillain alueilla hieman pidempi aluskasvillisuus (varvut, suopursut, heinikot) voi haitata vauhtia.Sarjat: H\/D8RR, H\/D9RR, H\/D10RR, H\/D11TR, H\/D12, H\/D13, H\/D14, H\/D16Oravacupin saattajasarjat (RR, TR, Suora12, [&hellip;]<\/p>\n","protected":false},"author":1,"featured_media":0,"parent":0,"menu_order":0,"comment_status":"closed","ping_status":"closed","template":"","meta":{"footnotes":""},"class_list":["post-2401","page","type-page","status-publish","hentry"],"_links":{"self":[{"href":"https:\/\/www.hiisirasti.fi\/index.php?rest_route=\/wp\/v2\/pages\/2401","targetHints":{"allow":["GET"]}}],"collection":[{"href":"https:\/\/www.hiisirasti.fi\/index.php?rest_route=\/wp\/v2\/pages"}],"about":[{"href":"https:\/\/www.hiisirasti.fi\/index.php?rest_route=\/wp\/v2\/types\/page"}],"author":[{"embeddable":true,"href":"https:\/\/www.hiisirasti.fi\/index.php?rest_route=\/wp\/v2\/users\/1"}],"replies":[{"embeddable":true,"href":"https:\/\/www.hiisirasti.fi\/index.php?rest_route=%2Fwp%2Fv2%2Fcomments&post=2401"}],"version-history":[{"count":4,"href":"https:\/\/www.hiisirasti.fi\/index.php?rest_route=\/wp\/v2\/pages\/2401\/revisions"}],"predecessor-version":[{"id":2409,"href":"https:\/\/www.hiisirasti.fi\/index.php?rest_route=\/wp\/v2\/pages\/2401\/revisions\/2409"}],"wp:attachment":[{"href":"https:\/\/www.hiisirasti.fi\/index.php?rest_route=%2Fwp%2Fv2%2Fmedia&parent=2401"}],"curies":[{"name":"wp","href":"https:\/\/api.w.org\/{rel}","templated":true}]}}