{"id":2404,"date":"2024-08-19T17:28:12","date_gmt":"2024-08-19T14:28:12","guid":{"rendered":"https:\/\/www.hiisirasti.fi\/?page_id=2404"},"modified":"2024-08-27T12:47:26","modified_gmt":"2024-08-27T09:47:26","slug":"kilpailukutsu-am-yo-ja-oravacup-7-2024","status":"publish","type":"page","link":"https:\/\/www.hiisirasti.fi\/?page_id=2404","title":{"rendered":"Kilpailukutsu AM-y\u00f6 ja Oravacup 7\/2024"},"content":{"rendered":"\n<header class=\"entry-header ast-no-thumbnail\">\n<h3 class=\"entry-title\"><span style=\"color: revert; font-size: revert; font-weight: revert;\">Keskiviikko 11.9.2024<\/span><\/h3>\n<\/header>\n<div class=\"entry-content clear\">\n<h3 class=\"wp-block-heading\">klo 18-19.30 Oravacup 7\/2024<br \/>klo 21-23 AM-y\u00f6 ja Kauko Hakalan muistokilpailu<\/h3>\n<p>Keskiviikkona 11.9. suunnistetaan ensin kauden viimeinen Oravacup ja illalla\/y\u00f6ll\u00e4 viel\u00e4 avoin Satakunnan AM-y\u00f6 ja Kauko Hakalan muistokilpailu K\u00f6yli\u00f6n Harrin Patilla Kepolassa. Vaikka Oravacup ja AM-y\u00f6 suunnistetaan samassa maastossa on radat suunniteltu siten, ett\u00e4 nuorilla on mahdollisuus osallistua molempiin tapahtumiin.<\/p>\n<p><strong>Kilpailukeskus<\/strong>: Kepolan kaukalo ja Kepolan koulu (Kokem\u00e4entie 70, K\u00f6yli\u00f6)<br \/><strong>Kilpailumaasto<\/strong>: Koostuu tyypillisest\u00e4 k\u00f6yli\u00f6l\u00e4isest\u00e4 havumets\u00e4alueesta, jossa p\u00e4\u00e4s\u00e4\u00e4nt\u00f6isesti hyv\u00e4 kulkukelpoisuus. Kartan alueella on muutamia harvennuksia ja tiheikk\u00f6j\u00e4, joita on ratasuunnittelulla pyritty v\u00e4ltt\u00e4m\u00e4\u00e4n. Erityispiirteen\u00e4 osassa rataa kuiva kangasmets\u00e4alue, jossa parempi n\u00e4kyvyys ja juostavuus.<br \/><strong>Kartta<\/strong>: Tulostekartta muovitaskussa, 1:10000 tai 1:7500 \/ 2,5 m, uusi kartta 8\/2024<br \/><strong>Palkinnot<\/strong>: Oravacupissa kaikki osallistujat saavat maaliin tullessaan pienen palkinnon. AM-y\u00f6ss\u00e4 palkitaan sarjojen 3 parasta satakuntalaista aluemestaruusmitalein.<br \/><strong>Paikoitus<\/strong>: Kepolan koululla (Karjalantie 1, K\u00f6yli\u00f6), k\u00e4velymatka kilpailukeskukseen noin 500 metri\u00e4<br \/><strong>Opastus<\/strong>: Kokem\u00e4entielt\u00e4 Kepolan keskustasta<br \/><strong>Leimausj\u00e4rjestelm\u00e4<\/strong>: EMIT, mik\u00e4li EMIT-numeroa ei ole ilmoitettu, varaa j\u00e4rjest\u00e4j\u00e4 vuokrakortin. Maksu 3\u20ac perit\u00e4\u00e4n infossa korttia noudettaessa. Kadonneesta EMIT-kortista perit\u00e4\u00e4n 70\u20ac maksu.<br \/><strong>Jalkineet<\/strong>: J\u00e4rjest\u00e4j\u00e4 suosittelee nastareita tai maastokuvioisia lenkkareita.<br \/><strong>Palvelut<\/strong>: Selvitet\u00e4\u00e4n kahvion mahdollisuutta<br \/><strong>WC<\/strong>: WC l\u00f6ytyy kilpailukeskuksesta.<br \/><strong>Tulokset<\/strong>: Tulokset julkaistaan mahdollisimman pian kilpailun j\u00e4lkeen nettisivulla <a href=\"http:\/\/hiisirasti.fi\">hiisirasti.fi<\/a><br \/><strong>Toimihenkil\u00f6t<\/strong>: Kilpailunjohtaja Kimmo Mieskoski, ratamestari Joona Huila<br \/><strong>Valvoja:<\/strong> Jari Holmberg, UlvUra<\/p>\n<h3>Oravacupin erillisohjeet<\/h3>\n<p><strong>Sarjat<\/strong>: <br \/>Oravacup: H\/D8RR, H\/D9RR, H\/D10RR, H\/D11TR, H\/D12, H\/D13, H\/D14, H\/D16<br \/>Oravacupin saattajasarjat: RR, TR, Suora12, Suora14, Suora16<br \/><strong>Ilmoittautuminen<\/strong>: Ensisijaisesti ilmoittautuminen <a href=\"https:\/\/www.satakunnansuunnistus.fi\/oravacup\/ilmo\/\">Oravacupin ilmoittautumisj\u00e4rjestelm\u00e4n<\/a> kautta su 8.9.2024 klo 24 menness\u00e4.<br \/><strong>J\u00e4lki-ilmoittautuminen<\/strong>: J\u00e4lki-ilmoittautuminen maanantaihin 9.9 klo 24 menness\u00e4 osoitteeseen kimmo.mieskoski@gmail.com, kolmen euron lis\u00e4maksu j\u00e4lki-ilmoittautumisesta perit\u00e4\u00e4n kilpailukeskuksen infossa. Oravacupin parisuunnistukseen voi ilmoittautua my\u00f6s kilpailupaikalla infossa klo 18 menness\u00e4. Hinta 5 euroa\/pari. <br \/><strong>Info:<\/strong> Info on auki kilpailukeskuksessa klo 17.15 alkaen.<br \/><strong>L\u00e4ht\u00f6ajat<\/strong>: L\u00e4ht\u00f6ajat arvotaan, l\u00e4hd\u00f6t klo 18-19 v\u00e4lill\u00e4. Saman radan l\u00e4htij\u00f6ill\u00e4 l\u00e4ht\u00f6v\u00e4li 2 minuuttia, RR-sarjalaisilla 1 minuutti. Ilmoitathan ilmoittautuessa, mik\u00e4li toivot aikaista tai my\u00f6h\u00e4ist\u00e4 l\u00e4ht\u00f6aikaa. L\u00e4ht\u00f6ajat n\u00e4ht\u00e4vill\u00e4 maanantai-illalla 9.9. osoitteessa <a href=\"http:\/\/hiisirasti.fi\">hiisirasti.fi<\/a><\/p>\n<h3>AM-y\u00f6n ja Kauko Hakalan muistokilpailun erillisohjeet<\/h3>\n<p><strong>Sarjat<\/strong>: H\/D14-20, H\/D21, H\/D35-85<br \/><strong>Osallistumismaksut:<\/strong> H\/D14-20 14 \u20ac, H\/D21-85 18 \u20ac<br \/><strong>Matkat<\/strong>: Tavoiteajat 90% pitk\u00e4n matkan kilpailusta, ohjeajat n\u00e4ht\u00e4viss\u00e4 t\u00e4\u00e4lt\u00e4: <a href=\"https:\/\/www.satakunnansuunnistus.fi\/?page_id=3528\">Satakunnan Suunnistus ry<\/a><br \/><strong>Ilmoittautuminen<\/strong>: Ensisijaisesti ilmoittautuminen <a href=\"https:\/\/irma.suunnistusliitto.fi\/public\/competition\/view\/26804\">IRMA-ilmoittautumisj\u00e4rjestelm\u00e4n<\/a> kautta pe 6.9.2024 klo 24 menness\u00e4 tai vaihtoehtoisesti osoitteeseen kimmo.mieskoski@gmail.com. AM-kilpailuun ilmoittautuessa ei tarvitse lisenssi\u00e4. Ilmoittautumisessa s\u00e4hk\u00f6postilla tarvitaan seuraavat tiedot: Sarja, Lisenssinumero, Nimi (sukunimi etunimi), Seuralyhenne, Emit-kortin numero. Jos ei ole lisenssi\u00e4 tai emit-korttia, merkitse nolla (0). Osallistumismaksu maksetaan ilmoittautumisen yhteydess\u00e4 Hiisirastin tilille: FI59 5476 2320 0413 38<br \/>Esimerkki: H9RR,123,Suunnistaja Seppo,NaWi,456789<br \/><strong>J\u00e4lki-ilmoittautuminen<\/strong>: J\u00e4lki-ilmoittautuminen 1,5-kertaisin osallistumismaksuin sunnuntaina 8.9 klo 24 menness\u00e4 <a href=\"https:\/\/irma.suunnistusliitto.fi\/public\/competition\/view\/26804\">IRMA-ilmoittautumisj\u00e4rjestelm\u00e4n<\/a> kautta tai osoitteeseen kimmo.mieskoski@gmail.com\u00a0<br \/><strong>Info:<\/strong> Info on auki kilpailukeskuksessa klo 20.15 alkaen.<br \/><strong>L\u00e4ht\u00f6ajat<\/strong>: L\u00e4ht\u00f6ajat arvotaan, l\u00e4hd\u00f6t klo 21-22.30 v\u00e4lill\u00e4. Saman radan l\u00e4htij\u00f6ill\u00e4 l\u00e4ht\u00f6v\u00e4li 2 minuuttia. L\u00e4ht\u00f6ajat n\u00e4ht\u00e4vill\u00e4 maanantai-illalla 9.9. osoitteessa <a href=\"http:\/\/hiisirasti.fi\">hiisirasti.fi<\/a><br \/><strong>WC, pukeutuminen ja pesu<\/strong>: WC l\u00f6ytyy kilpailukeskuksesta, AM-y\u00f6ss\u00e4 l\u00f6ytyy puku- tai pesutilat Kepolan koululta (500 metri\u00e4 kilpailukeskuksesta, paikoitusalueen vieress\u00e4).<\/p>\n<p>Lis\u00e4tietoja: Kimmo Mieskoski 045-676 6891, kimmo.mieskoski@gmail.com<\/p>\n<p>Tervetuloa!<\/p>\n<\/div>\n","protected":false},"excerpt":{"rendered":"<p>Keskiviikko 11.9.2024 klo 18-19.30 Oravacup 7\/2024klo 21-23 AM-y\u00f6 ja Kauko Hakalan muistokilpailu Keskiviikkona 11.9. suunnistetaan ensin kauden viimeinen Oravacup ja illalla\/y\u00f6ll\u00e4 viel\u00e4 avoin Satakunnan AM-y\u00f6 ja Kauko Hakalan muistokilpailu K\u00f6yli\u00f6n Harrin Patilla Kepolassa. Vaikka Oravacup ja AM-y\u00f6 suunnistetaan samassa maastossa on radat suunniteltu siten, ett\u00e4 nuorilla on mahdollisuus osallistua molempiin tapahtumiin. Kilpailukeskus: Kepolan kaukalo ja [&hellip;]<\/p>\n","protected":false},"author":1,"featured_media":0,"parent":0,"menu_order":0,"comment_status":"closed","ping_status":"closed","template":"","meta":{"footnotes":""},"class_list":["post-2404","page","type-page","status-publish","hentry"],"_links":{"self":[{"href":"https:\/\/www.hiisirasti.fi\/index.php?rest_route=\/wp\/v2\/pages\/2404","targetHints":{"allow":["GET"]}}],"collection":[{"href":"https:\/\/www.hiisirasti.fi\/index.php?rest_route=\/wp\/v2\/pages"}],"about":[{"href":"https:\/\/www.hiisirasti.fi\/index.php?rest_route=\/wp\/v2\/types\/page"}],"author":[{"embeddable":true,"href":"https:\/\/www.hiisirasti.fi\/index.php?rest_route=\/wp\/v2\/users\/1"}],"replies":[{"embeddable":true,"href":"https:\/\/www.hiisirasti.fi\/index.php?rest_route=%2Fwp%2Fv2%2Fcomments&post=2404"}],"version-history":[{"count":6,"href":"https:\/\/www.hiisirasti.fi\/index.php?rest_route=\/wp\/v2\/pages\/2404\/revisions"}],"predecessor-version":[{"id":2447,"href":"https:\/\/www.hiisirasti.fi\/index.php?rest_route=\/wp\/v2\/pages\/2404\/revisions\/2447"}],"wp:attachment":[{"href":"https:\/\/www.hiisirasti.fi\/index.php?rest_route=%2Fwp%2Fv2%2Fmedia&parent=2404"}],"curies":[{"name":"wp","href":"https:\/\/api.w.org\/{rel}","templated":true}]}}