{"id":2441,"date":"2024-08-26T14:59:15","date_gmt":"2024-08-26T11:59:15","guid":{"rendered":"https:\/\/www.hiisirasti.fi\/?page_id=2441"},"modified":"2024-08-26T14:59:16","modified_gmt":"2024-08-26T11:59:16","slug":"oravacup-6-2024-lahtolista-ajoittain","status":"publish","type":"page","link":"https:\/\/www.hiisirasti.fi\/?page_id=2441","title":{"rendered":"Oravacup 6\/2024, l\u00e4ht\u00f6lista ajoittain"},"content":{"rendered":"\n<table width=\"397\">\n<tbody>\n<tr>\n<td width=\"64\">\u00a0<\/td>\n<td width=\"64\">\u00a0<\/td>\n<td colspan=\"2\" width=\"205\">L\u00e4ht\u00f6lista ajoittain<\/td>\n<td width=\"64\">\u00a0<\/td>\n<\/tr>\n<tr>\n<td>emit<\/td>\n<td>sarja<\/td>\n<td>nimi<\/td>\n<td>seura<\/td>\n<td>l\u00e4ht\u00f6aika<\/td>\n<\/tr>\n<tr>\n<td>180281<\/td>\n<td>D10RR<\/td>\n<td>Ketonen Emilia<\/td>\n<td>ValSu<\/td>\n<td>18.00.00<\/td>\n<\/tr>\n<tr>\n<td>242169<\/td>\n<td>H16<\/td>\n<td>Heinil\u00e4 Pyry<\/td>\n<td>RasKa<\/td>\n<td>18.00.00<\/td>\n<\/tr>\n<tr>\n<td>243623<\/td>\n<td>D10RR<\/td>\n<td>Anttila Jiia<\/td>\n<td>RasKa<\/td>\n<td>18.01.00<\/td>\n<\/tr>\n<tr>\n<td>258783<\/td>\n<td>D11TR<\/td>\n<td>Vehkalahti Heta<\/td>\n<td>RasKa<\/td>\n<td>18.01.00<\/td>\n<\/tr>\n<tr>\n<td>265801<\/td>\n<td>D10RR<\/td>\n<td>N\u00e4rv\u00e4 Aino<\/td>\n<td>EKU<\/td>\n<td>18.02.00<\/td>\n<\/tr>\n<tr>\n<td>266746<\/td>\n<td>H16<\/td>\n<td>M\u00e4kel\u00e4 Matias<\/td>\n<td>RasKa<\/td>\n<td>18.02.00<\/td>\n<\/tr>\n<tr>\n<td>517652<\/td>\n<td>D11TR<\/td>\n<td>Jaakkola Irene<\/td>\n<td>RaLu<\/td>\n<td>18.03.00<\/td>\n<\/tr>\n<tr>\n<td>70612<\/td>\n<td>RR1<\/td>\n<td>V\u00e4rre Henrik<\/td>\n<td>RaLu<\/td>\n<td>18.03.00<\/td>\n<\/tr>\n<tr>\n<td>148369<\/td>\n<td>H16<\/td>\n<td>Set\u00e4l\u00e4 Tuomas<\/td>\n<td>KoKV<\/td>\n<td>18.04.00<\/td>\n<\/tr>\n<tr>\n<td>243634<\/td>\n<td>RR1<\/td>\n<td>Vehkalahti Hertta<\/td>\n<td>RasKa<\/td>\n<td>18.04.00<\/td>\n<\/tr>\n<tr>\n<td>258790<\/td>\n<td>RR1<\/td>\n<td>Vehkalahti Urho<\/td>\n<td>RasKa<\/td>\n<td>18.04.00<\/td>\n<\/tr>\n<tr>\n<td>243674<\/td>\n<td>D11TR<\/td>\n<td>Maljanen Linda<\/td>\n<td>RasKa<\/td>\n<td>18.05.00<\/td>\n<\/tr>\n<tr>\n<td>180108<\/td>\n<td>RR1<\/td>\n<td>M\u00e4kil\u00e4 Siiri<\/td>\n<td>ValSu<\/td>\n<td>18.05.00<\/td>\n<\/tr>\n<tr>\n<td>217311<\/td>\n<td>H14<\/td>\n<td>Malinen Otto<\/td>\n<td>KoKV<\/td>\n<td>18.06.00<\/td>\n<\/tr>\n<tr>\n<td>179839<\/td>\n<td>RR1<\/td>\n<td>Kuusisto Maisa<\/td>\n<td>ValSu<\/td>\n<td>18.06.00<\/td>\n<\/tr>\n<tr>\n<td>522064<\/td>\n<td>D11TR<\/td>\n<td>Ranta Lilli<\/td>\n<td>LLuja<\/td>\n<td>18.07.00<\/td>\n<\/tr>\n<tr>\n<td>243483<\/td>\n<td>D8RR<\/td>\n<td>Vehkalahti Hilma<\/td>\n<td>RasKa<\/td>\n<td>18.07.00<\/td>\n<\/tr>\n<tr>\n<td>270762<\/td>\n<td>D14<\/td>\n<td>Poskiparta Iida<\/td>\n<td>RasKa<\/td>\n<td>18.08.00<\/td>\n<\/tr>\n<tr>\n<td>257716<\/td>\n<td>D9RR<\/td>\n<td>Gustafsson Saimi<\/td>\n<td>RasKa<\/td>\n<td>18.08.00<\/td>\n<\/tr>\n<tr>\n<td>42261<\/td>\n<td>D11TR<\/td>\n<td>Koota Saana<\/td>\n<td>ValSu<\/td>\n<td>18.09.00<\/td>\n<\/tr>\n<tr>\n<td>275808<\/td>\n<td>D9RR<\/td>\n<td>Heikkil\u00e4 Aura<\/td>\n<td>LLuja<\/td>\n<td>18.09.00<\/td>\n<\/tr>\n<tr>\n<td>533489<\/td>\n<td>D14<\/td>\n<td>Varesvuo Siiri<\/td>\n<td>RasKa<\/td>\n<td>18.10.00<\/td>\n<\/tr>\n<tr>\n<td>266363<\/td>\n<td>D9RR<\/td>\n<td>Hohkuri Aino<\/td>\n<td>RasKa<\/td>\n<td>18.10.00<\/td>\n<\/tr>\n<tr>\n<td>273783<\/td>\n<td>D12<\/td>\n<td>Heinil\u00e4 Pinja<\/td>\n<td>RasKa<\/td>\n<td>18.11.00<\/td>\n<\/tr>\n<tr>\n<td>521639<\/td>\n<td>D9RR<\/td>\n<td>V\u00e4in\u00f6l\u00e4 Veera<\/td>\n<td>K\u00f6La<\/td>\n<td>18.11.00<\/td>\n<\/tr>\n<tr>\n<td>159704<\/td>\n<td>D9RR<\/td>\n<td>Leppikorpi Siiri<\/td>\n<td>RaLu<\/td>\n<td>18.12.00<\/td>\n<\/tr>\n<tr>\n<td>125228<\/td>\n<td>R2<\/td>\n<td>V\u00e4lim\u00e4ki Juho<\/td>\n<td>ValSu<\/td>\n<td>18.12.00<\/td>\n<\/tr>\n<tr>\n<td>517791<\/td>\n<td>D12<\/td>\n<td>V\u00e4in\u00f6l\u00e4 Ronja<\/td>\n<td>K\u00f6La<\/td>\n<td>18.13.00<\/td>\n<\/tr>\n<tr>\n<td>243583<\/td>\n<td>RR1<\/td>\n<td>V\u00e4lim\u00e4ki Veini<\/td>\n<td>RasKa<\/td>\n<td>18.13.00<\/td>\n<\/tr>\n<tr>\n<td>253866<\/td>\n<td>D16<\/td>\n<td>Salomaa Aino<\/td>\n<td>KanSu<\/td>\n<td>18.14.00<\/td>\n<\/tr>\n<tr>\n<td>243511<\/td>\n<td>RR1<\/td>\n<td>Nenonen Sulo<\/td>\n<td>RasKa<\/td>\n<td>18.14.00<\/td>\n<\/tr>\n<tr>\n<td>277796<\/td>\n<td>D12<\/td>\n<td>Toivo Elsa<\/td>\n<td>LLuja<\/td>\n<td>18.15.00<\/td>\n<\/tr>\n<tr>\n<td>528913<\/td>\n<td>RR1<\/td>\n<td>Kuusisto Valtteri<\/td>\n<td>RasKa<\/td>\n<td>18.15.00<\/td>\n<\/tr>\n<tr>\n<td>526111<\/td>\n<td>D16<\/td>\n<td>Tiusanen Saara<\/td>\n<td>UlvUra<\/td>\n<td>18.16.00<\/td>\n<\/tr>\n<tr>\n<td>263674<\/td>\n<td>H10RR<\/td>\n<td>Heinil\u00e4 Touko<\/td>\n<td>RasKa<\/td>\n<td>18.16.00<\/td>\n<\/tr>\n<tr>\n<td>520083<\/td>\n<td>D12<\/td>\n<td>Kujansuu Siiri<\/td>\n<td>RasKa<\/td>\n<td>18.17.00<\/td>\n<\/tr>\n<tr>\n<td>68178<\/td>\n<td>H10RR<\/td>\n<td>Karpeeki Niila<\/td>\n<td>RaLu<\/td>\n<td>18.17.00<\/td>\n<\/tr>\n<tr>\n<td>257812<\/td>\n<td>D16<\/td>\n<td>Heikkil\u00e4 Nella<\/td>\n<td>RasKa<\/td>\n<td>18.18.00<\/td>\n<\/tr>\n<tr>\n<td>243512<\/td>\n<td>H10RR<\/td>\n<td>Rosnell Tuukka<\/td>\n<td>RasKa<\/td>\n<td>18.18.00<\/td>\n<\/tr>\n<tr>\n<td>258784<\/td>\n<td>D12<\/td>\n<td>Tuohimaa Jadelle<\/td>\n<td>RasKa<\/td>\n<td>18.19.00<\/td>\n<\/tr>\n<tr>\n<td>279324<\/td>\n<td>H10RR<\/td>\n<td>Kivioja Otto<\/td>\n<td>RasKa<\/td>\n<td>18.19.00<\/td>\n<\/tr>\n<tr>\n<td>85353<\/td>\n<td>D16<\/td>\n<td>Vuorela Sofia<\/td>\n<td>UlvUra<\/td>\n<td>18.20.00<\/td>\n<\/tr>\n<tr>\n<td>159703<\/td>\n<td>H10RR<\/td>\n<td>Leppikorpi Eino<\/td>\n<td>RaLu<\/td>\n<td>18.20.00<\/td>\n<\/tr>\n<tr>\n<td>275811<\/td>\n<td>H10RR<\/td>\n<td>Toivola Aapeli<\/td>\n<td>LLuja<\/td>\n<td>18.21.00<\/td>\n<\/tr>\n<tr>\n<td>180153<\/td>\n<td>R1<\/td>\n<td>M\u00e4kil\u00e4 Onni<\/td>\n<td>ValSu<\/td>\n<td>18.21.00<\/td>\n<\/tr>\n<tr>\n<td>530116<\/td>\n<td>D16<\/td>\n<td>Lehtonen Aurora<\/td>\n<td>UlvUra<\/td>\n<td>18.22.00<\/td>\n<\/tr>\n<tr>\n<td>243588<\/td>\n<td>H10RR<\/td>\n<td>Nieminen Eemil<\/td>\n<td>RasKa<\/td>\n<td>18.22.00<\/td>\n<\/tr>\n<tr>\n<td>532640<\/td>\n<td>H12<\/td>\n<td>Niemi Lenni<\/td>\n<td>RasKa<\/td>\n<td>18.23.00<\/td>\n<\/tr>\n<tr>\n<td>45634<\/td>\n<td>H9RR<\/td>\n<td>P\u00e4l\u00e4 Eino<\/td>\n<td>KanSu<\/td>\n<td>18.23.00<\/td>\n<\/tr>\n<tr>\n<td>531300<\/td>\n<td>D16<\/td>\n<td>Oksa Jenni<\/td>\n<td>RasKa<\/td>\n<td>18.24.00<\/td>\n<\/tr>\n<tr>\n<td>230852<\/td>\n<td>H9RR<\/td>\n<td>Knuutila Timi<\/td>\n<td>KanSu<\/td>\n<td>18.24.00<\/td>\n<\/tr>\n<tr>\n<td>179897<\/td>\n<td>H12<\/td>\n<td>Kuusisto Daniel<\/td>\n<td>ValSu<\/td>\n<td>18.25.00<\/td>\n<\/tr>\n<tr>\n<td>272064<\/td>\n<td>H8RR<\/td>\n<td>Given Oskar<\/td>\n<td>RaLu<\/td>\n<td>18.25.00<\/td>\n<\/tr>\n<tr>\n<td>531431<\/td>\n<td>H13<\/td>\n<td>Kotta Miikka<\/td>\n<td>KanSu<\/td>\n<td>18.26.00<\/td>\n<\/tr>\n<tr>\n<td>533274<\/td>\n<td>H8RR<\/td>\n<td>Keskitalo Oskari<\/td>\n<td>LLuja<\/td>\n<td>18.26.00<\/td>\n<\/tr>\n<tr>\n<td>243582<\/td>\n<td>H12<\/td>\n<td>Nieminen Mikael<\/td>\n<td>RasKa<\/td>\n<td>18.27.00<\/td>\n<\/tr>\n<tr>\n<td>76222<\/td>\n<td>H8RR<\/td>\n<td>Karpeeki Jalo<\/td>\n<td>RaLu<\/td>\n<td>18.27.00<\/td>\n<\/tr>\n<tr>\n<td>526882<\/td>\n<td>D8RR<\/td>\n<td>Jaakkola Hilla<\/td>\n<td>RaLu<\/td>\n<td>18.28.00<\/td>\n<\/tr>\n<tr>\n<td>532660<\/td>\n<td>H13<\/td>\n<td>Hohkuri Ville<\/td>\n<td>RasKa<\/td>\n<td>18.28.00<\/td>\n<\/tr>\n<tr>\n<td>275813<\/td>\n<td>D8RR<\/td>\n<td>Toivola Enni<\/td>\n<td>LLuja<\/td>\n<td>18.29.00<\/td>\n<\/tr>\n<tr>\n<td>525749<\/td>\n<td>H12<\/td>\n<td>Kauko Kaarlo<\/td>\n<td>RaLu<\/td>\n<td>18.29.00<\/td>\n<\/tr>\n<tr>\n<td>521623<\/td>\n<td>D8RR<\/td>\n<td>V\u00e4in\u00f6l\u00e4 Roosa<\/td>\n<td>K\u00f6La<\/td>\n<td>18.30.00<\/td>\n<\/tr>\n<tr>\n<td>159095<\/td>\n<td>H13<\/td>\n<td>Alin Topi<\/td>\n<td>K\u00f6La<\/td>\n<td>18.30.00<\/td>\n<\/tr>\n<tr>\n<td>0<\/td>\n<td>D8RR<\/td>\n<td>Kallio Veera<\/td>\n<td>KiU<\/td>\n<td>18.31.00<\/td>\n<\/tr>\n<tr>\n<td>246561<\/td>\n<td>H12<\/td>\n<td>Tiusanen Eero<\/td>\n<td>UlvUra<\/td>\n<td>18.31.00<\/td>\n<\/tr>\n<tr>\n<td>257487<\/td>\n<td>D13<\/td>\n<td>Ranta Tytti<\/td>\n<td>LLuja<\/td>\n<td>18.32.00<\/td>\n<\/tr>\n<tr>\n<td>258791<\/td>\n<td>RR1<\/td>\n<td>Nieminen Niilo<\/td>\n<td>RasKa<\/td>\n<td>18.32.00<\/td>\n<\/tr>\n<tr>\n<td>529902<\/td>\n<td>H12<\/td>\n<td>Salomaa Paavo<\/td>\n<td>KanSu<\/td>\n<td>18.33.00<\/td>\n<\/tr>\n<tr>\n<td>0<\/td>\n<td>RR1<\/td>\n<td>Helkkula Elli<\/td>\n<td>KiU<\/td>\n<td>18.33.00<\/td>\n<\/tr>\n<tr>\n<td>0<\/td>\n<td>RR1<\/td>\n<td>Helkkula Ester<\/td>\n<td>KiU<\/td>\n<td>18.33.00<\/td>\n<\/tr>\n<tr>\n<td>257132<\/td>\n<td>D13<\/td>\n<td>Koivusalo Elli<\/td>\n<td>RasKa<\/td>\n<td>18.34.00<\/td>\n<\/tr>\n<tr>\n<td>242037<\/td>\n<td>RR1<\/td>\n<td>Helander Justus<\/td>\n<td>RasKa<\/td>\n<td>18.34.00<\/td>\n<\/tr>\n<tr>\n<td>271792<\/td>\n<td>H11TR<\/td>\n<td>Koivusalo Peetu<\/td>\n<td>RasKa<\/td>\n<td>18.35.00<\/td>\n<\/tr>\n<tr>\n<td>0<\/td>\n<td>RR1<\/td>\n<td>Kallio Noora<\/td>\n<td>KiU<\/td>\n<td>18.35.00<\/td>\n<\/tr>\n<tr>\n<td>251229<\/td>\n<td>D13<\/td>\n<td>Huhtala Enni<\/td>\n<td>ValSu<\/td>\n<td>18.36.00<\/td>\n<\/tr>\n<tr>\n<td>533275<\/td>\n<td>RR1<\/td>\n<td>Keskitalo Riina<\/td>\n<td>LLuja<\/td>\n<td>18.36.00<\/td>\n<\/tr>\n<tr>\n<td>243509<\/td>\n<td>H11TR<\/td>\n<td>Lehtola Lauri<\/td>\n<td>RasKa<\/td>\n<td>18.37.00<\/td>\n<\/tr>\n<tr>\n<td>0<\/td>\n<td>RR1<\/td>\n<td>Kallio Laura<\/td>\n<td>KiU<\/td>\n<td>18.37.00<\/td>\n<\/tr>\n<tr>\n<td>243680<\/td>\n<td>D13<\/td>\n<td>Ojanen Siiri<\/td>\n<td>RasKa<\/td>\n<td>18.38.00<\/td>\n<\/tr>\n<tr>\n<td>90809<\/td>\n<td>RR1<\/td>\n<td>P\u00e4l\u00e4 V\u00e4in\u00f6<\/td>\n<td>KanSu<\/td>\n<td>18.38.00<\/td>\n<\/tr>\n<tr>\n<td>148856<\/td>\n<td>H11TR<\/td>\n<td>Valtamo Ossi<\/td>\n<td>KoKV<\/td>\n<td>18.39.00<\/td>\n<\/tr>\n<tr>\n<td>180107<\/td>\n<td>RR1<\/td>\n<td>Priia Enni<\/td>\n<td>ValSu<\/td>\n<td>18.39.00<\/td>\n<\/tr>\n<tr>\n<td>250842<\/td>\n<td>D13<\/td>\n<td>Hakanen Elsa<\/td>\n<td>RaLu<\/td>\n<td>18.40.00<\/td>\n<\/tr>\n<tr>\n<td>180281<\/td>\n<td>RR1<\/td>\n<td>Rosvall Maija<\/td>\n<td>ValSu<\/td>\n<td>18.40.00<\/td>\n<\/tr>\n<tr>\n<td>263333<\/td>\n<td>H11TR<\/td>\n<td>Hakanen Eevert<\/td>\n<td>RaLu<\/td>\n<td>18.41.00<\/td>\n<\/tr>\n<tr>\n<td>271795<\/td>\n<td>RR1<\/td>\n<td>Koivusalo Venni<\/td>\n<td>RasKa<\/td>\n<td>18.41.00<\/td>\n<\/tr>\n<tr>\n<td>0<\/td>\n<td>RR1<\/td>\n<td>Fedorenko Tymofii<\/td>\n<td>KiU<\/td>\n<td>18.42.00<\/td>\n<\/tr>\n<tr>\n<td>109876<\/td>\n<td>H8RR<\/td>\n<td>Mieskoski Veini<\/td>\n<td>KiU<\/td>\n<td>18.43.00<\/td>\n<\/tr>\n<tr>\n<td>263328<\/td>\n<td>D8RR<\/td>\n<td>Hakanen Ellen<\/td>\n<td>RaLu<\/td>\n<td>18.44.00<\/td>\n<\/tr>\n<tr>\n<td>0<\/td>\n<td>RR1<\/td>\n<td>Lepp\u00e4nen Noel<\/td>\n<td>KiU<\/td>\n<td>18.45.00<\/td>\n<\/tr>\n<tr>\n<td>0<\/td>\n<td>RR1<\/td>\n<td>Mieskoski Milja<\/td>\n<td>KiU<\/td>\n<td>18.45.00<\/td>\n<\/tr>\n<\/tbody>\n<\/table>\n","protected":false},"excerpt":{"rendered":"<p>\u00a0 \u00a0 L\u00e4ht\u00f6lista ajoittain \u00a0 emit sarja nimi seura l\u00e4ht\u00f6aika 180281 D10RR Ketonen Emilia ValSu 18.00.00 242169 H16 Heinil\u00e4 Pyry RasKa 18.00.00 243623 D10RR Anttila Jiia RasKa 18.01.00 258783 D11TR Vehkalahti Heta RasKa 18.01.00 265801 D10RR N\u00e4rv\u00e4 Aino EKU 18.02.00 266746 H16 M\u00e4kel\u00e4 Matias RasKa 18.02.00 517652 D11TR Jaakkola Irene RaLu 18.03.00 70612 RR1 V\u00e4rre [&hellip;]<\/p>\n","protected":false},"author":1,"featured_media":0,"parent":0,"menu_order":0,"comment_status":"closed","ping_status":"closed","template":"","meta":{"footnotes":""},"class_list":["post-2441","page","type-page","status-publish","hentry"],"_links":{"self":[{"href":"https:\/\/www.hiisirasti.fi\/index.php?rest_route=\/wp\/v2\/pages\/2441","targetHints":{"allow":["GET"]}}],"collection":[{"href":"https:\/\/www.hiisirasti.fi\/index.php?rest_route=\/wp\/v2\/pages"}],"about":[{"href":"https:\/\/www.hiisirasti.fi\/index.php?rest_route=\/wp\/v2\/types\/page"}],"author":[{"embeddable":true,"href":"https:\/\/www.hiisirasti.fi\/index.php?rest_route=\/wp\/v2\/users\/1"}],"replies":[{"embeddable":true,"href":"https:\/\/www.hiisirasti.fi\/index.php?rest_route=%2Fwp%2Fv2%2Fcomments&post=2441"}],"version-history":[{"count":1,"href":"https:\/\/www.hiisirasti.fi\/index.php?rest_route=\/wp\/v2\/pages\/2441\/revisions"}],"predecessor-version":[{"id":2442,"href":"https:\/\/www.hiisirasti.fi\/index.php?rest_route=\/wp\/v2\/pages\/2441\/revisions\/2442"}],"wp:attachment":[{"href":"https:\/\/www.hiisirasti.fi\/index.php?rest_route=%2Fwp%2Fv2%2Fmedia&parent=2441"}],"curies":[{"name":"wp","href":"https:\/\/api.w.org\/{rel}","templated":true}]}}