{"id":2444,"date":"2024-08-26T15:18:33","date_gmt":"2024-08-26T12:18:33","guid":{"rendered":"https:\/\/www.hiisirasti.fi\/?page_id=2444"},"modified":"2024-08-27T21:36:33","modified_gmt":"2024-08-27T18:36:33","slug":"oravacup-6-2024-kilpailuohjeet","status":"publish","type":"page","link":"https:\/\/www.hiisirasti.fi\/?page_id=2444","title":{"rendered":"Oravacup 6\/2024, kilpailuohjeet"},"content":{"rendered":"\n<h4 class=\"wp-block-heading\"><strong>Kilpailuohjeet 27.8. Tarkista ennen kilpailua mahdolliset\u00a0muutokset.<\/strong><\/h4>\n\n\n\n<h4 class=\"wp-block-heading\">Kilpailus\u00e4\u00e4nn\u00f6t<\/h4>\n\n\n\n<p>Kilpailussa sovelletaan SSL:n lajis\u00e4\u00e4nt\u00f6j\u00e4, Oravacupin s\u00e4\u00e4nt\u00f6j\u00e4 ja n\u00e4it\u00e4 j\u00e4rjest\u00e4j\u00e4n ohjeita.<\/p>\n\n\n\n<h4 class=\"wp-block-heading\">Kilpailukeskus<\/h4>\n\n\n\n<p>Panelian leikkikentt\u00e4 ja Paneliankosken voiman piha-alue<\/p>\n\n\n\n<h4 class=\"wp-block-heading\">Maasto ja radat<\/h4>\n\n\n\n<p>Maasto kulkee Panelian pururadan ymp\u00e4rill\u00e4 ja alueella on my\u00f6s frisbeegolfrata, joten polkuja maastosta l\u00f6ytyy. Pururadan ulkopuolella maasto on v\u00e4lill\u00e4 peitteist\u00e4kin kuusimets\u00e4\u00e4. Pisimmill\u00e4 radoilla (H\/D16) radat kulkevat Mykorantien toiselle puolelle. Mykorantiet\u00e4 ei saa ylitt\u00e4\u00e4, vaan ainoastaan alittaa merkityst\u00e4 kohdasta.<\/p>\n\n\n\n<h4 class=\"wp-block-heading\">L\u00e4ht\u00f6<\/h4>\n\n\n\n<p>Oravacupin l\u00e4ht\u00f6\u00f6n johtaa viitoitus l\u00e4htee kisakeskuksesta. Matkaa l\u00e4ht\u00f6\u00f6n on noin 500&nbsp;m. <\/p>\n\n\n\n<p>L\u00e4ht\u00f6\u00f6n kutsutaan 4 min ennen.<br>Emit-kortin nollaus suoritetaan l\u00e4ht\u00f6karsinassa 3 min ennen.<br>Mallikartta on n\u00e4ht\u00e4vill\u00e4 2 min ennen l\u00e4ht\u00f6\u00e4, RR-sarjalaiset saavat opastuksen. <br>Kilpailija siirtyy oman karttansa viereen 1 min ennen l\u00e4ht\u00f6\u00e4, saattajasarjat ja sarjat H\/D11TR-H\/D14 saavat ottaa kartat. H\/D16-sarjat saavat kartan l\u00e4ht\u00f6hetkell\u00e4.<br>L\u00e4ht\u00f6 on K-pisteess\u00e4.<\/p>\n\n\n\n<h4 class=\"wp-block-heading\">Emit-kilpailukortin leimaus<\/h4>\n\n\n\n<p>Rastit kierret\u00e4\u00e4n numeroj\u00e4rjestyksess\u00e4. RR-sarjoissa on rastilla RR-tunnukset eli esim. ykk\u00f6srastilla lukee leimauslaudassa ja rastilipussa RR1.<\/p>\n\n\n\n<h4 class=\"wp-block-heading\">Siimari<\/h4>\n\n\n\n<p>RR- ja TR-ratojen reitti on merkitty maastossa yhten\u00e4isell\u00e4 valkoisella nauhalla, karttaan nauha on merkitty hieman tummennetulla oranssilla viivalla.<\/p>\n\n\n\n<h4 class=\"wp-block-heading\">Rastim\u00e4\u00e4ritteet ja kartta<\/h4>\n\n\n\n<p>Tulostekartta muovikotelossa, kaikilla sarjoilla mittakaava 1:7500, k\u00e4yr\u00e4v\u00e4li 2,5 m. Kartta vuodelta&nbsp;2024. Rastim\u00e4\u00e4ritteet kartassa (ei irtorastim\u00e4\u00e4ritteit\u00e4).<\/p>\n\n\n\n<p>Kartalla olevat erikoissymbolit ja niiden selitteet:<\/p>\n\n\n\n<figure class=\"wp-block-image size-full\"><a href=\"https:\/\/www.hiisirasti.fi\/wp-content\/uploads\/2024\/08\/image.png\" rel=\"lightbox-0\"><img loading=\"lazy\" decoding=\"async\" width=\"345\" height=\"110\" src=\"https:\/\/www.hiisirasti.fi\/wp-content\/uploads\/2024\/08\/image.png\" alt=\"\" class=\"wp-image-2449\" srcset=\"https:\/\/www.hiisirasti.fi\/wp-content\/uploads\/2024\/08\/image.png 345w, https:\/\/www.hiisirasti.fi\/wp-content\/uploads\/2024\/08\/image-300x96.png 300w\" sizes=\"auto, (max-width: 345px) 100vw, 345px\" \/><\/a><\/figure>\n\n\n\n<h4 class=\"wp-block-heading\">Ratapituudet ja rastien lukum\u00e4\u00e4r\u00e4<\/h4>\n\n\n\n<p>H\/D8RR, Saattaja-RR 1,4\/1,9\u00a0km 5 rastia<\/p>\n\n\n\n<p>H\/D9RR, H\/D10RR 1,4\/1,9\u00a0km 5 rastia<\/p>\n\n\n\n<p>H\/D11TR, Saattaja-TR 1,5\u00a0km 5\u00a0rastia<\/p>\n\n\n\n<p>H\/D12, Suora-12 (R1) 2,1\u00a0km 6\u00a0rastia<\/p>\n\n\n\n<p>H\/D13, 2,4\u00a0km 8\u00a0rastia<\/p>\n\n\n\n<p>H\/D14, Suora-14 (R2) 2,9\u00a0km 10\u00a0rastia<\/p>\n\n\n\n<p>H\/D16, Suora-16 (R3) 3,5\u00a0km 13\u00a0rastia<\/p>\n\n\n\n<h4 class=\"wp-block-heading\">Viimeinen rasti<\/h4>\n\n\n\n<p>Viimeinen rasti on kaikilla sama. Leimasimissa\u00a0on koodit 69\u00a0ja\u00a0RR5. Kummalla tahansa voi leimata.<\/p>\n\n\n\n<h4 class=\"wp-block-heading\">Maali<\/h4>\n\n\n\n<p>Kilpailussa on k\u00e4yt\u00f6ss\u00e4 maalileimaus eli muista leimata my\u00f6s maalissa! Kaikkien kilpailijoiden, my\u00f6s keskeytt\u00e4neiden, pit\u00e4\u00e4 tulla maalin ja leimantarkastuksen kautta. Maali sijaitsee kilpailukeskuksessa.<\/p>\n\n\n\n<h4 class=\"wp-block-heading\">Palkinnot ja karttojen luovutus<\/h4>\n\n\n\n<p>Kaikki palkitaan maalissa pienell\u00e4 tavarapalkinnolla. Kartat saa pit\u00e4\u00e4 maaliintulon j\u00e4lkeen.<\/p>\n\n\n\n<h4 class=\"wp-block-heading\">Tulokset<\/h4>\n\n\n\n<p>Tulokset julkaistaan my\u00f6hemmin illalla kisasivuilla www.hiisirasti.fi.<\/p>\n\n\n\n<h4 class=\"wp-block-heading\">Info-piste<\/h4>\n\n\n\n<p>Kilpailukeskuksen info-piste hoitaa ilmoittautumisten ep\u00e4selvyydet, j\u00e4lki-ilmoittautumismaksut ja Emitkorttiasiat. Emit-kortin vuokravarauksen tehneet saavat kortin infosta. Ep\u00e4kuntoisen Emit-kortin tilalle on infosta vuokrattavissa rajoitetusti uusia. Vuokra on 3 \u20ac \/ kortti. Kadotetusta kortista perit\u00e4\u00e4n 70 \u20ac. Huom! Vuokratut Emit-kortit palautetaan infoon.<\/p>\n\n\n\n<h4 class=\"wp-block-heading\">Kilpailukeskuspalvelut<\/h4>\n\n\n\n<p>Kilpailukeskuksessa puffetti, joka avoinna n. klo 17:00-19:30, tuotteita rajoitetusti.<\/p>\n\n\n\n<p>Ulko-WC l\u00f6ytyy l\u00e4heiselt\u00e4 leikkikent\u00e4lt\u00e4, ei pesua tai pukutiloja.<\/p>\n\n\n\n<h4 class=\"wp-block-heading\">Kuntosuunnistus<\/h4>\n\n\n\n<p>Kuntosuunnistukseen (3,5 km, 13 rastia) voi ilmoittautua kisapaikalla, hinta 7 \u20ac. Kuntosuunnistuksen l\u00e4ht\u00f6 on samassa paikassa kuin Oravacupin l\u00e4ht\u00f6, l\u00e4hte\u00e4 maastoon voi klo 18-18.45.<\/p>\n\n\n\n<h4 class=\"wp-block-heading\">Kilpailun vastuuhenkil\u00f6t<\/h4>\n\n\n\n<p>Kilpailunjohtaja Kimmo Mieskoski, 045-676 6891<br>Ratamestari Mika Ruuhiala<\/p>\n\n\n","protected":false},"excerpt":{"rendered":"<p>Kilpailuohjeet 27.8. Tarkista ennen kilpailua mahdolliset\u00a0muutokset. Kilpailus\u00e4\u00e4nn\u00f6t Kilpailussa sovelletaan SSL:n lajis\u00e4\u00e4nt\u00f6j\u00e4, Oravacupin s\u00e4\u00e4nt\u00f6j\u00e4 ja n\u00e4it\u00e4 j\u00e4rjest\u00e4j\u00e4n ohjeita. Kilpailukeskus Panelian leikkikentt\u00e4 ja Paneliankosken voiman piha-alue Maasto ja radat Maasto kulkee Panelian pururadan ymp\u00e4rill\u00e4 ja alueella on my\u00f6s frisbeegolfrata, joten polkuja maastosta l\u00f6ytyy. Pururadan ulkopuolella maasto on v\u00e4lill\u00e4 peitteist\u00e4kin kuusimets\u00e4\u00e4. Pisimmill\u00e4 radoilla (H\/D16) radat kulkevat Mykorantien toiselle [&hellip;]<\/p>\n","protected":false},"author":1,"featured_media":0,"parent":0,"menu_order":0,"comment_status":"closed","ping_status":"closed","template":"","meta":{"footnotes":""},"class_list":["post-2444","page","type-page","status-publish","hentry"],"_links":{"self":[{"href":"https:\/\/www.hiisirasti.fi\/index.php?rest_route=\/wp\/v2\/pages\/2444","targetHints":{"allow":["GET"]}}],"collection":[{"href":"https:\/\/www.hiisirasti.fi\/index.php?rest_route=\/wp\/v2\/pages"}],"about":[{"href":"https:\/\/www.hiisirasti.fi\/index.php?rest_route=\/wp\/v2\/types\/page"}],"author":[{"embeddable":true,"href":"https:\/\/www.hiisirasti.fi\/index.php?rest_route=\/wp\/v2\/users\/1"}],"replies":[{"embeddable":true,"href":"https:\/\/www.hiisirasti.fi\/index.php?rest_route=%2Fwp%2Fv2%2Fcomments&post=2444"}],"version-history":[{"count":8,"href":"https:\/\/www.hiisirasti.fi\/index.php?rest_route=\/wp\/v2\/pages\/2444\/revisions"}],"predecessor-version":[{"id":2457,"href":"https:\/\/www.hiisirasti.fi\/index.php?rest_route=\/wp\/v2\/pages\/2444\/revisions\/2457"}],"wp:attachment":[{"href":"https:\/\/www.hiisirasti.fi\/index.php?rest_route=%2Fwp%2Fv2%2Fmedia&parent=2444"}],"curies":[{"name":"wp","href":"https:\/\/api.w.org\/{rel}","templated":true}]}}