{"id":2470,"date":"2024-09-08T21:38:17","date_gmt":"2024-09-08T18:38:17","guid":{"rendered":"https:\/\/www.hiisirasti.fi\/?page_id=2470"},"modified":"2024-09-09T22:15:37","modified_gmt":"2024-09-09T19:15:37","slug":"am-yo-2024-lahtolista-ajoittain","status":"publish","type":"page","link":"https:\/\/www.hiisirasti.fi\/?page_id=2470","title":{"rendered":"AM-y\u00f6 2024, l\u00e4ht\u00f6lista ajoittain"},"content":{"rendered":"\n<table width=\"481\">\n<tbody>\n<tr>\n<td width=\"64\">\u00a0<\/td>\n<td width=\"64\">\u00a0<\/td>\n<td width=\"64\">\u00a0<\/td>\n<td colspan=\"2\" width=\"224\">\n<h3><strong>L\u00e4ht\u00f6lista ajoittain<\/strong><\/h3>\n<\/td>\n<td width=\"65\">\u00a0<\/td>\n<\/tr>\n<tr>\n<td><strong>emit<\/strong><\/td>\n<td><strong>sarja<\/strong><\/td>\n<td><strong>lisenssi<\/strong><\/td>\n<td><strong>nimi<\/strong><\/td>\n<td><strong>seura<\/strong><\/td>\n<td><strong>l\u00e4ht\u00f6aika<\/strong><\/td>\n<\/tr>\n<tr>\n<td>242169<\/td>\n<td>H16<\/td>\n<td>105068<\/td>\n<td>Heinil\u00e4 Pyry<\/td>\n<td>RasKa<\/td>\n<td>21.01.00<\/td>\n<\/tr>\n<tr>\n<td>515155<\/td>\n<td>H18<\/td>\n<td>112415<\/td>\n<td>Joopi Lauri<\/td>\n<td>UlvUra<\/td>\n<td>21.02.00<\/td>\n<\/tr>\n<tr>\n<td>275428<\/td>\n<td>H40<\/td>\n<td>117518<\/td>\n<td>Heinil\u00e4 Perttu<\/td>\n<td>RasKa<\/td>\n<td>21.03.00<\/td>\n<\/tr>\n<tr>\n<td>535981<\/td>\n<td>D16<\/td>\n<td>115549<\/td>\n<td>Vuorela Sofia<\/td>\n<td>UlvUra<\/td>\n<td>21.04.00<\/td>\n<\/tr>\n<tr>\n<td>527042<\/td>\n<td>H45<\/td>\n<td>103703<\/td>\n<td>Joopi Juha<\/td>\n<td>UlvUra<\/td>\n<td>21.04.00<\/td>\n<\/tr>\n<tr>\n<td>262826<\/td>\n<td>H35<\/td>\n<td>25569<\/td>\n<td>Koivusalo Riku<\/td>\n<td>RasKa<\/td>\n<td>21.05.00<\/td>\n<\/tr>\n<tr>\n<td>239109<\/td>\n<td>H50<\/td>\n<td>31725<\/td>\n<td>H\u00e4m\u00e4l\u00e4inen Esa<\/td>\n<td>KanSu<\/td>\n<td>21.05.00<\/td>\n<\/tr>\n<tr>\n<td>252023<\/td>\n<td>H60<\/td>\n<td>23837<\/td>\n<td>Huuhka Jouko<\/td>\n<td>KanSu<\/td>\n<td>21.05.00<\/td>\n<\/tr>\n<tr>\n<td>532660<\/td>\n<td>H14<\/td>\n<td>118116<\/td>\n<td>Hohkuri Ville<\/td>\n<td>RasKa<\/td>\n<td>21.06.00<\/td>\n<\/tr>\n<tr>\n<td>54533<\/td>\n<td>H21<\/td>\n<td>842<\/td>\n<td>Kaskinen Kare<\/td>\n<td>UlvUra<\/td>\n<td>21.06.00<\/td>\n<\/tr>\n<tr>\n<td>271949<\/td>\n<td>H75<\/td>\n<td>20370<\/td>\n<td>H\u00e4m\u00e4l\u00e4inen Seppo<\/td>\n<td>KanSu<\/td>\n<td>21.06.00<\/td>\n<\/tr>\n<tr>\n<td>522538<\/td>\n<td>H40<\/td>\n<td>122597<\/td>\n<td>Selivaara Jaakko<\/td>\n<td>RasKa<\/td>\n<td>21.07.00<\/td>\n<\/tr>\n<tr>\n<td>513831<\/td>\n<td>H50<\/td>\n<td>6891<\/td>\n<td>Teerikoski Petri<\/td>\n<td>LLuja<\/td>\n<td>21.07.00<\/td>\n<\/tr>\n<tr>\n<td>148421<\/td>\n<td>H60<\/td>\n<td>23911<\/td>\n<td>Lammi Mika<\/td>\n<td>LaJy<\/td>\n<td>21.07.00<\/td>\n<\/tr>\n<tr>\n<td>527638<\/td>\n<td>H21<\/td>\n<td>36595<\/td>\n<td>Kallioniemi Jami<\/td>\n<td>RaLu<\/td>\n<td>21.08.00<\/td>\n<\/tr>\n<tr>\n<td>275441<\/td>\n<td>H65<\/td>\n<td>5799<\/td>\n<td>Keskitalo Jukka<\/td>\n<td>PunKu<\/td>\n<td>21.08.00<\/td>\n<\/tr>\n<tr>\n<td>265505<\/td>\n<td>H75<\/td>\n<td>24142<\/td>\n<td>Mannervesi Simo<\/td>\n<td>RaLu<\/td>\n<td>21.08.00<\/td>\n<\/tr>\n<tr>\n<td>274166<\/td>\n<td>H40<\/td>\n<td>97851<\/td>\n<td>Collander Tomi<\/td>\n<td>SuosmSa<\/td>\n<td>21.09.00<\/td>\n<\/tr>\n<tr>\n<td>255185<\/td>\n<td>H50<\/td>\n<td>100677<\/td>\n<td>Toivio Matti<\/td>\n<td>RaPi<\/td>\n<td>21.09.00<\/td>\n<\/tr>\n<tr>\n<td>229940<\/td>\n<td>H60<\/td>\n<td>112668<\/td>\n<td>Koivisto Timo<\/td>\n<td>KoKV<\/td>\n<td>21.09.00<\/td>\n<\/tr>\n<tr>\n<td>525446<\/td>\n<td>H21<\/td>\n<td>8892<\/td>\n<td>Sir\u00e9n Mikko<\/td>\n<td>IkNV<\/td>\n<td>21.10.00<\/td>\n<\/tr>\n<tr>\n<td>517953<\/td>\n<td>H65<\/td>\n<td>104462<\/td>\n<td>Lanne Vesa<\/td>\n<td>Hiisi<\/td>\n<td>21.10.00<\/td>\n<\/tr>\n<tr>\n<td>523621<\/td>\n<td>H75<\/td>\n<td>30878<\/td>\n<td>Lakkinen Keijo<\/td>\n<td>SuSe<\/td>\n<td>21.10.00<\/td>\n<\/tr>\n<tr>\n<td>258347<\/td>\n<td>H40<\/td>\n<td>34860<\/td>\n<td>Vuorela Veli-Matti<\/td>\n<td>UlvUra<\/td>\n<td>21.11.00<\/td>\n<\/tr>\n<tr>\n<td>533020<\/td>\n<td>H50<\/td>\n<td>19546<\/td>\n<td>Tuomisto Juha<\/td>\n<td>VaaSu<\/td>\n<td>21.11.00<\/td>\n<\/tr>\n<tr>\n<td>529538<\/td>\n<td>H60<\/td>\n<td>7002<\/td>\n<td>Elo Jussi<\/td>\n<td>LaJy<\/td>\n<td>21.11.00<\/td>\n<\/tr>\n<tr>\n<td>532435<\/td>\n<td>H21<\/td>\n<td>18616<\/td>\n<td>Ala-\u00c4ij\u00e4l\u00e4 Janne<\/td>\n<td>RaLu<\/td>\n<td>21.12.00<\/td>\n<\/tr>\n<tr>\n<td>517689<\/td>\n<td>H65<\/td>\n<td>22362<\/td>\n<td>Tommila Timo<\/td>\n<td>RasKa<\/td>\n<td>21.12.00<\/td>\n<\/tr>\n<tr>\n<td>269497<\/td>\n<td>H75<\/td>\n<td>8952<\/td>\n<td>Koskinen Timo<\/td>\n<td>VaHa<\/td>\n<td>21.12.00<\/td>\n<\/tr>\n<tr>\n<td>117961<\/td>\n<td>H40<\/td>\n<td>15697<\/td>\n<td>Kauppi Mikael<\/td>\n<td>RaLu<\/td>\n<td>21.13.00<\/td>\n<\/tr>\n<tr>\n<td>518159<\/td>\n<td>H50<\/td>\n<td>33710<\/td>\n<td>Kallioniemi Janne<\/td>\n<td>RaLu<\/td>\n<td>21.13.00<\/td>\n<\/tr>\n<tr>\n<td>530944<\/td>\n<td>H60<\/td>\n<td>18314<\/td>\n<td>Varjonen Lasse<\/td>\n<td>LLuja<\/td>\n<td>21.13.00<\/td>\n<\/tr>\n<tr>\n<td>276584<\/td>\n<td>H65<\/td>\n<td>30904<\/td>\n<td>Valtanen Simo<\/td>\n<td>HinnYr<\/td>\n<td>21.14.00<\/td>\n<\/tr>\n<tr>\n<td>256531<\/td>\n<td>H70<\/td>\n<td>18490<\/td>\n<td>Koskialho Jouko<\/td>\n<td>EuVe<\/td>\n<td>21.14.00<\/td>\n<\/tr>\n<tr>\n<td>526427<\/td>\n<td>H75<\/td>\n<td>20361<\/td>\n<td>H\u00e4m\u00e4l\u00e4inen Pentti<\/td>\n<td>KanSu<\/td>\n<td>21.14.00<\/td>\n<\/tr>\n<tr>\n<td>59256<\/td>\n<td>H40<\/td>\n<td>25823<\/td>\n<td>Mikkola Tuomas<\/td>\n<td>SuosmSa<\/td>\n<td>21.15.00<\/td>\n<\/tr>\n<tr>\n<td>527501<\/td>\n<td>H45<\/td>\n<td>115737<\/td>\n<td>Toivo Marko<\/td>\n<td>LLuja<\/td>\n<td>21.15.00<\/td>\n<\/tr>\n<tr>\n<td>45623<\/td>\n<td>H60<\/td>\n<td>31446<\/td>\n<td>Lehtim\u00e4ki Timo<\/td>\n<td>Hiisi<\/td>\n<td>21.15.00<\/td>\n<\/tr>\n<tr>\n<td>159901<\/td>\n<td>H65<\/td>\n<td>18508<\/td>\n<td>Vaara Jari<\/td>\n<td>KanSu<\/td>\n<td>21.16.00<\/td>\n<\/tr>\n<tr>\n<td>251908<\/td>\n<td>H70<\/td>\n<td>31037<\/td>\n<td>Jakobsson Markus<\/td>\n<td>RasKa<\/td>\n<td>21.16.00<\/td>\n<\/tr>\n<tr>\n<td>535640<\/td>\n<td>H75<\/td>\n<td>11028<\/td>\n<td>M\u00e4kel\u00e4 Harri<\/td>\n<td>SuSe<\/td>\n<td>21.16.00<\/td>\n<\/tr>\n<tr>\n<td>528555<\/td>\n<td>D21<\/td>\n<td>839<\/td>\n<td>Kaskinen Mira<\/td>\n<td>RasKa<\/td>\n<td>21.17.00<\/td>\n<\/tr>\n<tr>\n<td>239272<\/td>\n<td>H45<\/td>\n<td>97744<\/td>\n<td>Nummela Ville<\/td>\n<td>OrPo<\/td>\n<td>21.17.00<\/td>\n<\/tr>\n<tr>\n<td>532420<\/td>\n<td>D60<\/td>\n<td>5975<\/td>\n<td>Tuuppa Riikka<\/td>\n<td>EKU<\/td>\n<td>21.18.00<\/td>\n<\/tr>\n<tr>\n<td>256415<\/td>\n<td>H65<\/td>\n<td>5697<\/td>\n<td>Nummi Esko<\/td>\n<td>PunKu<\/td>\n<td>21.18.00<\/td>\n<\/tr>\n<tr>\n<td>525972<\/td>\n<td>H70<\/td>\n<td>28100<\/td>\n<td>Helkkula Rauli<\/td>\n<td>TuMe<\/td>\n<td>21.18.00<\/td>\n<\/tr>\n<tr>\n<td>529826<\/td>\n<td>D21<\/td>\n<td>109036<\/td>\n<td>Ahlfors Anni<\/td>\n<td>RaLu<\/td>\n<td>21.19.00<\/td>\n<\/tr>\n<tr>\n<td>268417<\/td>\n<td>H45<\/td>\n<td>119962<\/td>\n<td>Alanen Jussi<\/td>\n<td>LLuja<\/td>\n<td>21.19.00<\/td>\n<\/tr>\n<tr>\n<td>45663<\/td>\n<td>D60<\/td>\n<td>4181<\/td>\n<td>Aarikka-Ruuhiala P\u00e4ivi<\/td>\n<td>Hiisi<\/td>\n<td>21.20.00<\/td>\n<\/tr>\n<tr>\n<td>269507<\/td>\n<td>H65<\/td>\n<td>30890<\/td>\n<td>Lehtinen Timo<\/td>\n<td>RaTU<\/td>\n<td>21.20.00<\/td>\n<\/tr>\n<tr>\n<td>265072<\/td>\n<td>H70<\/td>\n<td>12756<\/td>\n<td>Eklund Ralf<\/td>\n<td>RaLu<\/td>\n<td>21.20.00<\/td>\n<\/tr>\n<tr>\n<td>535167<\/td>\n<td>D21<\/td>\n<td>95146<\/td>\n<td>Yli-Futka Amanda<\/td>\n<td>MSParma<\/td>\n<td>21.21.00<\/td>\n<\/tr>\n<tr>\n<td>188682<\/td>\n<td>H55<\/td>\n<td>100952<\/td>\n<td>Lahdenm\u00e4ki Pertti<\/td>\n<td>UlvUra<\/td>\n<td>21.21.00<\/td>\n<\/tr>\n<tr>\n<td>50521<\/td>\n<td>D60<\/td>\n<td>25737<\/td>\n<td>Kallio Kaisa<\/td>\n<td>SiikSi<\/td>\n<td>21.22.00<\/td>\n<\/tr>\n<tr>\n<td>263331<\/td>\n<td>H70<\/td>\n<td>2005<\/td>\n<td>Etu-Huitti Arto<\/td>\n<td>MSParma<\/td>\n<td>21.22.00<\/td>\n<\/tr>\n<tr>\n<td>517275<\/td>\n<td>D70<\/td>\n<td>1114<\/td>\n<td>Juura Maarit<\/td>\n<td>KanSu<\/td>\n<td>21.23.00<\/td>\n<\/tr>\n<tr>\n<td>259093<\/td>\n<td>H55<\/td>\n<td>33349<\/td>\n<td>Nurmo Mika<\/td>\n<td>PunKu<\/td>\n<td>21.23.00<\/td>\n<\/tr>\n<tr>\n<td>506904<\/td>\n<td>D60<\/td>\n<td>20463<\/td>\n<td>M\u00e4kel\u00e4 Tiina<\/td>\n<td>RaTU<\/td>\n<td>21.24.00<\/td>\n<\/tr>\n<tr>\n<td>271796<\/td>\n<td>H70<\/td>\n<td>20611<\/td>\n<td>Lehtovirta Timo<\/td>\n<td>RasKa<\/td>\n<td>21.24.00<\/td>\n<\/tr>\n<tr>\n<td>508784<\/td>\n<td>D70<\/td>\n<td>12146<\/td>\n<td>Karru Sirja<\/td>\n<td>VaRa<\/td>\n<td>21.25.00<\/td>\n<\/tr>\n<tr>\n<td>531310<\/td>\n<td>H55<\/td>\n<td>5020<\/td>\n<td>Nieminen Jyrki<\/td>\n<td>LHR<\/td>\n<td>21.25.00<\/td>\n<\/tr>\n<tr>\n<td>533575<\/td>\n<td>D65<\/td>\n<td>15191<\/td>\n<td>Saari Marita<\/td>\n<td>SuSe<\/td>\n<td>21.26.00<\/td>\n<\/tr>\n<tr>\n<td>257529<\/td>\n<td>H70<\/td>\n<td>12198<\/td>\n<td>Tuomola Touko<\/td>\n<td>Rasti88<\/td>\n<td>21.26.00<\/td>\n<\/tr>\n<tr>\n<td>531395<\/td>\n<td>H55<\/td>\n<td>5568<\/td>\n<td>Pihala Mika<\/td>\n<td>RaLu<\/td>\n<td>21.27.00<\/td>\n<\/tr>\n<tr>\n<td>525754<\/td>\n<td>H80<\/td>\n<td>35575<\/td>\n<td>Tiitola Tero<\/td>\n<td>RasKa<\/td>\n<td>21.27.00<\/td>\n<\/tr>\n<tr>\n<td>262813<\/td>\n<td>D65<\/td>\n<td>31449<\/td>\n<td>Laine Kirsi<\/td>\n<td>VaRa<\/td>\n<td>21.28.00<\/td>\n<\/tr>\n<tr>\n<td>485546<\/td>\n<td>H70<\/td>\n<td>33927<\/td>\n<td>Hannukainen Raimo<\/td>\n<td>KanSu<\/td>\n<td>21.28.00<\/td>\n<\/tr>\n<tr>\n<td>276100<\/td>\n<td>H18<\/td>\n<td>102852<\/td>\n<td>Nurmo Olavi<\/td>\n<td>PunKu<\/td>\n<td>21.29.00<\/td>\n<\/tr>\n<tr>\n<td>312803<\/td>\n<td>H80<\/td>\n<td>9745<\/td>\n<td>Aronen Osmo<\/td>\n<td>RasKa<\/td>\n<td>21.29.00<\/td>\n<\/tr>\n<tr>\n<td>529933<\/td>\n<td>D65<\/td>\n<td>1809<\/td>\n<td>Pelto-Huikko Anne<\/td>\n<td>Hiisi<\/td>\n<td>21.30.00<\/td>\n<\/tr>\n<tr>\n<td>523365<\/td>\n<td>D75<\/td>\n<td>22087<\/td>\n<td>Verha Maija<\/td>\n<td>VaRa<\/td>\n<td>21.30.00<\/td>\n<\/tr>\n<tr>\n<td>510977<\/td>\n<td>H18<\/td>\n<td>103331<\/td>\n<td>Mustonen Ville<\/td>\n<td>RaLu<\/td>\n<td>21.31.00<\/td>\n<\/tr>\n<tr>\n<td>530556<\/td>\n<td>H80<\/td>\n<td>18522<\/td>\n<td>Nyman Per<\/td>\n<td>RasKa<\/td>\n<td>21.31.00<\/td>\n<\/tr>\n<tr>\n<td>524862<\/td>\n<td>D18<\/td>\n<td>108908<\/td>\n<td>Palom\u00e4ki Emilia<\/td>\n<td>RasKa<\/td>\n<td>21.32.00<\/td>\n<\/tr>\n<tr>\n<td>265113<\/td>\n<td>D75<\/td>\n<td>29539<\/td>\n<td>Rahkasuo Kaarina<\/td>\n<td>Rasti88<\/td>\n<td>21.32.00<\/td>\n<\/tr>\n<tr>\n<td>536767<\/td>\n<td>H18<\/td>\n<td>106005<\/td>\n<td>Kivioja Arttu<\/td>\n<td>RasKa<\/td>\n<td>21.33.00<\/td>\n<\/tr>\n<tr>\n<td>261676<\/td>\n<td>H80<\/td>\n<td>7009<\/td>\n<td>Verha Koitto<\/td>\n<td>VaRa<\/td>\n<td>21.33.00<\/td>\n<\/tr>\n<tr>\n<td>529930<\/td>\n<td>D45<\/td>\n<td>7985<\/td>\n<td>M\u00e4ki-Laurila Anne<\/td>\n<td>PunKu<\/td>\n<td>21.34.00<\/td>\n<\/tr>\n<tr>\n<td>258706<\/td>\n<td>D75<\/td>\n<td>24242<\/td>\n<td>Mannervesi Helena<\/td>\n<td>RaLu<\/td>\n<td>21.34.00<\/td>\n<\/tr>\n<tr>\n<td>533648<\/td>\n<td>H18<\/td>\n<td>90824<\/td>\n<td>Kallioniemi Justus<\/td>\n<td>RaLu<\/td>\n<td>21.35.00<\/td>\n<\/tr>\n<tr>\n<td>515822<\/td>\n<td>H80<\/td>\n<td>18564<\/td>\n<td>Mattila Kalervo<\/td>\n<td>RasKa<\/td>\n<td>21.35.00<\/td>\n<\/tr>\n<tr>\n<td>\u00a0<\/td>\n<td>\u00a0<\/td>\n<td>\u00a0<\/td>\n<td>\u00a0<\/td>\n<td>\u00a0<\/td>\n<td>21.36.00<\/td>\n<\/tr>\n<tr>\n<td>533653<\/td>\n<td>H18<\/td>\n<td>94530<\/td>\n<td>Tuominen Rami<\/td>\n<td>KanSu<\/td>\n<td>21.37.00<\/td>\n<\/tr>\n<tr>\n<td>529539<\/td>\n<td>H40<\/td>\n<td>104352<\/td>\n<td>Rostedt Teemu<\/td>\n<td>EKU<\/td>\n<td>21.37.00<\/td>\n<\/tr>\n<\/tbody>\n<\/table>\n","protected":false},"excerpt":{"rendered":"<p>\u00a0 \u00a0 \u00a0 L\u00e4ht\u00f6lista ajoittain \u00a0 emit sarja lisenssi nimi seura l\u00e4ht\u00f6aika 242169 H16 105068 Heinil\u00e4 Pyry RasKa 21.01.00 515155 H18 112415 Joopi Lauri UlvUra 21.02.00 275428 H40 117518 Heinil\u00e4 Perttu RasKa 21.03.00 535981 D16 115549 Vuorela Sofia UlvUra 21.04.00 527042 H45 103703 Joopi Juha UlvUra 21.04.00 262826 H35 25569 Koivusalo Riku RasKa 21.05.00 239109 [&hellip;]<\/p>\n","protected":false},"author":1,"featured_media":0,"parent":0,"menu_order":0,"comment_status":"closed","ping_status":"closed","template":"","meta":{"footnotes":""},"class_list":["post-2470","page","type-page","status-publish","hentry"],"_links":{"self":[{"href":"https:\/\/www.hiisirasti.fi\/index.php?rest_route=\/wp\/v2\/pages\/2470","targetHints":{"allow":["GET"]}}],"collection":[{"href":"https:\/\/www.hiisirasti.fi\/index.php?rest_route=\/wp\/v2\/pages"}],"about":[{"href":"https:\/\/www.hiisirasti.fi\/index.php?rest_route=\/wp\/v2\/types\/page"}],"author":[{"embeddable":true,"href":"https:\/\/www.hiisirasti.fi\/index.php?rest_route=\/wp\/v2\/users\/1"}],"replies":[{"embeddable":true,"href":"https:\/\/www.hiisirasti.fi\/index.php?rest_route=%2Fwp%2Fv2%2Fcomments&post=2470"}],"version-history":[{"count":3,"href":"https:\/\/www.hiisirasti.fi\/index.php?rest_route=\/wp\/v2\/pages\/2470\/revisions"}],"predecessor-version":[{"id":2505,"href":"https:\/\/www.hiisirasti.fi\/index.php?rest_route=\/wp\/v2\/pages\/2470\/revisions\/2505"}],"wp:attachment":[{"href":"https:\/\/www.hiisirasti.fi\/index.php?rest_route=%2Fwp%2Fv2%2Fmedia&parent=2470"}],"curies":[{"name":"wp","href":"https:\/\/api.w.org\/{rel}","templated":true}]}}