{"id":2486,"date":"2024-09-09T13:11:12","date_gmt":"2024-09-09T10:11:12","guid":{"rendered":"https:\/\/www.hiisirasti.fi\/?page_id=2486"},"modified":"2024-09-10T19:52:58","modified_gmt":"2024-09-10T16:52:58","slug":"oravacup-7-2024-kilpailuohjeet","status":"publish","type":"page","link":"https:\/\/www.hiisirasti.fi\/?page_id=2486","title":{"rendered":"Oravacup 7\/2024, kilpailuohjeet"},"content":{"rendered":"\n\n\n<h4 class=\"wp-block-heading\"><strong>Alustavat kilpailuohjeet. Tarkista ennen kilpailua mahdolliset muutokset.<\/strong><\/h4>\n<p>\u00a0<\/p>\n<h4 class=\"wp-block-heading\">Kilpailus\u00e4\u00e4nn\u00f6t<\/h4>\n<p>\u00a0<\/p>\n<p>Kilpailussa sovelletaan SSL:n lajis\u00e4\u00e4nt\u00f6j\u00e4, Oravacupin s\u00e4\u00e4nt\u00f6j\u00e4 ja n\u00e4it\u00e4 j\u00e4rjest\u00e4j\u00e4n ohjeita.<\/p>\n<p>\u00a0<\/p>\n<h4 class=\"wp-block-heading\">Kilpailukeskus<\/h4>\n<p>\u00a0<\/p>\n<p><span style=\"color: #0000ff;\"><strong>Pys\u00e4k\u00f6inti sijaitsee Kepolan kaukalolla (Kokem\u00e4entie 70, K\u00f6yli\u00f6), kilpailukeskuksen vieress\u00e4.<\/strong><\/span> Opastus on Kokem\u00e4entielt\u00e4. Kokem\u00e4entielle voi saapua joko pohjoisesta valtatie 12:lta tai etel\u00e4st\u00e4 K\u00f6yli\u00f6n keskustan kautta.<\/p>\n<p>\u00a0<\/p>\n<h4 class=\"wp-block-heading\">Maasto ja radat<\/h4>\n<p>\u00a0<\/p>\n<p>Koostuu tyypillisest\u00e4 k\u00f6yli\u00f6l\u00e4isest\u00e4 havumets\u00e4alueesta, jossa p\u00e4\u00e4s\u00e4\u00e4nt\u00f6isesti hyv\u00e4 kulkukelpoisuus. Kartan alueella on muutamia harvennuksia ja tiheikk\u00f6j\u00e4, joita on ratasuunnittelulla pyritty v\u00e4ltt\u00e4m\u00e4\u00e4n. Erityispiirteen\u00e4 osassa rataa kuiva kangasmets\u00e4alue, jossa parempi n\u00e4kyvyys ja juostavuus. Kilpailualueella kulkee K\u00f6yli\u00f6n pururata, nimelt\u00e4\u00e4n Harrin Pati, johon voi tukeutua varsinkin suorituksen loppupuolella.<\/p>\n<p>\u00a0<\/p>\n<h4 class=\"wp-block-heading\">L\u00e4ht\u00f6<\/h4>\n<p>\u00a0<\/p>\n<p>Oravacupin l\u00e4ht\u00f6\u00f6n johtaa viitoitus l\u00e4htee kisakeskuksesta. Matkaa l\u00e4ht\u00f6\u00f6n on noin 1200 m.<\/p>\n<p>\u00a0<\/p>\n<p>L\u00e4ht\u00f6\u00f6n kutsutaan 4 min ennen.<br \/>Emit-kortin nollaus suoritetaan l\u00e4ht\u00f6karsinassa 3 min ennen.<br \/>Mallikartta on n\u00e4ht\u00e4vill\u00e4 2 min ennen l\u00e4ht\u00f6\u00e4, RR-sarjalaiset saavat opastuksen.<br \/>Kilpailija siirtyy oman karttansa viereen 1 min ennen l\u00e4ht\u00f6\u00e4, saattajasarjat ja sarjat H\/D11TR-H\/D14 saavat ottaa kartat. H\/D16-sarjat saavat kartan l\u00e4ht\u00f6hetkell\u00e4.<br \/>L\u00e4ht\u00f6 on K-pisteess\u00e4.<\/p>\n<p>\u00a0<\/p>\n<h4 class=\"wp-block-heading\">Emit-kilpailukortin leimaus<\/h4>\n<p>\u00a0<\/p>\n<p>Rastit kierret\u00e4\u00e4n numeroj\u00e4rjestyksess\u00e4. RR-sarjoissa on rastilla RR-tunnukset eli esim. ykk\u00f6srastilla lukee leimauslaudassa RR1 ja rastilipussa RR.<\/p>\n<p>\u00a0<\/p>\n<h4 class=\"wp-block-heading\">Siimari<\/h4>\n<p>\u00a0<\/p>\n<p>RR- ja TR-ratojen reitti on merkitty maastossa yhten\u00e4isell\u00e4 valkoisella nauhalla, karttaan nauha on merkitty oranssilla viivalla.<\/p>\n<h4 class=\"wp-block-heading\">Ohjaava nauhoitus<\/h4>\n<p>\u00a0<\/p>\n<p>Sarjojen H\/D11TR ja H\/D12 karttoihin on yhdell\u00e4 v\u00e4lill\u00e4 piirretty oranssilla katkoviivalla ohjaava nauhoitus, jota saa halutessaan hy\u00f6dynt\u00e4\u00e4. T\u00e4m\u00e4 katkoviivalla merkitty nauhoitus on merkitty maastoon tasasin v\u00e4lein puusta roikkuvilla nauhoilla ja toimii \u201clis\u00e4polkuna\u201d jota pitkin voi l\u00e4hesty\u00e4 kohti rastia.<\/p>\n<p>\u00a0<\/p>\n<h4 class=\"wp-block-heading\">Rastim\u00e4\u00e4ritteet ja kartta<\/h4>\n<p>\u00a0<\/p>\n<p>Tulostekartta muovikotelossa, kaikilla sarjoilla mittakaava 1:7500, k\u00e4yr\u00e4v\u00e4li 2,5 m. Kartta vuodelta\u00a02024. Rastim\u00e4\u00e4ritteet kartassa (ei irtorastim\u00e4\u00e4ritteit\u00e4).<\/p>\n<p>\u00a0<\/p>\n<h4 class=\"wp-block-heading\">Ratapituudet ja rastien lukum\u00e4\u00e4r\u00e4<\/h4>\n<p>\u00a0<\/p>\n<p>H\/D8RR, Saattaja-RR 1,7\/2,5 km 6 rastia<\/p>\n<p>\u00a0<\/p>\n<p>H\/D9RR, H\/D10RR 1,7\/2,5 km 6 rastia<\/p>\n<p>\u00a0<\/p>\n<p>H\/D11TR, Saattaja-TR 1,7 km 6 rastia<\/p>\n<p>\u00a0<\/p>\n<p>H\/D12, Suora-12 (R1) 2,0 km 8 rastia<\/p>\n<p>\u00a0<\/p>\n<p>H\/D13, 2,5 km 9 rastia<\/p>\n<p>\u00a0<\/p>\n<p>H\/D14, Suora-14 (R2) 3,1 km 11 rastia<\/p>\n<p>\u00a0<\/p>\n<p>H\/D16, Suora-16 (R3) 4,0 km 10 rastia<\/p>\n<p>\u00a0<\/p>\n<h4 class=\"wp-block-heading\">Viimeinen rasti<\/h4>\n<p>\u00a0<\/p>\n<p>Viimeinen rasti on kaikilla sama. Leimasimissa on koodit 110 ja RR6. Kummalla tahansa voi leimata.<\/p>\n<p>\u00a0<\/p>\n<h4 class=\"wp-block-heading\">Maali<\/h4>\n<p>\u00a0<\/p>\n<p>Kilpailussa on k\u00e4yt\u00f6ss\u00e4 maalileimaus eli muista leimata my\u00f6s maalissa! Kaikkien kilpailijoiden, my\u00f6s keskeytt\u00e4neiden, pit\u00e4\u00e4 tulla maalin ja leimantarkastuksen kautta. Maali sijaitsee kilpailukeskuksessa.<\/p>\n<p>\u00a0<\/p>\n<h4 class=\"wp-block-heading\">Palkinnot ja karttojen luovutus<\/h4>\n<p>\u00a0<\/p>\n<p>Kaikki palkitaan maalissa pienell\u00e4 palkinnolla. Kartat saa pit\u00e4\u00e4 maaliintulon j\u00e4lkeen.<\/p>\n<p>\u00a0<\/p>\n<h4 class=\"wp-block-heading\">Tulokset<\/h4>\n<p>\u00a0<\/p>\n<p>Tulokset julkaistaan my\u00f6hemmin illalla kisasivuilla www.hiisirasti.fi.<\/p>\n<p>\u00a0<\/p>\n<h4 class=\"wp-block-heading\">Info-piste<\/h4>\n<p>\u00a0<\/p>\n<p>Kilpailukeskuksen info-piste hoitaa ilmoittautumisten ep\u00e4selvyydet, j\u00e4lki-ilmoittautumismaksut ja Emitkorttiasiat. Emit-kortin vuokravarauksen tehneet saavat kortin infosta. Ep\u00e4kuntoisen Emit-kortin tilalle on infosta vuokrattavissa rajoitetusti uusia. Vuokra on 3 \u20ac \/ kortti. Kadotetusta kortista perit\u00e4\u00e4n 70 \u20ac. Huom! Vuokratut Emit-kortit palautetaan infoon.<\/p>\n<p>\u00a0<\/p>\n<h4 class=\"wp-block-heading\">Kilpailukeskuspalvelut<\/h4>\n<p>\u00a0<\/p>\n<p>Kilpailukeskuksessa puffetti, joka avoinna n. klo 17:00-19:30, tuotteita rajoitetusti.<\/p>\n<p>\u00a0<\/p>\n<p>Ulko-WC l\u00f6ytyy kilpailukeskuksesta, ei pesua tai pukutiloja.<\/p>\n<p>\u00a0<\/p>\n<h4 class=\"wp-block-heading\">Kuntosuunnistus<\/h4>\n<p>\u00a0<\/p>\n<p>Kuntosuunnistukseen (4,0 km, 10 rastia) voi ilmoittautua kisapaikalla, hinta 7 \u20ac. Kuntosuunnistuksen l\u00e4ht\u00f6 on samassa paikassa kuin Oravacupin l\u00e4ht\u00f6, l\u00e4hte\u00e4 maastoon voi klo 18.00-18.50.<\/p>\n<p>\u00a0<\/p>\n<h4 class=\"wp-block-heading\">Kilpailun vastuuhenkil\u00f6t<\/h4>\n<p>\u00a0<\/p>\n<p>Kilpailunjohtaja Kimmo Mieskoski, 045-676 6891<br \/>Ratamestari Joona Huila<\/p>\n","protected":false},"excerpt":{"rendered":"<p>Alustavat kilpailuohjeet. Tarkista ennen kilpailua mahdolliset muutokset. \u00a0 Kilpailus\u00e4\u00e4nn\u00f6t \u00a0 Kilpailussa sovelletaan SSL:n lajis\u00e4\u00e4nt\u00f6j\u00e4, Oravacupin s\u00e4\u00e4nt\u00f6j\u00e4 ja n\u00e4it\u00e4 j\u00e4rjest\u00e4j\u00e4n ohjeita. \u00a0 Kilpailukeskus \u00a0 Pys\u00e4k\u00f6inti sijaitsee Kepolan kaukalolla (Kokem\u00e4entie 70, K\u00f6yli\u00f6), kilpailukeskuksen vieress\u00e4. Opastus on Kokem\u00e4entielt\u00e4. Kokem\u00e4entielle voi saapua joko pohjoisesta valtatie 12:lta tai etel\u00e4st\u00e4 K\u00f6yli\u00f6n keskustan kautta. \u00a0 Maasto ja radat \u00a0 Koostuu tyypillisest\u00e4 k\u00f6yli\u00f6l\u00e4isest\u00e4 [&hellip;]<\/p>\n","protected":false},"author":1,"featured_media":0,"parent":0,"menu_order":0,"comment_status":"closed","ping_status":"closed","template":"","meta":{"footnotes":""},"class_list":["post-2486","page","type-page","status-publish","hentry"],"_links":{"self":[{"href":"https:\/\/www.hiisirasti.fi\/index.php?rest_route=\/wp\/v2\/pages\/2486","targetHints":{"allow":["GET"]}}],"collection":[{"href":"https:\/\/www.hiisirasti.fi\/index.php?rest_route=\/wp\/v2\/pages"}],"about":[{"href":"https:\/\/www.hiisirasti.fi\/index.php?rest_route=\/wp\/v2\/types\/page"}],"author":[{"embeddable":true,"href":"https:\/\/www.hiisirasti.fi\/index.php?rest_route=\/wp\/v2\/users\/1"}],"replies":[{"embeddable":true,"href":"https:\/\/www.hiisirasti.fi\/index.php?rest_route=%2Fwp%2Fv2%2Fcomments&post=2486"}],"version-history":[{"count":5,"href":"https:\/\/www.hiisirasti.fi\/index.php?rest_route=\/wp\/v2\/pages\/2486\/revisions"}],"predecessor-version":[{"id":2510,"href":"https:\/\/www.hiisirasti.fi\/index.php?rest_route=\/wp\/v2\/pages\/2486\/revisions\/2510"}],"wp:attachment":[{"href":"https:\/\/www.hiisirasti.fi\/index.php?rest_route=%2Fwp%2Fv2%2Fmedia&parent=2486"}],"curies":[{"name":"wp","href":"https:\/\/api.w.org\/{rel}","templated":true}]}}