{"id":2492,"date":"2024-09-09T14:37:07","date_gmt":"2024-09-09T11:37:07","guid":{"rendered":"https:\/\/www.hiisirasti.fi\/?page_id=2492"},"modified":"2024-09-09T22:15:03","modified_gmt":"2024-09-09T19:15:03","slug":"oravacup-7-2024-lahtolista-ajoittain","status":"publish","type":"page","link":"https:\/\/www.hiisirasti.fi\/?page_id=2492","title":{"rendered":"Oravacup 7\/2024, l\u00e4ht\u00f6lista ajoittain"},"content":{"rendered":"\n<table width=\"445\">\n<tbody>\n<tr>\n<td width=\"64\">\u00a0<\/td>\n<td width=\"64\">\u00a0<\/td>\n<td colspan=\"2\" width=\"253\">\n<h3><strong>L\u00e4ht\u00f6lista ajoittain<\/strong><\/h3>\n<\/td>\n<td width=\"64\">\u00a0<\/td>\n<\/tr>\n<tr>\n<td><strong>emit<\/strong><\/td>\n<td><strong>sarja<\/strong><\/td>\n<td><strong>nimi<\/strong><\/td>\n<td><strong>seura<\/strong><\/td>\n<td><strong>l\u00e4ht\u00f6aika<\/strong><\/td>\n<\/tr>\n<tr>\n<td>125228<\/td>\n<td>R2<\/td>\n<td>V\u00e4lim\u00e4ki Juho<\/td>\n<td>ValSu<\/td>\n<td>18.00.00<\/td>\n<\/tr>\n<tr>\n<td>92992<\/td>\n<td>RR1<\/td>\n<td>Pohjala Sylvia<\/td>\n<td>KiU<\/td>\n<td>18.00.00<\/td>\n<\/tr>\n<tr>\n<td>68178<\/td>\n<td>H10RR<\/td>\n<td>Karpeeki Niila<\/td>\n<td>RaLu<\/td>\n<td>18.01.00<\/td>\n<\/tr>\n<tr>\n<td>525749<\/td>\n<td>H12<\/td>\n<td>Kauko Kaarlo<\/td>\n<td>RaLu<\/td>\n<td>18.01.00<\/td>\n<\/tr>\n<tr>\n<td>243512<\/td>\n<td>H10RR<\/td>\n<td>Rosnell Tuukka<\/td>\n<td>RasKa<\/td>\n<td>18.02.00<\/td>\n<\/tr>\n<tr>\n<td>532660<\/td>\n<td>H13<\/td>\n<td>Hohkuri Ville<\/td>\n<td>RasKa<\/td>\n<td>18.02.00<\/td>\n<\/tr>\n<tr>\n<td>263674<\/td>\n<td>H10RR<\/td>\n<td>Heinil\u00e4 Touko<\/td>\n<td>RasKa<\/td>\n<td>18.03.00<\/td>\n<\/tr>\n<tr>\n<td>532640<\/td>\n<td>H12<\/td>\n<td>Niemi Lenni<\/td>\n<td>RasKa<\/td>\n<td>18.03.00<\/td>\n<\/tr>\n<tr>\n<td>275811<\/td>\n<td>H10RR<\/td>\n<td>Toivola Aapeli<\/td>\n<td>LLuja<\/td>\n<td>18.04.00<\/td>\n<\/tr>\n<tr>\n<td>159095<\/td>\n<td>H13<\/td>\n<td>Alin Topi<\/td>\n<td>K\u00f6La<\/td>\n<td>18.04.00<\/td>\n<\/tr>\n<tr>\n<td>159703<\/td>\n<td>H10RR<\/td>\n<td>Leppikorpi Eino<\/td>\n<td>RaLu<\/td>\n<td>18.05.00<\/td>\n<\/tr>\n<tr>\n<td>529902<\/td>\n<td>H12<\/td>\n<td>Salomaa Paavo<\/td>\n<td>KanSu<\/td>\n<td>18.05.00<\/td>\n<\/tr>\n<tr>\n<td>243588<\/td>\n<td>H10RR<\/td>\n<td>Nieminen Eemil<\/td>\n<td>RasKa<\/td>\n<td>18.06.00<\/td>\n<\/tr>\n<tr>\n<td>531431<\/td>\n<td>H13<\/td>\n<td>Kotta Miikka<\/td>\n<td>KanSu<\/td>\n<td>18.06.00<\/td>\n<\/tr>\n<tr>\n<td>265801<\/td>\n<td>D10RR<\/td>\n<td>N\u00e4rv\u00e4 Aino<\/td>\n<td>EKU<\/td>\n<td>18.07.00<\/td>\n<\/tr>\n<tr>\n<td>279324<\/td>\n<td>H12<\/td>\n<td>Kivioja Otto<\/td>\n<td>RasKa<\/td>\n<td>18.07.00<\/td>\n<\/tr>\n<tr>\n<td>243623<\/td>\n<td>D10RR<\/td>\n<td>Anttila Jiia<\/td>\n<td>RasKa<\/td>\n<td>18.08.00<\/td>\n<\/tr>\n<tr>\n<td>270762<\/td>\n<td>D14<\/td>\n<td>Poskiparta Iida<\/td>\n<td>RasKa<\/td>\n<td>18.08.00<\/td>\n<\/tr>\n<tr>\n<td>243582<\/td>\n<td>H12<\/td>\n<td>Nieminen Mikael<\/td>\n<td>RasKa<\/td>\n<td>18.09.00<\/td>\n<\/tr>\n<tr>\n<td>45634<\/td>\n<td>H9RR<\/td>\n<td>P\u00e4l\u00e4 Eino<\/td>\n<td>KanSu<\/td>\n<td>18.09.00<\/td>\n<\/tr>\n<tr>\n<td>533489<\/td>\n<td>D14<\/td>\n<td>Varesvuo Siiri<\/td>\n<td>RasKa<\/td>\n<td>18.10.00<\/td>\n<\/tr>\n<tr>\n<td>45406<\/td>\n<td>H9RR<\/td>\n<td>V\u00e4rre Hugo<\/td>\n<td>RaLu<\/td>\n<td>18.10.00<\/td>\n<\/tr>\n<tr>\n<td>277796<\/td>\n<td>D12<\/td>\n<td>Toivo Elsa<\/td>\n<td>LLuja<\/td>\n<td>18.11.00<\/td>\n<\/tr>\n<tr>\n<td>230852<\/td>\n<td>H9RR<\/td>\n<td>Knuutila Timi<\/td>\n<td>KanSu<\/td>\n<td>18.11.00<\/td>\n<\/tr>\n<tr>\n<td>250842<\/td>\n<td>D13<\/td>\n<td>Hakanen Elsa<\/td>\n<td>RaLu<\/td>\n<td>18.12.00<\/td>\n<\/tr>\n<tr>\n<td>275808<\/td>\n<td>D9RR<\/td>\n<td>Heikkil\u00e4 Aura<\/td>\n<td>LLuja<\/td>\n<td>18.12.00<\/td>\n<\/tr>\n<tr>\n<td>520083<\/td>\n<td>D12<\/td>\n<td>Kujansuu Siiri<\/td>\n<td>RasKa<\/td>\n<td>18.13.00<\/td>\n<\/tr>\n<tr>\n<td>0<\/td>\n<td>D9RR<\/td>\n<td>V\u00e4in\u00f6l\u00e4 Veera<\/td>\n<td>K\u00f6La<\/td>\n<td>18.13.00<\/td>\n<\/tr>\n<tr>\n<td>257132<\/td>\n<td>D13<\/td>\n<td>Koivusalo Elli<\/td>\n<td>RasKa<\/td>\n<td>18.14.00<\/td>\n<\/tr>\n<tr>\n<td>257716<\/td>\n<td>D9RR<\/td>\n<td>Gustafsson Saimi<\/td>\n<td>RasKa<\/td>\n<td>18.14.00<\/td>\n<\/tr>\n<tr>\n<td>517791<\/td>\n<td>D12<\/td>\n<td>V\u00e4in\u00f6l\u00e4 Ronja<\/td>\n<td>K\u00f6La<\/td>\n<td>18.15.00<\/td>\n<\/tr>\n<tr>\n<td>159704<\/td>\n<td>D9RR<\/td>\n<td>Leppikorpi Siiri<\/td>\n<td>RaLu<\/td>\n<td>18.15.00<\/td>\n<\/tr>\n<tr>\n<td>251229<\/td>\n<td>D13<\/td>\n<td>Huhtala Enni<\/td>\n<td>ValSu<\/td>\n<td>18.16.00<\/td>\n<\/tr>\n<tr>\n<td>266363<\/td>\n<td>D9RR<\/td>\n<td>Hohkuri Aino<\/td>\n<td>RasKa<\/td>\n<td>18.16.00<\/td>\n<\/tr>\n<tr>\n<td>273783<\/td>\n<td>D12<\/td>\n<td>Heinil\u00e4 Pinja<\/td>\n<td>RasKa<\/td>\n<td>18.17.00<\/td>\n<\/tr>\n<tr>\n<td>109876<\/td>\n<td>H8RR<\/td>\n<td>Mieskoski Veini<\/td>\n<td>KiU<\/td>\n<td>18.17.00<\/td>\n<\/tr>\n<tr>\n<td>243680<\/td>\n<td>D13<\/td>\n<td>Ojanen Siiri<\/td>\n<td>RasKa<\/td>\n<td>18.18.00<\/td>\n<\/tr>\n<tr>\n<td>156099<\/td>\n<td>H8RR<\/td>\n<td>Lahti Santeri<\/td>\n<td>KanSu<\/td>\n<td>18.18.00<\/td>\n<\/tr>\n<tr>\n<td>258784<\/td>\n<td>D12<\/td>\n<td>Tuohimaa Jadelle<\/td>\n<td>RasKa<\/td>\n<td>18.19.00<\/td>\n<\/tr>\n<tr>\n<td>76222<\/td>\n<td>H8RR<\/td>\n<td>Karpeeki Jalo<\/td>\n<td>RaLu<\/td>\n<td>18.19.00<\/td>\n<\/tr>\n<tr>\n<td>257487<\/td>\n<td>D13<\/td>\n<td>Ranta Tytti<\/td>\n<td>LLuja<\/td>\n<td>18.20.00<\/td>\n<\/tr>\n<tr>\n<td>271795<\/td>\n<td>H8RR<\/td>\n<td>Koivusalo Venni<\/td>\n<td>RasKa<\/td>\n<td>18.20.00<\/td>\n<\/tr>\n<tr>\n<td>148856<\/td>\n<td>H11TR<\/td>\n<td>Valtamo Ossi<\/td>\n<td>KoKV<\/td>\n<td>18.21.00<\/td>\n<\/tr>\n<tr>\n<td>533274<\/td>\n<td>H8RR<\/td>\n<td>Keskitalo Oskari<\/td>\n<td>LLuja<\/td>\n<td>18.21.00<\/td>\n<\/tr>\n<tr>\n<td>217311<\/td>\n<td>H16<\/td>\n<td>Malinen Otto<\/td>\n<td>KoKV<\/td>\n<td>18.22.00<\/td>\n<\/tr>\n<tr>\n<td>272064<\/td>\n<td>H8RR<\/td>\n<td>Given Oskar<\/td>\n<td>RaLu<\/td>\n<td>18.22.00<\/td>\n<\/tr>\n<tr>\n<td>521623<\/td>\n<td>D8RR<\/td>\n<td>V\u00e4in\u00f6l\u00e4 Roosa<\/td>\n<td>K\u00f6La<\/td>\n<td>18.23.00<\/td>\n<\/tr>\n<tr>\n<td>263333<\/td>\n<td>H11TR<\/td>\n<td>Hakanen Eevert<\/td>\n<td>RaLu<\/td>\n<td>18.23.00<\/td>\n<\/tr>\n<tr>\n<td>0<\/td>\n<td>D8RR<\/td>\n<td>Kallio Veera<\/td>\n<td>KiU<\/td>\n<td>18.24.00<\/td>\n<\/tr>\n<tr>\n<td>241855<\/td>\n<td>H16<\/td>\n<td>L\u00e4hteenm\u00e4ki Akseli<\/td>\n<td>EKU<\/td>\n<td>18.24.00<\/td>\n<\/tr>\n<tr>\n<td>263328<\/td>\n<td>D8RR<\/td>\n<td>Hakanen Ellen<\/td>\n<td>RaLu<\/td>\n<td>18.25.00<\/td>\n<\/tr>\n<tr>\n<td>271792<\/td>\n<td>H11TR<\/td>\n<td>Koivusalo Peetu<\/td>\n<td>RasKa<\/td>\n<td>18.25.00<\/td>\n<\/tr>\n<tr>\n<td>243483<\/td>\n<td>D8RR<\/td>\n<td>Vehkalahti Hilma<\/td>\n<td>RasKa<\/td>\n<td>18.26.00<\/td>\n<\/tr>\n<tr>\n<td>515155<\/td>\n<td>H16<\/td>\n<td>Joopi Lauri<\/td>\n<td>UlvUra<\/td>\n<td>18.26.00<\/td>\n<\/tr>\n<tr>\n<td>275813<\/td>\n<td>D8RR<\/td>\n<td>Toivola Enni<\/td>\n<td>LLuja<\/td>\n<td>18.27.00<\/td>\n<\/tr>\n<tr>\n<td>514402<\/td>\n<td>H11TR<\/td>\n<td>Kemppi Eelis<\/td>\n<td>LLuja<\/td>\n<td>18.27.00<\/td>\n<\/tr>\n<tr>\n<td>526882<\/td>\n<td>D8RR<\/td>\n<td>Jaakkola Hilla<\/td>\n<td>RaLu<\/td>\n<td>18.28.00<\/td>\n<\/tr>\n<tr>\n<td>535625<\/td>\n<td>H16<\/td>\n<td>Kujansuu Severi<\/td>\n<td>KanSu<\/td>\n<td>18.28.00<\/td>\n<\/tr>\n<tr>\n<td>0<\/td>\n<td>RR1<\/td>\n<td>Kallio Noora<\/td>\n<td>KiU<\/td>\n<td>18.28.00<\/td>\n<\/tr>\n<tr>\n<td>243674<\/td>\n<td>D11TR<\/td>\n<td>Maljanen Linda<\/td>\n<td>RasKa<\/td>\n<td>18.29.00<\/td>\n<\/tr>\n<tr>\n<td>243511<\/td>\n<td>RR1<\/td>\n<td>Nenonen Sulo<\/td>\n<td>RasKa<\/td>\n<td>18.29.00<\/td>\n<\/tr>\n<tr>\n<td>148369<\/td>\n<td>H16<\/td>\n<td>Set\u00e4l\u00e4 Tuomas<\/td>\n<td>KoKV<\/td>\n<td>18.30.00<\/td>\n<\/tr>\n<tr>\n<td>90809<\/td>\n<td>RR1<\/td>\n<td>P\u00e4l\u00e4 V\u00e4in\u00f6<\/td>\n<td>KanSu<\/td>\n<td>18.30.00<\/td>\n<\/tr>\n<tr>\n<td>522064<\/td>\n<td>D11TR<\/td>\n<td>Ranta Lilli<\/td>\n<td>LLuja<\/td>\n<td>18.31.00<\/td>\n<\/tr>\n<tr>\n<td>243634<\/td>\n<td>RR1<\/td>\n<td>Vehkalahti Hertta<\/td>\n<td>RasKa<\/td>\n<td>18.31.00<\/td>\n<\/tr>\n<tr>\n<td>258790<\/td>\n<td>RR1<\/td>\n<td>Vehkalahti Urho<\/td>\n<td>RasKa<\/td>\n<td>18.31.00<\/td>\n<\/tr>\n<tr>\n<td>242169<\/td>\n<td>H16<\/td>\n<td>Heinil\u00e4 Pyry<\/td>\n<td>RasKa<\/td>\n<td>18.32.00<\/td>\n<\/tr>\n<tr>\n<td>0<\/td>\n<td>RR1<\/td>\n<td>Mieskoski Milja<\/td>\n<td>KiU<\/td>\n<td>18.32.00<\/td>\n<\/tr>\n<tr>\n<td>0<\/td>\n<td>RR1<\/td>\n<td>Lepp\u00e4nen Noel<\/td>\n<td>KiU<\/td>\n<td>18.32.00<\/td>\n<\/tr>\n<tr>\n<td>258783<\/td>\n<td>D11TR<\/td>\n<td>Vehkalahti Heta<\/td>\n<td>RasKa<\/td>\n<td>18.33.00<\/td>\n<\/tr>\n<tr>\n<td>258791<\/td>\n<td>RR1<\/td>\n<td>Nieminen Niilo<\/td>\n<td>RasKa<\/td>\n<td>18.33.00<\/td>\n<\/tr>\n<tr>\n<td>85353<\/td>\n<td>D16<\/td>\n<td>Vuorela Sofia<\/td>\n<td>UlvUra<\/td>\n<td>18.34.00<\/td>\n<\/tr>\n<tr>\n<td>70612<\/td>\n<td>RR1<\/td>\n<td>V\u00e4rre Henrik<\/td>\n<td>RaLu<\/td>\n<td>18.34.00<\/td>\n<\/tr>\n<tr>\n<td>517652<\/td>\n<td>D11TR<\/td>\n<td>Jaakkola Irene<\/td>\n<td>RaLu<\/td>\n<td>18.35.00<\/td>\n<\/tr>\n<tr>\n<td>531300<\/td>\n<td>D16<\/td>\n<td>Oksa Jenni<\/td>\n<td>RasKa<\/td>\n<td>18.36.00<\/td>\n<\/tr>\n<tr>\n<td>533275<\/td>\n<td>RR1<\/td>\n<td>Keskitalo Ronja<\/td>\n<td>LLuja<\/td>\n<td>18.36.00<\/td>\n<\/tr>\n<tr>\n<td>42261<\/td>\n<td>D11TR<\/td>\n<td>Koota Saana<\/td>\n<td>ValSu<\/td>\n<td>18.37.00<\/td>\n<\/tr>\n<tr>\n<td>180107<\/td>\n<td>RR1<\/td>\n<td>Priia Enni<\/td>\n<td>ValSu<\/td>\n<td>18.37.00<\/td>\n<\/tr>\n<tr>\n<td>525755<\/td>\n<td>D16<\/td>\n<td>Lehtonen Viola<\/td>\n<td>RasKa<\/td>\n<td>18.38.00<\/td>\n<\/tr>\n<tr>\n<td>0<\/td>\n<td>RR1<\/td>\n<td>Peltom\u00e4ki Eveliina<\/td>\n<td>KanSu<\/td>\n<td>18.38.00<\/td>\n<\/tr>\n<tr>\n<td>528913<\/td>\n<td>RR1<\/td>\n<td>Kuusisto Valtteri<\/td>\n<td>RasKa<\/td>\n<td>18.39.00<\/td>\n<\/tr>\n<tr>\n<td>253866<\/td>\n<td>D16<\/td>\n<td>Salomaa Aino<\/td>\n<td>KanSu<\/td>\n<td>18.40.00<\/td>\n<\/tr>\n<tr>\n<td>0<\/td>\n<td>RR1<\/td>\n<td>Kallio Laura<\/td>\n<td>KiU<\/td>\n<td>18.40.00<\/td>\n<\/tr>\n<tr>\n<td>275187<\/td>\n<td>RR1<\/td>\n<td>Given Alfred<\/td>\n<td>RaLu<\/td>\n<td>18.41.00<\/td>\n<\/tr>\n<tr>\n<td>257812<\/td>\n<td>D16<\/td>\n<td>Heikkil\u00e4 Nella<\/td>\n<td>RasKa<\/td>\n<td>18.42.00<\/td>\n<\/tr>\n<tr>\n<td>0<\/td>\n<td>RR1<\/td>\n<td>Pohjala Leevi<\/td>\n<td>ValSu<\/td>\n<td>18.42.00<\/td>\n<\/tr>\n<tr>\n<td>0<\/td>\n<td>RR1<\/td>\n<td>Rantanen Ella<\/td>\n<td>KiU<\/td>\n<td>18.43.00<\/td>\n<\/tr>\n<tr>\n<td>0<\/td>\n<td>RR1<\/td>\n<td>Fedorenko Tymofii<\/td>\n<td>KiU<\/td>\n<td>18.44.00<\/td>\n<\/tr>\n<tr>\n<td>243583<\/td>\n<td>RR1<\/td>\n<td>V\u00e4lim\u00e4ki Veini<\/td>\n<td>RasKa<\/td>\n<td>18.45.00<\/td>\n<\/tr>\n<\/tbody>\n<\/table>\n","protected":false},"excerpt":{"rendered":"<p>\u00a0 \u00a0 L\u00e4ht\u00f6lista ajoittain \u00a0 emit sarja nimi seura l\u00e4ht\u00f6aika 125228 R2 V\u00e4lim\u00e4ki Juho ValSu 18.00.00 92992 RR1 Pohjala Sylvia KiU 18.00.00 68178 H10RR Karpeeki Niila RaLu 18.01.00 525749 H12 Kauko Kaarlo RaLu 18.01.00 243512 H10RR Rosnell Tuukka RasKa 18.02.00 532660 H13 Hohkuri Ville RasKa 18.02.00 263674 H10RR Heinil\u00e4 Touko RasKa 18.03.00 532640 H12 Niemi [&hellip;]<\/p>\n","protected":false},"author":1,"featured_media":0,"parent":0,"menu_order":0,"comment_status":"closed","ping_status":"closed","template":"","meta":{"footnotes":""},"class_list":["post-2492","page","type-page","status-publish","hentry"],"_links":{"self":[{"href":"https:\/\/www.hiisirasti.fi\/index.php?rest_route=\/wp\/v2\/pages\/2492","targetHints":{"allow":["GET"]}}],"collection":[{"href":"https:\/\/www.hiisirasti.fi\/index.php?rest_route=\/wp\/v2\/pages"}],"about":[{"href":"https:\/\/www.hiisirasti.fi\/index.php?rest_route=\/wp\/v2\/types\/page"}],"author":[{"embeddable":true,"href":"https:\/\/www.hiisirasti.fi\/index.php?rest_route=\/wp\/v2\/users\/1"}],"replies":[{"embeddable":true,"href":"https:\/\/www.hiisirasti.fi\/index.php?rest_route=%2Fwp%2Fv2%2Fcomments&post=2492"}],"version-history":[{"count":3,"href":"https:\/\/www.hiisirasti.fi\/index.php?rest_route=\/wp\/v2\/pages\/2492\/revisions"}],"predecessor-version":[{"id":2504,"href":"https:\/\/www.hiisirasti.fi\/index.php?rest_route=\/wp\/v2\/pages\/2492\/revisions\/2504"}],"wp:attachment":[{"href":"https:\/\/www.hiisirasti.fi\/index.php?rest_route=%2Fwp%2Fv2%2Fmedia&parent=2492"}],"curies":[{"name":"wp","href":"https:\/\/api.w.org\/{rel}","templated":true}]}}