{"id":2498,"date":"2024-09-09T14:43:19","date_gmt":"2024-09-09T11:43:19","guid":{"rendered":"https:\/\/www.hiisirasti.fi\/?page_id=2498"},"modified":"2024-09-09T14:43:21","modified_gmt":"2024-09-09T11:43:21","slug":"oravacup-7-2024-lahtolista-seuroittain","status":"publish","type":"page","link":"https:\/\/www.hiisirasti.fi\/?page_id=2498","title":{"rendered":"Oravacup 7\/2024, l\u00e4ht\u00f6lista seuroittain"},"content":{"rendered":"\n\n\n<table style=\"width: 100%; height: 2093px;\" width=\"445\">\n<tbody>\n<tr style=\"height: 69px;\">\n<td style=\"height: 69px;\" width=\"64\">\u00a0<\/td>\n<td style=\"height: 69px;\" width=\"64\">\u00a0<\/td>\n<td style=\"height: 69px;\" colspan=\"2\" width=\"253\">\n<h3><strong>L\u00e4ht\u00f6lista seuroittain<\/strong><\/h3>\n<\/td>\n<td style=\"height: 69px;\" width=\"64\">\u00a0<\/td>\n<\/tr>\n<tr style=\"height: 23px;\">\n<td style=\"height: 23px;\"><strong>emit<\/strong><\/td>\n<td style=\"height: 23px;\"><strong>sarja<\/strong><\/td>\n<td style=\"height: 23px;\"><strong>nimi<\/strong><\/td>\n<td style=\"height: 23px;\"><strong>seura<\/strong><\/td>\n<td style=\"height: 23px;\"><strong>l\u00e4ht\u00f6aika<\/strong><\/td>\n<\/tr>\n<tr style=\"height: 23px;\">\n<td style=\"height: 23px;\">241855<\/td>\n<td style=\"height: 23px;\">H16<\/td>\n<td style=\"height: 23px;\">L\u00e4hteenm\u00e4ki Akseli<\/td>\n<td style=\"height: 23px;\">EKU<\/td>\n<td style=\"height: 23px;\">18.24.00<\/td>\n<\/tr>\n<tr style=\"height: 23px;\">\n<td style=\"height: 23px;\">265801<\/td>\n<td style=\"height: 23px;\">D10RR<\/td>\n<td style=\"height: 23px;\">N\u00e4rv\u00e4 Aino<\/td>\n<td style=\"height: 23px;\">EKU<\/td>\n<td style=\"height: 23px;\">18.07.00<\/td>\n<\/tr>\n<tr style=\"height: 23px;\">\n<td style=\"height: 23px;\">230852<\/td>\n<td style=\"height: 23px;\">H9RR<\/td>\n<td style=\"height: 23px;\">Knuutila Timi<\/td>\n<td style=\"height: 23px;\">KanSu<\/td>\n<td style=\"height: 23px;\">18.11.00<\/td>\n<\/tr>\n<tr style=\"height: 23px;\">\n<td style=\"height: 23px;\">531431<\/td>\n<td style=\"height: 23px;\">H13<\/td>\n<td style=\"height: 23px;\">Kotta Miikka<\/td>\n<td style=\"height: 23px;\">KanSu<\/td>\n<td style=\"height: 23px;\">18.06.00<\/td>\n<\/tr>\n<tr style=\"height: 23px;\">\n<td style=\"height: 23px;\">535625<\/td>\n<td style=\"height: 23px;\">H16<\/td>\n<td style=\"height: 23px;\">Kujansuu Severi<\/td>\n<td style=\"height: 23px;\">KanSu<\/td>\n<td style=\"height: 23px;\">18.28.00<\/td>\n<\/tr>\n<tr style=\"height: 23px;\">\n<td style=\"height: 23px;\">156099<\/td>\n<td style=\"height: 23px;\">H8RR<\/td>\n<td style=\"height: 23px;\">Lahti Santeri<\/td>\n<td style=\"height: 23px;\">KanSu<\/td>\n<td style=\"height: 23px;\">18.18.00<\/td>\n<\/tr>\n<tr style=\"height: 23px;\">\n<td style=\"height: 23px;\">0<\/td>\n<td style=\"height: 23px;\">RR1<\/td>\n<td style=\"height: 23px;\">Peltom\u00e4ki Eveliina<\/td>\n<td style=\"height: 23px;\">KanSu<\/td>\n<td style=\"height: 23px;\">18.38.00<\/td>\n<\/tr>\n<tr style=\"height: 23px;\">\n<td style=\"height: 23px;\">45634<\/td>\n<td style=\"height: 23px;\">H9RR<\/td>\n<td style=\"height: 23px;\">P\u00e4l\u00e4 Eino<\/td>\n<td style=\"height: 23px;\">KanSu<\/td>\n<td style=\"height: 23px;\">18.09.00<\/td>\n<\/tr>\n<tr style=\"height: 23px;\">\n<td style=\"height: 23px;\">90809<\/td>\n<td style=\"height: 23px;\">RR1<\/td>\n<td style=\"height: 23px;\">P\u00e4l\u00e4 V\u00e4in\u00f6<\/td>\n<td style=\"height: 23px;\">KanSu<\/td>\n<td style=\"height: 23px;\">18.30.00<\/td>\n<\/tr>\n<tr style=\"height: 23px;\">\n<td style=\"height: 23px;\">253866<\/td>\n<td style=\"height: 23px;\">D16<\/td>\n<td style=\"height: 23px;\">Salomaa Aino<\/td>\n<td style=\"height: 23px;\">KanSu<\/td>\n<td style=\"height: 23px;\">18.40.00<\/td>\n<\/tr>\n<tr style=\"height: 23px;\">\n<td style=\"height: 23px;\">529902<\/td>\n<td style=\"height: 23px;\">H12<\/td>\n<td style=\"height: 23px;\">Salomaa Paavo<\/td>\n<td style=\"height: 23px;\">KanSu<\/td>\n<td style=\"height: 23px;\">18.05.00<\/td>\n<\/tr>\n<tr style=\"height: 23px;\">\n<td style=\"height: 23px;\">0<\/td>\n<td style=\"height: 23px;\">RR1<\/td>\n<td style=\"height: 23px;\">Kallio Laura<\/td>\n<td style=\"height: 23px;\">KiU<\/td>\n<td style=\"height: 23px;\">18.40.00<\/td>\n<\/tr>\n<tr style=\"height: 23px;\">\n<td style=\"height: 23px;\">0<\/td>\n<td style=\"height: 23px;\">RR1<\/td>\n<td style=\"height: 23px;\">Kallio Noora<\/td>\n<td style=\"height: 23px;\">KiU<\/td>\n<td style=\"height: 23px;\">18.28.00<\/td>\n<\/tr>\n<tr style=\"height: 23px;\">\n<td style=\"height: 23px;\">0<\/td>\n<td style=\"height: 23px;\">D8RR<\/td>\n<td style=\"height: 23px;\">Kallio Veera<\/td>\n<td style=\"height: 23px;\">KiU<\/td>\n<td style=\"height: 23px;\">18.24.00<\/td>\n<\/tr>\n<tr style=\"height: 23px;\">\n<td style=\"height: 23px;\">0<\/td>\n<td style=\"height: 23px;\">RR1<\/td>\n<td style=\"height: 23px;\">Lepp\u00e4nen Noel<\/td>\n<td style=\"height: 23px;\">KiU<\/td>\n<td style=\"height: 23px;\">18.32.00<\/td>\n<\/tr>\n<tr style=\"height: 23px;\">\n<td style=\"height: 23px;\">0<\/td>\n<td style=\"height: 23px;\">RR1<\/td>\n<td style=\"height: 23px;\">Mieskoski Milja<\/td>\n<td style=\"height: 23px;\">KiU<\/td>\n<td style=\"height: 23px;\">18.32.00<\/td>\n<\/tr>\n<tr style=\"height: 23px;\">\n<td style=\"height: 23px;\">109876<\/td>\n<td style=\"height: 23px;\">H8RR<\/td>\n<td style=\"height: 23px;\">Mieskoski Veini<\/td>\n<td style=\"height: 23px;\">KiU<\/td>\n<td style=\"height: 23px;\">18.17.00<\/td>\n<\/tr>\n<tr style=\"height: 23px;\">\n<td style=\"height: 23px;\">92992<\/td>\n<td style=\"height: 23px;\">RR1<\/td>\n<td style=\"height: 23px;\">Pohjala Sylvia<\/td>\n<td style=\"height: 23px;\">KiU<\/td>\n<td style=\"height: 23px;\">18.00.00<\/td>\n<\/tr>\n<tr style=\"height: 23px;\">\n<td style=\"height: 23px;\">0<\/td>\n<td style=\"height: 23px;\">RR1<\/td>\n<td style=\"height: 23px;\">Rantanen Ella<\/td>\n<td style=\"height: 23px;\">KiU<\/td>\n<td style=\"height: 23px;\">18.43.00<\/td>\n<\/tr>\n<tr style=\"height: 23px;\">\n<td style=\"height: 23px;\">217311<\/td>\n<td style=\"height: 23px;\">H16<\/td>\n<td style=\"height: 23px;\">Malinen Otto<\/td>\n<td style=\"height: 23px;\">KoKV<\/td>\n<td style=\"height: 23px;\">18.22.00<\/td>\n<\/tr>\n<tr style=\"height: 23px;\">\n<td style=\"height: 23px;\">148369<\/td>\n<td style=\"height: 23px;\">H16<\/td>\n<td style=\"height: 23px;\">Set\u00e4l\u00e4 Tuomas<\/td>\n<td style=\"height: 23px;\">KoKV<\/td>\n<td style=\"height: 23px;\">18.30.00<\/td>\n<\/tr>\n<tr style=\"height: 23px;\">\n<td style=\"height: 23px;\">148856<\/td>\n<td style=\"height: 23px;\">H11TR<\/td>\n<td style=\"height: 23px;\">Valtamo Ossi<\/td>\n<td style=\"height: 23px;\">KoKV<\/td>\n<td style=\"height: 23px;\">18.21.00<\/td>\n<\/tr>\n<tr style=\"height: 23px;\">\n<td style=\"height: 23px;\">159095<\/td>\n<td style=\"height: 23px;\">H13<\/td>\n<td style=\"height: 23px;\">Alin Topi<\/td>\n<td style=\"height: 23px;\">K\u00f6La<\/td>\n<td style=\"height: 23px;\">18.04.00<\/td>\n<\/tr>\n<tr style=\"height: 23px;\">\n<td style=\"height: 23px;\">517791<\/td>\n<td style=\"height: 23px;\">D12<\/td>\n<td style=\"height: 23px;\">V\u00e4in\u00f6l\u00e4 Ronja<\/td>\n<td style=\"height: 23px;\">K\u00f6La<\/td>\n<td style=\"height: 23px;\">18.15.00<\/td>\n<\/tr>\n<tr style=\"height: 23px;\">\n<td style=\"height: 23px;\">521623<\/td>\n<td style=\"height: 23px;\">D8RR<\/td>\n<td style=\"height: 23px;\">V\u00e4in\u00f6l\u00e4 Roosa<\/td>\n<td style=\"height: 23px;\">K\u00f6La<\/td>\n<td style=\"height: 23px;\">18.23.00<\/td>\n<\/tr>\n<tr style=\"height: 23px;\">\n<td style=\"height: 23px;\">0<\/td>\n<td style=\"height: 23px;\">D9RR<\/td>\n<td style=\"height: 23px;\">V\u00e4in\u00f6l\u00e4 Veera<\/td>\n<td style=\"height: 23px;\">K\u00f6La<\/td>\n<td style=\"height: 23px;\">18.13.00<\/td>\n<\/tr>\n<tr style=\"height: 23px;\">\n<td style=\"height: 23px;\">275808<\/td>\n<td style=\"height: 23px;\">D9RR<\/td>\n<td style=\"height: 23px;\">Heikkil\u00e4 Aura<\/td>\n<td style=\"height: 23px;\">LLuja<\/td>\n<td style=\"height: 23px;\">18.12.00<\/td>\n<\/tr>\n<tr style=\"height: 23px;\">\n<td style=\"height: 23px;\">514402<\/td>\n<td style=\"height: 23px;\">H11TR<\/td>\n<td style=\"height: 23px;\">Kemppi Eelis<\/td>\n<td style=\"height: 23px;\">LLuja<\/td>\n<td style=\"height: 23px;\">18.27.00<\/td>\n<\/tr>\n<tr style=\"height: 23px;\">\n<td style=\"height: 23px;\">533274<\/td>\n<td style=\"height: 23px;\">H8RR<\/td>\n<td style=\"height: 23px;\">Keskitalo Oskari<\/td>\n<td style=\"height: 23px;\">LLuja<\/td>\n<td style=\"height: 23px;\">18.21.00<\/td>\n<\/tr>\n<tr style=\"height: 23px;\">\n<td style=\"height: 23px;\">533275<\/td>\n<td style=\"height: 23px;\">RR1<\/td>\n<td style=\"height: 23px;\">Keskitalo Ronja<\/td>\n<td style=\"height: 23px;\">LLuja<\/td>\n<td style=\"height: 23px;\">18.36.00<\/td>\n<\/tr>\n<tr style=\"height: 23px;\">\n<td style=\"height: 23px;\">522064<\/td>\n<td style=\"height: 23px;\">D11TR<\/td>\n<td style=\"height: 23px;\">Ranta Lilli<\/td>\n<td style=\"height: 23px;\">LLuja<\/td>\n<td style=\"height: 23px;\">18.31.00<\/td>\n<\/tr>\n<tr style=\"height: 23px;\">\n<td style=\"height: 23px;\">257487<\/td>\n<td style=\"height: 23px;\">D13<\/td>\n<td style=\"height: 23px;\">Ranta Tytti<\/td>\n<td style=\"height: 23px;\">LLuja<\/td>\n<td style=\"height: 23px;\">18.20.00<\/td>\n<\/tr>\n<tr style=\"height: 23px;\">\n<td style=\"height: 23px;\">277796<\/td>\n<td style=\"height: 23px;\">D12<\/td>\n<td style=\"height: 23px;\">Toivo Elsa<\/td>\n<td style=\"height: 23px;\">LLuja<\/td>\n<td style=\"height: 23px;\">18.11.00<\/td>\n<\/tr>\n<tr style=\"height: 23px;\">\n<td style=\"height: 23px;\">275811<\/td>\n<td style=\"height: 23px;\">H10RR<\/td>\n<td style=\"height: 23px;\">Toivola Aapeli<\/td>\n<td style=\"height: 23px;\">LLuja<\/td>\n<td style=\"height: 23px;\">18.04.00<\/td>\n<\/tr>\n<tr style=\"height: 23px;\">\n<td style=\"height: 23px;\">275813<\/td>\n<td style=\"height: 23px;\">D8RR<\/td>\n<td style=\"height: 23px;\">Toivola Enni<\/td>\n<td style=\"height: 23px;\">LLuja<\/td>\n<td style=\"height: 23px;\">18.27.00<\/td>\n<\/tr>\n<tr style=\"height: 23px;\">\n<td style=\"height: 23px;\">275187<\/td>\n<td style=\"height: 23px;\">RR1<\/td>\n<td style=\"height: 23px;\">Given Alfred<\/td>\n<td style=\"height: 23px;\">RaLu<\/td>\n<td style=\"height: 23px;\">18.41.00<\/td>\n<\/tr>\n<tr style=\"height: 23px;\">\n<td style=\"height: 23px;\">272064<\/td>\n<td style=\"height: 23px;\">H8RR<\/td>\n<td style=\"height: 23px;\">Given Oskar<\/td>\n<td style=\"height: 23px;\">RaLu<\/td>\n<td style=\"height: 23px;\">18.22.00<\/td>\n<\/tr>\n<tr style=\"height: 23px;\">\n<td style=\"height: 23px;\">263333<\/td>\n<td style=\"height: 23px;\">H11TR<\/td>\n<td style=\"height: 23px;\">Hakanen Eevert<\/td>\n<td style=\"height: 23px;\">RaLu<\/td>\n<td style=\"height: 23px;\">18.23.00<\/td>\n<\/tr>\n<tr style=\"height: 23px;\">\n<td style=\"height: 23px;\">263328<\/td>\n<td style=\"height: 23px;\">D8RR<\/td>\n<td style=\"height: 23px;\">Hakanen Ellen<\/td>\n<td style=\"height: 23px;\">RaLu<\/td>\n<td style=\"height: 23px;\">18.25.00<\/td>\n<\/tr>\n<tr style=\"height: 23px;\">\n<td style=\"height: 23px;\">250842<\/td>\n<td style=\"height: 23px;\">D13<\/td>\n<td style=\"height: 23px;\">Hakanen Elsa<\/td>\n<td style=\"height: 23px;\">RaLu<\/td>\n<td style=\"height: 23px;\">18.12.00<\/td>\n<\/tr>\n<tr style=\"height: 23px;\">\n<td style=\"height: 23px;\">526882<\/td>\n<td style=\"height: 23px;\">D8RR<\/td>\n<td style=\"height: 23px;\">Jaakkola Hilla<\/td>\n<td style=\"height: 23px;\">RaLu<\/td>\n<td style=\"height: 23px;\">18.28.00<\/td>\n<\/tr>\n<tr style=\"height: 23px;\">\n<td style=\"height: 23px;\">517652<\/td>\n<td style=\"height: 23px;\">D11TR<\/td>\n<td style=\"height: 23px;\">Jaakkola Irene<\/td>\n<td style=\"height: 23px;\">RaLu<\/td>\n<td style=\"height: 23px;\">18.35.00<\/td>\n<\/tr>\n<tr style=\"height: 23px;\">\n<td style=\"height: 23px;\">76222<\/td>\n<td style=\"height: 23px;\">H8RR<\/td>\n<td style=\"height: 23px;\">Karpeeki Jalo<\/td>\n<td style=\"height: 23px;\">RaLu<\/td>\n<td style=\"height: 23px;\">18.19.00<\/td>\n<\/tr>\n<tr style=\"height: 23px;\">\n<td style=\"height: 23px;\">68178<\/td>\n<td style=\"height: 23px;\">H10RR<\/td>\n<td style=\"height: 23px;\">Karpeeki Niila<\/td>\n<td style=\"height: 23px;\">RaLu<\/td>\n<td style=\"height: 23px;\">18.01.00<\/td>\n<\/tr>\n<tr style=\"height: 23px;\">\n<td style=\"height: 23px;\">525749<\/td>\n<td style=\"height: 23px;\">H12<\/td>\n<td style=\"height: 23px;\">Kauko Kaarlo<\/td>\n<td style=\"height: 23px;\">RaLu<\/td>\n<td style=\"height: 23px;\">18.01.00<\/td>\n<\/tr>\n<tr style=\"height: 23px;\">\n<td style=\"height: 23px;\">159703<\/td>\n<td style=\"height: 23px;\">H10RR<\/td>\n<td style=\"height: 23px;\">Leppikorpi Eino<\/td>\n<td style=\"height: 23px;\">RaLu<\/td>\n<td style=\"height: 23px;\">18.05.00<\/td>\n<\/tr>\n<tr style=\"height: 23px;\">\n<td style=\"height: 23px;\">159704<\/td>\n<td style=\"height: 23px;\">D9RR<\/td>\n<td style=\"height: 23px;\">Leppikorpi Siiri<\/td>\n<td style=\"height: 23px;\">RaLu<\/td>\n<td style=\"height: 23px;\">18.15.00<\/td>\n<\/tr>\n<tr style=\"height: 23px;\">\n<td style=\"height: 23px;\">70612<\/td>\n<td style=\"height: 23px;\">RR1<\/td>\n<td style=\"height: 23px;\">V\u00e4rre Henrik<\/td>\n<td style=\"height: 23px;\">RaLu<\/td>\n<td style=\"height: 23px;\">18.34.00<\/td>\n<\/tr>\n<tr style=\"height: 23px;\">\n<td style=\"height: 23px;\">45406<\/td>\n<td style=\"height: 23px;\">H9RR<\/td>\n<td style=\"height: 23px;\">V\u00e4rre Hugo<\/td>\n<td style=\"height: 23px;\">RaLu<\/td>\n<td style=\"height: 23px;\">18.10.00<\/td>\n<\/tr>\n<tr style=\"height: 23px;\">\n<td style=\"height: 23px;\">243623<\/td>\n<td style=\"height: 23px;\">D10RR<\/td>\n<td style=\"height: 23px;\">Anttila Jiia<\/td>\n<td style=\"height: 23px;\">RasKa<\/td>\n<td style=\"height: 23px;\">18.08.00<\/td>\n<\/tr>\n<tr style=\"height: 23px;\">\n<td style=\"height: 23px;\">257716<\/td>\n<td style=\"height: 23px;\">D9RR<\/td>\n<td style=\"height: 23px;\">Gustafsson Saimi<\/td>\n<td style=\"height: 23px;\">RasKa<\/td>\n<td style=\"height: 23px;\">18.14.00<\/td>\n<\/tr>\n<tr style=\"height: 23px;\">\n<td style=\"height: 23px;\">257812<\/td>\n<td style=\"height: 23px;\">D16<\/td>\n<td style=\"height: 23px;\">Heikkil\u00e4 Nella<\/td>\n<td style=\"height: 23px;\">RasKa<\/td>\n<td style=\"height: 23px;\">18.42.00<\/td>\n<\/tr>\n<tr style=\"height: 23px;\">\n<td style=\"height: 23px;\">273783<\/td>\n<td style=\"height: 23px;\">D12<\/td>\n<td style=\"height: 23px;\">Heinil\u00e4 Pinja<\/td>\n<td style=\"height: 23px;\">RasKa<\/td>\n<td style=\"height: 23px;\">18.17.00<\/td>\n<\/tr>\n<tr style=\"height: 23px;\">\n<td style=\"height: 23px;\">242169<\/td>\n<td style=\"height: 23px;\">H16<\/td>\n<td style=\"height: 23px;\">Heinil\u00e4 Pyry<\/td>\n<td style=\"height: 23px;\">RasKa<\/td>\n<td style=\"height: 23px;\">18.32.00<\/td>\n<\/tr>\n<tr style=\"height: 23px;\">\n<td style=\"height: 23px;\">263674<\/td>\n<td style=\"height: 23px;\">H10RR<\/td>\n<td style=\"height: 23px;\">Heinil\u00e4 Touko<\/td>\n<td style=\"height: 23px;\">RasKa<\/td>\n<td style=\"height: 23px;\">18.03.00<\/td>\n<\/tr>\n<tr style=\"height: 23px;\">\n<td style=\"height: 23px;\">266363<\/td>\n<td style=\"height: 23px;\">D9RR<\/td>\n<td style=\"height: 23px;\">Hohkuri Aino<\/td>\n<td style=\"height: 23px;\">RasKa<\/td>\n<td style=\"height: 23px;\">18.16.00<\/td>\n<\/tr>\n<tr style=\"height: 23px;\">\n<td style=\"height: 23px;\">532660<\/td>\n<td style=\"height: 23px;\">H13<\/td>\n<td style=\"height: 23px;\">Hohkuri Ville<\/td>\n<td style=\"height: 23px;\">RasKa<\/td>\n<td style=\"height: 23px;\">18.02.00<\/td>\n<\/tr>\n<tr style=\"height: 23px;\">\n<td style=\"height: 23px;\">279324<\/td>\n<td style=\"height: 23px;\">H12<\/td>\n<td style=\"height: 23px;\">Kivioja Otto<\/td>\n<td style=\"height: 23px;\">RasKa<\/td>\n<td style=\"height: 23px;\">18.07.00<\/td>\n<\/tr>\n<tr style=\"height: 23px;\">\n<td style=\"height: 23px;\">257132<\/td>\n<td style=\"height: 23px;\">D13<\/td>\n<td style=\"height: 23px;\">Koivusalo Elli<\/td>\n<td style=\"height: 23px;\">RasKa<\/td>\n<td style=\"height: 23px;\">18.14.00<\/td>\n<\/tr>\n<tr style=\"height: 23px;\">\n<td style=\"height: 23px;\">271792<\/td>\n<td style=\"height: 23px;\">H11TR<\/td>\n<td style=\"height: 23px;\">Koivusalo Peetu<\/td>\n<td style=\"height: 23px;\">RasKa<\/td>\n<td style=\"height: 23px;\">18.25.00<\/td>\n<\/tr>\n<tr style=\"height: 23px;\">\n<td style=\"height: 23px;\">271795<\/td>\n<td style=\"height: 23px;\">H8RR<\/td>\n<td style=\"height: 23px;\">Koivusalo Venni<\/td>\n<td style=\"height: 23px;\">RasKa<\/td>\n<td style=\"height: 23px;\">18.20.00<\/td>\n<\/tr>\n<tr style=\"height: 23px;\">\n<td style=\"height: 23px;\">520083<\/td>\n<td style=\"height: 23px;\">D12<\/td>\n<td style=\"height: 23px;\">Kujansuu Siiri<\/td>\n<td style=\"height: 23px;\">RasKa<\/td>\n<td style=\"height: 23px;\">18.13.00<\/td>\n<\/tr>\n<tr style=\"height: 23px;\">\n<td style=\"height: 23px;\">528913<\/td>\n<td style=\"height: 23px;\">RR1<\/td>\n<td style=\"height: 23px;\">Kuusisto Valtteri<\/td>\n<td style=\"height: 23px;\">RasKa<\/td>\n<td style=\"height: 23px;\">18.39.00<\/td>\n<\/tr>\n<tr style=\"height: 23px;\">\n<td style=\"height: 23px;\">525755<\/td>\n<td style=\"height: 23px;\">D16<\/td>\n<td style=\"height: 23px;\">Lehtonen Viola<\/td>\n<td style=\"height: 23px;\">RasKa<\/td>\n<td style=\"height: 23px;\">18.38.00<\/td>\n<\/tr>\n<tr style=\"height: 23px;\">\n<td style=\"height: 23px;\">243674<\/td>\n<td style=\"height: 23px;\">D11TR<\/td>\n<td style=\"height: 23px;\">Maljanen Linda<\/td>\n<td style=\"height: 23px;\">RasKa<\/td>\n<td style=\"height: 23px;\">18.29.00<\/td>\n<\/tr>\n<tr style=\"height: 23px;\">\n<td style=\"height: 23px;\">243511<\/td>\n<td style=\"height: 23px;\">RR1<\/td>\n<td style=\"height: 23px;\">Nenonen Sulo<\/td>\n<td style=\"height: 23px;\">RasKa<\/td>\n<td style=\"height: 23px;\">18.29.00<\/td>\n<\/tr>\n<tr style=\"height: 23px;\">\n<td style=\"height: 23px;\">532640<\/td>\n<td style=\"height: 23px;\">H12<\/td>\n<td style=\"height: 23px;\">Niemi Lenni<\/td>\n<td style=\"height: 23px;\">RasKa<\/td>\n<td style=\"height: 23px;\">18.03.00<\/td>\n<\/tr>\n<tr style=\"height: 23px;\">\n<td style=\"height: 23px;\">243588<\/td>\n<td style=\"height: 23px;\">H10RR<\/td>\n<td style=\"height: 23px;\">Nieminen Eemil<\/td>\n<td style=\"height: 23px;\">RasKa<\/td>\n<td style=\"height: 23px;\">18.06.00<\/td>\n<\/tr>\n<tr style=\"height: 23px;\">\n<td style=\"height: 23px;\">243582<\/td>\n<td style=\"height: 23px;\">H12<\/td>\n<td style=\"height: 23px;\">Nieminen Mikael<\/td>\n<td style=\"height: 23px;\">RasKa<\/td>\n<td style=\"height: 23px;\">18.09.00<\/td>\n<\/tr>\n<tr style=\"height: 23px;\">\n<td style=\"height: 23px;\">258791<\/td>\n<td style=\"height: 23px;\">RR1<\/td>\n<td style=\"height: 23px;\">Nieminen Niilo<\/td>\n<td style=\"height: 23px;\">RasKa<\/td>\n<td style=\"height: 23px;\">18.33.00<\/td>\n<\/tr>\n<tr style=\"height: 23px;\">\n<td style=\"height: 23px;\">243680<\/td>\n<td style=\"height: 23px;\">D13<\/td>\n<td style=\"height: 23px;\">Ojanen Siiri<\/td>\n<td style=\"height: 23px;\">RasKa<\/td>\n<td style=\"height: 23px;\">18.18.00<\/td>\n<\/tr>\n<tr style=\"height: 23px;\">\n<td style=\"height: 23px;\">531300<\/td>\n<td style=\"height: 23px;\">D16<\/td>\n<td style=\"height: 23px;\">Oksa Jenni<\/td>\n<td style=\"height: 23px;\">RasKa<\/td>\n<td style=\"height: 23px;\">18.36.00<\/td>\n<\/tr>\n<tr style=\"height: 23px;\">\n<td style=\"height: 23px;\">270762<\/td>\n<td style=\"height: 23px;\">D14<\/td>\n<td style=\"height: 23px;\">Poskiparta Iida<\/td>\n<td style=\"height: 23px;\">RasKa<\/td>\n<td style=\"height: 23px;\">18.08.00<\/td>\n<\/tr>\n<tr style=\"height: 23px;\">\n<td style=\"height: 23px;\">243512<\/td>\n<td style=\"height: 23px;\">H10RR<\/td>\n<td style=\"height: 23px;\">Rosnell Tuukka<\/td>\n<td style=\"height: 23px;\">RasKa<\/td>\n<td style=\"height: 23px;\">18.02.00<\/td>\n<\/tr>\n<tr style=\"height: 23px;\">\n<td style=\"height: 23px;\">258784<\/td>\n<td style=\"height: 23px;\">D12<\/td>\n<td style=\"height: 23px;\">Tuohimaa Jadelle<\/td>\n<td style=\"height: 23px;\">RasKa<\/td>\n<td style=\"height: 23px;\">18.19.00<\/td>\n<\/tr>\n<tr style=\"height: 23px;\">\n<td style=\"height: 23px;\">533489<\/td>\n<td style=\"height: 23px;\">D14<\/td>\n<td style=\"height: 23px;\">Varesvuo Siiri<\/td>\n<td style=\"height: 23px;\">RasKa<\/td>\n<td style=\"height: 23px;\">18.10.00<\/td>\n<\/tr>\n<tr style=\"height: 23px;\">\n<td style=\"height: 23px;\">243634<\/td>\n<td style=\"height: 23px;\">RR1<\/td>\n<td style=\"height: 23px;\">Vehkalahti Hertta<\/td>\n<td style=\"height: 23px;\">RasKa<\/td>\n<td style=\"height: 23px;\">18.31.00<\/td>\n<\/tr>\n<tr style=\"height: 23px;\">\n<td style=\"height: 23px;\">258783<\/td>\n<td style=\"height: 23px;\">D11TR<\/td>\n<td style=\"height: 23px;\">Vehkalahti Heta<\/td>\n<td style=\"height: 23px;\">RasKa<\/td>\n<td style=\"height: 23px;\">18.33.00<\/td>\n<\/tr>\n<tr style=\"height: 23px;\">\n<td style=\"height: 23px;\">243483<\/td>\n<td style=\"height: 23px;\">D8RR<\/td>\n<td style=\"height: 23px;\">Vehkalahti Hilma<\/td>\n<td style=\"height: 23px;\">RasKa<\/td>\n<td style=\"height: 23px;\">18.26.00<\/td>\n<\/tr>\n<tr style=\"height: 23px;\">\n<td style=\"height: 23px;\">258790<\/td>\n<td style=\"height: 23px;\">RR1<\/td>\n<td style=\"height: 23px;\">Vehkalahti Urho<\/td>\n<td style=\"height: 23px;\">RasKa<\/td>\n<td style=\"height: 23px;\">18.31.00<\/td>\n<\/tr>\n<tr style=\"height: 23px;\">\n<td style=\"height: 23px;\">515155<\/td>\n<td style=\"height: 23px;\">H16<\/td>\n<td style=\"height: 23px;\">Joopi Lauri<\/td>\n<td style=\"height: 23px;\">UlvUra<\/td>\n<td style=\"height: 23px;\">18.26.00<\/td>\n<\/tr>\n<tr style=\"height: 23px;\">\n<td style=\"height: 23px;\">85353<\/td>\n<td style=\"height: 23px;\">D16<\/td>\n<td style=\"height: 23px;\">Vuorela Sofia<\/td>\n<td style=\"height: 23px;\">UlvUra<\/td>\n<td style=\"height: 23px;\">18.34.00<\/td>\n<\/tr>\n<tr style=\"height: 23px;\">\n<td style=\"height: 23px;\">251229<\/td>\n<td style=\"height: 23px;\">D13<\/td>\n<td style=\"height: 23px;\">Huhtala Enni<\/td>\n<td style=\"height: 23px;\">ValSu<\/td>\n<td style=\"height: 23px;\">18.16.00<\/td>\n<\/tr>\n<tr style=\"height: 23px;\">\n<td style=\"height: 23px;\">42261<\/td>\n<td style=\"height: 23px;\">D11TR<\/td>\n<td style=\"height: 23px;\">Koota Saana<\/td>\n<td style=\"height: 23px;\">ValSu<\/td>\n<td style=\"height: 23px;\">18.37.00<\/td>\n<\/tr>\n<tr style=\"height: 23px;\">\n<td style=\"height: 23px;\">0<\/td>\n<td style=\"height: 23px;\">RR1<\/td>\n<td style=\"height: 23px;\">Pohjala Leevi<\/td>\n<td style=\"height: 23px;\">ValSu<\/td>\n<td style=\"height: 23px;\">18.42.00<\/td>\n<\/tr>\n<tr style=\"height: 23px;\">\n<td style=\"height: 23px;\">180107<\/td>\n<td style=\"height: 23px;\">RR1<\/td>\n<td style=\"height: 23px;\">Priia Enni<\/td>\n<td style=\"height: 23px;\">ValSu<\/td>\n<td style=\"height: 23px;\">18.37.00<\/td>\n<\/tr>\n<tr style=\"height: 23px;\">\n<td style=\"height: 23px;\">125228<\/td>\n<td style=\"height: 23px;\">R2<\/td>\n<td style=\"height: 23px;\">V\u00e4lim\u00e4ki Juho<\/td>\n<td style=\"height: 23px;\">ValSu<\/td>\n<td style=\"height: 23px;\">18.00.00<\/td>\n<\/tr>\n<\/tbody>\n<\/table>\n","protected":false},"excerpt":{"rendered":"<p>\u00a0 \u00a0 L\u00e4ht\u00f6lista seuroittain \u00a0 emit sarja nimi seura l\u00e4ht\u00f6aika 241855 H16 L\u00e4hteenm\u00e4ki Akseli EKU 18.24.00 265801 D10RR N\u00e4rv\u00e4 Aino EKU 18.07.00 230852 H9RR Knuutila Timi KanSu 18.11.00 531431 H13 Kotta Miikka KanSu 18.06.00 535625 H16 Kujansuu Severi KanSu 18.28.00 156099 H8RR Lahti Santeri KanSu 18.18.00 0 RR1 Peltom\u00e4ki Eveliina KanSu 18.38.00 45634 H9RR P\u00e4l\u00e4 [&hellip;]<\/p>\n","protected":false},"author":1,"featured_media":0,"parent":0,"menu_order":0,"comment_status":"closed","ping_status":"closed","template":"","meta":{"footnotes":""},"class_list":["post-2498","page","type-page","status-publish","hentry"],"_links":{"self":[{"href":"https:\/\/www.hiisirasti.fi\/index.php?rest_route=\/wp\/v2\/pages\/2498","targetHints":{"allow":["GET"]}}],"collection":[{"href":"https:\/\/www.hiisirasti.fi\/index.php?rest_route=\/wp\/v2\/pages"}],"about":[{"href":"https:\/\/www.hiisirasti.fi\/index.php?rest_route=\/wp\/v2\/types\/page"}],"author":[{"embeddable":true,"href":"https:\/\/www.hiisirasti.fi\/index.php?rest_route=\/wp\/v2\/users\/1"}],"replies":[{"embeddable":true,"href":"https:\/\/www.hiisirasti.fi\/index.php?rest_route=%2Fwp%2Fv2%2Fcomments&post=2498"}],"version-history":[{"count":1,"href":"https:\/\/www.hiisirasti.fi\/index.php?rest_route=\/wp\/v2\/pages\/2498\/revisions"}],"predecessor-version":[{"id":2499,"href":"https:\/\/www.hiisirasti.fi\/index.php?rest_route=\/wp\/v2\/pages\/2498\/revisions\/2499"}],"wp:attachment":[{"href":"https:\/\/www.hiisirasti.fi\/index.php?rest_route=%2Fwp%2Fv2%2Fmedia&parent=2498"}],"curies":[{"name":"wp","href":"https:\/\/api.w.org\/{rel}","templated":true}]}}