{"id":2595,"date":"2025-05-11T22:28:13","date_gmt":"2025-05-11T19:28:13","guid":{"rendered":"https:\/\/www.hiisirasti.fi\/?page_id=2595"},"modified":"2025-05-11T22:28:14","modified_gmt":"2025-05-11T19:28:14","slug":"kilpailukutsu-oravacup-3-2025","status":"publish","type":"page","link":"https:\/\/www.hiisirasti.fi\/?page_id=2595","title":{"rendered":"Kilpailukutsu: Oravacup 3\/2025"},"content":{"rendered":"\n<p><strong>ORAVACUPIN KOLMAS OSAKILPAILU S\u00c4KYL\u00c4N VARUSKUNNAN ASUNTOALUEEN HUOVINLAMMELLA 21.5.2025 klo 17.30<\/strong><\/p>\n\n\n\n<p><strong>KILPAILUKUTSU&nbsp;&nbsp;&nbsp;<\/strong><\/p>\n\n\n\n<p><strong>Sarjat<\/strong><\/p>\n\n\n\n<p>D8RR, D9RR, D10RR, D11TR, D12, D13, D14, D16&nbsp;&nbsp;&nbsp;&nbsp;&nbsp;&nbsp;&nbsp;&nbsp;&nbsp;&nbsp;&nbsp;&nbsp;&nbsp;&nbsp;&nbsp;&nbsp;&nbsp;&nbsp;&nbsp;&nbsp;&nbsp;&nbsp;&nbsp;&nbsp;<\/p>\n\n\n\n<p>H8RR, H9RR, H10RR, H11TR, H12, H13, H14, H16&nbsp;&nbsp;&nbsp;&nbsp;&nbsp;&nbsp;&nbsp;&nbsp;<\/p>\n\n\n\n<p>Saattaja-RR, Saattaja-TR, Saattaja-12 ja Saattaja-14<\/p>\n\n\n\n<p>Kuntosuunnistus<\/p>\n\n\n\n<p><strong>S\u00e4\u00e4nn\u00f6t<\/strong><\/p>\n\n\n\n<p>Kilpailussa noudatetaan Oravacupin 2025 s\u00e4\u00e4nt\u00f6j\u00e4.<\/p>\n\n\n\n<p><strong>Ilmoittautuminen<\/strong><\/p>\n\n\n\n<p>Ensisijaisesti Oravacupin ilmoittautumisj\u00e4rjestelm\u00e4\u00e4n viimeist\u00e4\u00e4n sunnuntaina 18.5.2025 klo 24.00 menness\u00e4. Ilmoittautumisten yhteydess\u00e4 on mainittava varaus vuokrakortista.<\/p>\n\n\n\n<p><strong>J\u00e4lki-ilmoittautuminen<\/strong><\/p>\n\n\n\n<p>Maanantaina 19.5. klo 21.00 menness\u00e4 s\u00e4hk\u00f6postilla kimmo.mieskoski@gmail.com<\/p>\n\n\n\n<p>Ilmoittautumisessa tarvitaan seuraavat tiedot: Sarja, Lisenssinumero, Nimi (sukunimi etunimi), Seuralyhenne, Emit-kortin numero. Jos ei ole lisenssi\u00e4 tai emit-korttia, merkitse nolla (0).<\/p>\n\n\n\n<p>Esimerkki: H9RR, 12345, Suunnistaja Simo, Hiisi, 54321<\/p>\n\n\n\n<p>Nelj\u00e4n (4) euron lis\u00e4maksu j\u00e4lki-ilmoittautumisesta perit\u00e4\u00e4n kilpailukeskuksen infossa.&nbsp;<\/p>\n\n\n\n<p>Parisuunnistukseen voi ilmoittautua my\u00f6s kilpailupaikalla klo 17.30 menness\u00e4.<\/p>\n\n\n\n<p><strong>Info<\/strong><\/p>\n\n\n\n<p>Auki kilpailukeskuksessa klo 17.00 alkaen.<\/p>\n\n\n\n<p><strong>Opastus<\/strong><\/p>\n\n\n\n<p>Kantatie 212 &#8211; Huovinrinteentien risteyksest\u00e4 ja Turuntie &#8211; Huovinrinteentien risteyksest\u00e4. Kilpailukeskuksen navigaattoriosoite Huovintie 19, S\u00e4kyl\u00e4.&nbsp;<\/p>\n\n\n\n<p><strong>L\u00e4ht\u00f6<\/strong><\/p>\n\n\n\n<p>L\u00e4ht\u00f6\u00f6n matkaa noin 400 m. Ensimm\u00e4inen l\u00e4ht\u00f6 17:30. L\u00e4ht\u00f6ajat tulee maanantai-iltana 19.5. Hiisirastin sivuille. L\u00e4hd\u00f6ss\u00e4 toimitaan kilpailuohjeen mukaisesti. Laitathan s\u00e4hk\u00f6postilla, jos toivot aikaista tai my\u00f6h\u00e4ist\u00e4 l\u00e4ht\u00f6aikaa.<\/p>\n\n\n\n<p><strong>Maali<\/strong><\/p>\n\n\n\n<p>Maali on kilpailukeskuksessa.<\/p>\n\n\n\n<p><strong>Leimaus, vuokra -emit<\/strong><\/p>\n\n\n\n<p>Emit-leimaus. Emit-numerot ilmoittautumisen yhteydess\u00e4 tai varaus vuokrakortista. Emitkortin vuokra on 4 \u20ac, nouto ja maksu kilpailukeskuksen infosta.<\/p>\n\n\n\n<p><strong>Pys\u00e4k\u00f6inti<\/strong><\/p>\n\n\n\n<p>Kilpailukeskuksen alueella.<\/p>\n\n\n\n<p><strong>Kartta<\/strong><\/p>\n\n\n\n<p>Tulostekartta 5\/2025 muovisuojuksessa, koko A4. Mittakaava 1:10 000 tai 1:7 500. K\u00e4yr\u00e4v\u00e4li 5 m.<\/p>\n\n\n\n<p><strong>Maasto<\/strong><\/p>\n\n\n\n<p>Maasto vaihtelee helppokulkuisesta kangasmaastosta satakuntalaiseen talousmets\u00e4\u00e4n, jossa runsas polkuverkosto.<\/p>\n\n\n\n<p><strong>Tulokset<\/strong><\/p>\n\n\n\n<p>ONLINE-tulokset osoitteessa www.hiisirasti.fi<\/p>\n\n\n\n<p><strong>Huolto<\/strong><\/p>\n\n\n\n<p>Kahvio, josta saa k\u00e4teismaksua vastaan pient\u00e4 purtavaa. Kilpailukeskuksessa on WC. &nbsp;<\/p>\n\n\n\n<p><strong>Palkinnot<\/strong><\/p>\n\n\n\n<p>Kaikki osallistujat saavat maaliin tullessa pienen palkinnon.<\/p>\n\n\n\n<p><strong>Muuta<\/strong><\/p>\n\n\n\n<p>Samaan aikaan samassa paikassa on K\u00f6Lan kuntorastit, karttamaksu 7 euroa.<\/p>\n\n\n\n<p><strong>Toimihenkil\u00f6t &nbsp;<\/strong><\/p>\n\n\n\n<p>Kilpailunjohtaja: Sari Koskinen 040 7499 309<\/p>\n\n\n\n<p>Ratamestari ja tulokset: Kimmo Mieskoski 045 6766 891<\/p>\n\n\n\n<p>Valvoja: Petteri Vuorinen 040&nbsp;506 5959<\/p>\n\n\n\n<p><strong>Tervetuloa!<\/strong><\/p>\n\n\n\n<p>K\u00f6yli\u00f6n Lallit<\/p>\n\n\n","protected":false},"excerpt":{"rendered":"<p>ORAVACUPIN KOLMAS OSAKILPAILU S\u00c4KYL\u00c4N VARUSKUNNAN ASUNTOALUEEN HUOVINLAMMELLA 21.5.2025 klo 17.30 KILPAILUKUTSU&nbsp;&nbsp;&nbsp; Sarjat D8RR, D9RR, D10RR, D11TR, D12, D13, D14, D16&nbsp;&nbsp;&nbsp;&nbsp;&nbsp;&nbsp;&nbsp;&nbsp;&nbsp;&nbsp;&nbsp;&nbsp;&nbsp;&nbsp;&nbsp;&nbsp;&nbsp;&nbsp;&nbsp;&nbsp;&nbsp;&nbsp;&nbsp;&nbsp; H8RR, H9RR, H10RR, H11TR, H12, H13, H14, H16&nbsp;&nbsp;&nbsp;&nbsp;&nbsp;&nbsp;&nbsp;&nbsp; Saattaja-RR, Saattaja-TR, Saattaja-12 ja Saattaja-14 Kuntosuunnistus S\u00e4\u00e4nn\u00f6t Kilpailussa noudatetaan Oravacupin 2025 s\u00e4\u00e4nt\u00f6j\u00e4. Ilmoittautuminen Ensisijaisesti Oravacupin ilmoittautumisj\u00e4rjestelm\u00e4\u00e4n viimeist\u00e4\u00e4n sunnuntaina 18.5.2025 klo 24.00 menness\u00e4. Ilmoittautumisten yhteydess\u00e4 on mainittava varaus [&hellip;]<\/p>\n","protected":false},"author":1,"featured_media":0,"parent":0,"menu_order":0,"comment_status":"closed","ping_status":"closed","template":"","meta":{"footnotes":""},"class_list":["post-2595","page","type-page","status-publish","hentry"],"_links":{"self":[{"href":"https:\/\/www.hiisirasti.fi\/index.php?rest_route=\/wp\/v2\/pages\/2595","targetHints":{"allow":["GET"]}}],"collection":[{"href":"https:\/\/www.hiisirasti.fi\/index.php?rest_route=\/wp\/v2\/pages"}],"about":[{"href":"https:\/\/www.hiisirasti.fi\/index.php?rest_route=\/wp\/v2\/types\/page"}],"author":[{"embeddable":true,"href":"https:\/\/www.hiisirasti.fi\/index.php?rest_route=\/wp\/v2\/users\/1"}],"replies":[{"embeddable":true,"href":"https:\/\/www.hiisirasti.fi\/index.php?rest_route=%2Fwp%2Fv2%2Fcomments&post=2595"}],"version-history":[{"count":1,"href":"https:\/\/www.hiisirasti.fi\/index.php?rest_route=\/wp\/v2\/pages\/2595\/revisions"}],"predecessor-version":[{"id":2596,"href":"https:\/\/www.hiisirasti.fi\/index.php?rest_route=\/wp\/v2\/pages\/2595\/revisions\/2596"}],"wp:attachment":[{"href":"https:\/\/www.hiisirasti.fi\/index.php?rest_route=%2Fwp%2Fv2%2Fmedia&parent=2595"}],"curies":[{"name":"wp","href":"https:\/\/api.w.org\/{rel}","templated":true}]}}