{"id":2608,"date":"2025-05-20T18:35:04","date_gmt":"2025-05-20T15:35:04","guid":{"rendered":"https:\/\/www.hiisirasti.fi\/?page_id=2608"},"modified":"2025-08-26T23:01:03","modified_gmt":"2025-08-26T20:01:03","slug":"alustavat-kilpailuojeet","status":"publish","type":"page","link":"https:\/\/www.hiisirasti.fi\/?page_id=2608","title":{"rendered":"Alustavat kilpailuohjeet: Oravacup 3\/2025"},"content":{"rendered":"\n\n\n<p><strong>\u00a0<\/strong><strong>Oravacupin 3. osakilpailu Huovinrinteell\u00e4 S\u00e4kyl\u00e4ss\u00e4 21.5.2025<\/strong><\/p>\n<p><strong>Kilpailuohjeet (alustavat 20.5.2025) <\/strong><\/p>\n<p>\u00a0<\/p>\n<p><strong>Kilpailus\u00e4\u00e4nn\u00f6t <\/strong><\/p>\n<p>Kilpailussa sovelletaan SSL:n lajis\u00e4\u00e4nt\u00f6j\u00e4, oravacupin s\u00e4\u00e4nt\u00f6j\u00e4 ja n\u00e4it\u00e4 j\u00e4rjest\u00e4j\u00e4n ohjeita.<\/p>\n<p><strong>Kilpailukeskus <\/strong><\/p>\n<p>S\u00e4kyl\u00e4n Huovinrinteell\u00e4, Huovinlammella<\/p>\n<p><strong>Pys\u00e4k\u00f6inti <\/strong><\/p>\n<p>Kilpailukeskuksessa<\/p>\n<p><strong>Opastus <\/strong><\/p>\n<p>Opastus Kantatie 212 &#8211; Huovinrinteentien risteyksest\u00e4 ja Turuntie &#8211; Huovinrinteentien risteyksest\u00e4. Opasteet paikoillaan klo 16:00 menness\u00e4.<\/p>\n<p><strong>Navigointiosoite <\/strong>Huovintie 19, S\u00e4kyl\u00e4.<\/p>\n<p><strong>Maasto <\/strong><\/p>\n<p>Lyhyimm\u00e4t radat helppokulkuisessa, polkurikkaassa kangasmaastossa. Pisimmill\u00e4 radoilla my\u00f6s normaalia satakuntalaista talousmets\u00e4\u00e4.<\/p>\n<p><strong>Kartta <\/strong><\/p>\n<p>Kilpailussa k\u00e4ytet\u00e4\u00e4n tulostekarttaa, kartat ovat kokoa A4.<\/p>\n<p>Kartan mittakaava 1:7 500, k\u00e4yr\u00e4v\u00e4li 2,5 m, ja kartta on muovisuojuksessa.<\/p>\n<p>Kilpailukartassa frisbeegolf- korit on merkattu \u00a0symbolilla \u25a1 ja heittopaikka\u00a0 symbolilla \u25cb<\/p>\n<p><strong>L\u00e4ht\u00f6 <\/strong><\/p>\n<p>L\u00e4ht\u00f6\u00f6n matkaa noin 400 metri\u00e4. Ensimm\u00e4inen l\u00e4ht\u00f6 17:30.<\/p>\n<p>Kaikki RR-sarjojen suunnistajat saavat<\/p>\n<p>opastuksen, jonka j\u00e4lkeen kilpailija saa katsoa viel\u00e4 noin minuutin karttaa. T\u00e4m\u00e4n j\u00e4lkeen<\/p>\n<p>tapahtuu nollaus ja suoritus alkaa.<\/p>\n<p>Emit-tarkistuslipukkeet l\u00e4ht\u00f6karsinan vieress\u00e4.<\/p>\n<p>TR, H\/D12-14 sarjat saavat ottaa kartan ja tutkia sit\u00e4 noin minuutin, nollaavat emitin ja<\/p>\n<p>l\u00e4htev\u00e4t maastoon.<\/p>\n<p>\u00a0H\/D16 sarjat saavat ottaa kartan samalla hetkell\u00e4 kun l\u00e4ht\u00f6 tapahtuu.<\/p>\n<p>K-piste sijaitsee l\u00e4hd\u00f6ss\u00e4.<\/p>\n<p>\u00a0<\/p>\n<p><strong>Emit-kilpailukortin leimaus <\/strong><\/p>\n<p>Leimaustapana on Emit. Mik\u00e4li ilmoittautumistiedoista puuttuu Emit-kortin numero, on<\/p>\n<p>kilpailunj\u00e4rjest\u00e4j\u00e4 varannut kilpailijalle vuokrakortin. Virheellinen Emit-numero on korjattava<\/p>\n<p>infossa ennen l\u00e4ht\u00f6\u00e4. Muistakaa tarkistaa Emit-numero l\u00e4ht\u00f6luettelosta!<\/p>\n<p>Rastit pit\u00e4\u00e4 kiert\u00e4\u00e4 numeroj\u00e4rjestyksess\u00e4. Rastireittisarjoissa on rastilla RR-tunnukset eli<\/p>\n<p>esim. ykk\u00f6srastilla lukee leimauslaudassa ja rastilipussa RR1. Muiden sarjojen rasteilla<\/p>\n<p>(mukaan lukien TR) ovat normaalit kooditunnukset.<\/p>\n<p>Varsinaista mallirastia ei kilpailukeskuksessa ole, mutta nollaleimasin, jossa voi tarkistaa emit-kortin toimivuuden, l\u00f6ytyy infosta. Muista tarkistaa kilpailukeskuksessa emit-kortin toimivuus.<\/p>\n<p>\u00a0<\/p>\n<p><strong>Viitoitus <\/strong><\/p>\n<p>RR- ja TR-ratojen reitti on merkitty maastossa yhten\u00e4isell\u00e4<\/p>\n<p>valkoisella nauhalla.<\/p>\n<p><strong>Rastim\u00e4\u00e4ritteet <\/strong><\/p>\n<p>Rastim\u00e4\u00e4ritteet on painettu karttaan. Irtorastim\u00e4\u00e4ritteit\u00e4 ei ole saatavissa. Rastireittiradoilla<\/p>\n<p>ei ole rastim\u00e4\u00e4ritteit\u00e4. \u00a0<\/p>\n<p><strong>Ratapituudet ja rastien lukum\u00e4\u00e4r\u00e4 <\/strong><\/p>\n<p>H\/D8-10, RR1 \u00a0\u00a0\u00a0\u00a0\u00a0\u00a0\u00a0\u00a0\u00a0\u00a0\u00a0\u00a0\u00a0\u00a0\u00a0\u00a0\u00a0\u00a0\u00a0\u00a0\u00a0\u00a0\u00a0\u00a0\u00a0 1,7 \/ 2,3 km\u00a0\u00a0\u00a0 5 rastia<\/p>\n<p>H\/D11TR, TR\u00a0\u00a0\u00a0\u00a0\u00a0\u00a0\u00a0\u00a0\u00a0\u00a0\u00a0\u00a0\u00a0\u00a0\u00a0\u00a0\u00a0\u00a0\u00a0\u00a0\u00a0\u00a0\u00a0\u00a0\u00a0\u00a0\u00a0 1,9 km \u00a0\u00a0\u00a0\u00a0\u00a0\u00a0\u00a0\u00a0\u00a0\u00a0\u00a0 6 rastia<\/p>\n<p>H\/D12, S-12\u00a0\u00a0\u00a0\u00a0\u00a0\u00a0\u00a0\u00a0\u00a0\u00a0\u00a0\u00a0\u00a0\u00a0\u00a0\u00a0\u00a0\u00a0\u00a0\u00a0\u00a0\u00a0\u00a0\u00a0\u00a0\u00a0\u00a0\u00a0 1,9 km\u00a0\u00a0\u00a0\u00a0\u00a0\u00a0\u00a0\u00a0\u00a0\u00a0\u00a0\u00a0 6 rastia<\/p>\n<p>H\/D13\u00a0\u00a0\u00a0\u00a0\u00a0\u00a0\u00a0\u00a0\u00a0\u00a0\u00a0\u00a0\u00a0\u00a0\u00a0\u00a0\u00a0\u00a0\u00a0\u00a0\u00a0\u00a0\u00a0\u00a0\u00a0\u00a0\u00a0\u00a0\u00a0\u00a0\u00a0\u00a0\u00a0\u00a0\u00a0\u00a0\u00a0\u00a0\u00a0 2,6 km \u00a0\u00a0\u00a0\u00a0\u00a0\u00a0\u00a0\u00a0\u00a0\u00a0\u00a0 9 rastia<\/p>\n<p>H\/D14, S-14\u00a0\u00a0\u00a0\u00a0\u00a0\u00a0\u00a0\u00a0\u00a0\u00a0\u00a0\u00a0\u00a0\u00a0\u00a0\u00a0\u00a0\u00a0\u00a0\u00a0\u00a0\u00a0\u00a0\u00a0\u00a0\u00a0\u00a0\u00a0 3,0 km \u00a0\u00a0\u00a0\u00a0\u00a0\u00a0\u00a0\u00a0\u00a0\u00a0\u00a0 9 rastia<\/p>\n<p>H\/D16, S-16\u00a0\u00a0\u00a0\u00a0\u00a0\u00a0\u00a0\u00a0\u00a0\u00a0\u00a0\u00a0\u00a0\u00a0\u00a0\u00a0\u00a0\u00a0\u00a0\u00a0\u00a0\u00a0\u00a0\u00a0\u00a0\u00a0\u00a0\u00a0 4,0 km\u00a0\u00a0\u00a0\u00a0\u00a0\u00a0\u00a0\u00a0\u00a0\u00a0\u00a0\u00a0 9 rastia<\/p>\n<p><strong>Viimeinen rasti <\/strong><\/p>\n<p>Viimeinen rasti on kaikilla sama. Leimasimessa on koodit 108 ja RR5. Kummalla tahansa voi<\/p>\n<p>leimata.<\/p>\n<p><strong>Maali <\/strong><\/p>\n<p>Kilpailussa on k\u00e4yt\u00f6ss\u00e4 maalileimaus eli muista leimata my\u00f6s maaliviivalla! Kaikkien<\/p>\n<p>kilpailijoiden, my\u00f6s keskeytt\u00e4neiden, pit\u00e4\u00e4 tulla maalin ja leimantarkastuksen kautta. Maali<\/p>\n<p>sijaitsee kilpailukeskuksessa.<\/p>\n<p><strong>\u00a0<\/strong><\/p>\n<p><strong>Palkinnot ja karttojen luovutus <\/strong><\/p>\n<p>Kaikki palkitaan maalissa pienell\u00e4 palkinnolla. Kartat saa pit\u00e4\u00e4 maaliintulon j\u00e4lkeen. Karttaa<\/p>\n<p>ei saa n\u00e4ytt\u00e4\u00e4 viel\u00e4 maastoon l\u00e4htem\u00e4tt\u00f6mille suunnistajille.<\/p>\n<p><strong>Tulokset <\/strong><\/p>\n<p>Online-tulokset, linkki kilpailusivuilla.<\/p>\n<p><strong>Info-piste <\/strong><\/p>\n<p>Kilpailukeskuksen info-piste hoitaa ilmoittautumisten ep\u00e4selvyydet, j\u00e4lki-ilmoittautumismaksut, parisuunnistuksen ilmoittautumiset ja Emit-korttiasiat. Emit-kortin vuokravarauksen tehneet saavat kortin infosta. Ep\u00e4kuntoisen Emit-kortin tilalle on infosta vuokrattavissa rajoitetusti uusia. Vuokra on 4 \u20ac \/ kortti. Kadotetusta kortista perit\u00e4\u00e4n 80 \u20ac. Huom! Vuokratut Emit-kortit palautetaan infoon.<\/p>\n<p><strong>Kilpailukeskuspalvelut <\/strong><\/p>\n<p>Kilpailukeskuksesta l\u00f6ytyy info, kahvio ja WC:t. Kaikki toiminnot ulkotiloissa.<\/p>\n<p>Pesua ei ole.<\/p>\n<p><strong>Kuntosuunnistus <\/strong><\/p>\n<p>Tarjolla my\u00f6s kuntosuunnistus, radat A 5,6 km, B 3,9 km ja C 1,7 km. Mittakaava A-radalla 1:10 000, muilla 1: 7\u00a0500.<\/p>\n<p>Karttamaksu 7 euroa.<\/p>\n<p><strong>Kilpailun vastuuhenkil\u00f6t <\/strong><\/p>\n<p>Kilpailunjohtaja Sari Koskinen 040\u00a0749 9309<\/p>\n<p>Ratamestari ja tulospalvelu Kimmo Mieskoski 045\u00a0676 6891<\/p>\n<p>Ratavalvoja Petteri Vuorinen<\/p>\n<p>\u00a0<\/p>\n<p>\u00a0<\/p>\n<p>Tervetuloa!\u00a0\u00a0\u00a0\u00a0 K\u00f6yli\u00f6n Lallit ry<\/p>\n","protected":false},"excerpt":{"rendered":"<p>\u00a0Oravacupin 3. osakilpailu Huovinrinteell\u00e4 S\u00e4kyl\u00e4ss\u00e4 21.5.2025 Kilpailuohjeet (alustavat 20.5.2025) \u00a0 Kilpailus\u00e4\u00e4nn\u00f6t Kilpailussa sovelletaan SSL:n lajis\u00e4\u00e4nt\u00f6j\u00e4, oravacupin s\u00e4\u00e4nt\u00f6j\u00e4 ja n\u00e4it\u00e4 j\u00e4rjest\u00e4j\u00e4n ohjeita. Kilpailukeskus S\u00e4kyl\u00e4n Huovinrinteell\u00e4, Huovinlammella Pys\u00e4k\u00f6inti Kilpailukeskuksessa Opastus Opastus Kantatie 212 &#8211; Huovinrinteentien risteyksest\u00e4 ja Turuntie &#8211; Huovinrinteentien risteyksest\u00e4. Opasteet paikoillaan klo 16:00 menness\u00e4. Navigointiosoite Huovintie 19, S\u00e4kyl\u00e4. Maasto Lyhyimm\u00e4t radat helppokulkuisessa, polkurikkaassa kangasmaastossa. Pisimmill\u00e4 [&hellip;]<\/p>\n","protected":false},"author":1,"featured_media":0,"parent":0,"menu_order":0,"comment_status":"closed","ping_status":"closed","template":"","meta":{"footnotes":""},"class_list":["post-2608","page","type-page","status-publish","hentry"],"_links":{"self":[{"href":"https:\/\/www.hiisirasti.fi\/index.php?rest_route=\/wp\/v2\/pages\/2608","targetHints":{"allow":["GET"]}}],"collection":[{"href":"https:\/\/www.hiisirasti.fi\/index.php?rest_route=\/wp\/v2\/pages"}],"about":[{"href":"https:\/\/www.hiisirasti.fi\/index.php?rest_route=\/wp\/v2\/types\/page"}],"author":[{"embeddable":true,"href":"https:\/\/www.hiisirasti.fi\/index.php?rest_route=\/wp\/v2\/users\/1"}],"replies":[{"embeddable":true,"href":"https:\/\/www.hiisirasti.fi\/index.php?rest_route=%2Fwp%2Fv2%2Fcomments&post=2608"}],"version-history":[{"count":4,"href":"https:\/\/www.hiisirasti.fi\/index.php?rest_route=\/wp\/v2\/pages\/2608\/revisions"}],"predecessor-version":[{"id":2632,"href":"https:\/\/www.hiisirasti.fi\/index.php?rest_route=\/wp\/v2\/pages\/2608\/revisions\/2632"}],"wp:attachment":[{"href":"https:\/\/www.hiisirasti.fi\/index.php?rest_route=%2Fwp%2Fv2%2Fmedia&parent=2608"}],"curies":[{"name":"wp","href":"https:\/\/api.w.org\/{rel}","templated":true}]}}