{"id":2631,"date":"2025-08-26T23:25:51","date_gmt":"2025-08-26T20:25:51","guid":{"rendered":"https:\/\/www.hiisirasti.fi\/?page_id=2631"},"modified":"2025-08-27T22:49:59","modified_gmt":"2025-08-27T19:49:59","slug":"alustavat-kilpailuohjeet-oravacup-7-2025","status":"publish","type":"page","link":"https:\/\/www.hiisirasti.fi\/?page_id=2631","title":{"rendered":"Alustavat kilpailuohjeet: Oravacup 7\/2025"},"content":{"rendered":"\n<p><strong>Oravacupin 7. osakilpailu Kiukaisten pururadalla 27.8.2025<\/strong><\/p>\n<p>\u00a0<\/p>\n<p><strong>Kilpailus\u00e4\u00e4nn\u00f6t <\/strong><\/p>\n<p>Kilpailussa sovelletaan SSL:n lajis\u00e4\u00e4nt\u00f6j\u00e4, oravacupin s\u00e4\u00e4nt\u00f6j\u00e4 ja n\u00e4it\u00e4 j\u00e4rjest\u00e4j\u00e4n ohjeita.<\/p>\n<p><strong>Kilpailukeskus <\/strong><\/p>\n<p>Kiukaisten pururadalla (paikoitus Kiukaisten koululla, paikoituksesta kilpailukeskukseen 600 metri\u00e4)<\/p>\n<p><strong>Pys\u00e4k\u00f6inti <\/strong><\/p>\n<p>Paikoituksen navigaattoriosoite Muihkontie 10, Eura (Kiukaisten koulu).\u00a0Paikoituksesta on 600 metri\u00e4 kilpailukeskukseen. Paikoituksessa on WC.<\/p>\n<p><strong>Opastus <\/strong><\/p>\n<p>Kiukaisten keskustasta, Eurakoskentielt\u00e4 sek\u00e4 Kantatielt\u00e4 43.<\/p>\n<p><strong>Navigointiosoite <\/strong>Muihkontie 10, Eura.<\/p>\n<p><strong>Maasto <\/strong><\/p>\n<p>Maasto vaihtelee hyv\u00e4kulkuisesta mustikkamaastosta satakuntalaiseen talousmets\u00e4\u00e4n. Alueelta l\u00f6ytyy pururata ja muutamia pienempi\u00e4 polkuja, alue rajoittuu peltoihin.<\/p>\n<p><strong>Kartta <\/strong><\/p>\n<p>Kilpailussa k\u00e4ytet\u00e4\u00e4n tulostekarttaa, kartat ovat kokoa A4.<\/p>\n<p>Kartan mittakaava 1:7 500, k\u00e4yr\u00e4v\u00e4li 2,5 m, ja kartta on muovisuojuksessa.<\/p>\n<p><strong>L\u00e4ht\u00f6 <\/strong><\/p>\n<p>L\u00e4ht\u00f6\u00f6n matkaa noin 300 metri\u00e4. Ensimm\u00e4inen l\u00e4ht\u00f6 17:30.<\/p>\n<p>Kaikki RR-sarjojen suunnistajat saavat opastuksen, jonka j\u00e4lkeen kilpailija saa katsoa viel\u00e4 noin minuutin karttaa. T\u00e4m\u00e4n j\u00e4lkeen tapahtuu nollaus ja suoritus alkaa.<\/p>\n<p>Emit-tarkistuslipukkeet l\u00e4ht\u00f6karsinan vieress\u00e4.<\/p>\n<p>TR, H\/D12-14 sarjat saavat ottaa kartan ja tutkia sit\u00e4 noin minuutin, nollaavat emitin ja l\u00e4htev\u00e4t maastoon.<\/p>\n<p>H\/D16 sarjat saavat ottaa kartan samalla hetkell\u00e4 kun l\u00e4ht\u00f6 tapahtuu.<\/p>\n<p>K-piste sijaitsee l\u00e4hd\u00f6ss\u00e4.<\/p>\n<p><strong>Emit-kilpailukortin leimaus <\/strong><\/p>\n<p>Leimaustapana on Emit. Mik\u00e4li ilmoittautumistiedoista puuttuu Emit-kortin numero, on kilpailunj\u00e4rjest\u00e4j\u00e4 varannut kilpailijalle vuokrakortin. Emit-numerot tarkistetaan l\u00e4htiess\u00e4.<\/p>\n<p>Rastit pit\u00e4\u00e4 kiert\u00e4\u00e4 numeroj\u00e4rjestyksess\u00e4. Rastireittisarjoissa on rastilla RR-tunnukset eli esim. ykk\u00f6srastilla lukee leimauslaudassa ja rastilipussa RR1. Muiden sarjojen rasteilla (mukaan lukien TR) ovat normaalit kooditunnukset.<\/p>\n<p>Varsinaista mallirastia ei kilpailukeskuksessa ole, mutta l\u00e4hd\u00f6st\u00e4 l\u00f6ytyy muutama varaemit.<\/p>\n<p><strong>Viitoitus <\/strong><\/p>\n<p>RR- ja TR-ratojen reitti on merkitty maastossa yhten\u00e4isell\u00e4 valkoisella nauhalla.<\/p>\n<p><strong>Rastim\u00e4\u00e4ritteet <\/strong><\/p>\n<p>Rastim\u00e4\u00e4ritteet on painettu karttaan. Irtorastim\u00e4\u00e4ritteit\u00e4 ei ole saatavissa. Rastireittiradoilla ei ole rastim\u00e4\u00e4ritteit\u00e4. \u00a0<\/p>\n<p><strong>Ratapituudet ja rastien lukum\u00e4\u00e4r\u00e4 <\/strong><\/p>\n<table style=\"border-collapse: collapse; width: 100%;\">\n<tbody>\n<tr>\n<td style=\"width: 33.3333%;\">H\/D8-10RR, RR<\/td>\n<td style=\"width: 33.3333%;\">6 rastia<\/td>\n<td style=\"width: 33.3333%;\">2,8 km (siimari)<\/td>\n<\/tr>\n<tr>\n<td style=\"width: 33.3333%;\">H\/D11TR, TR<\/td>\n<td style=\"width: 33.3333%;\">7 rastia<\/td>\n<td style=\"width: 33.3333%;\">1,7 km<\/td>\n<\/tr>\n<tr>\n<td style=\"width: 33.3333%;\">H\/D12, S-12<\/td>\n<td style=\"width: 33.3333%;\">7 rastia<\/td>\n<td style=\"width: 33.3333%;\">1,9 km<\/td>\n<\/tr>\n<tr>\n<td style=\"width: 33.3333%;\">H\/D13<\/td>\n<td style=\"width: 33.3333%;\">8 rastia<\/td>\n<td style=\"width: 33.3333%;\">2,1 km<\/td>\n<\/tr>\n<tr>\n<td style=\"width: 33.3333%;\">H\/D14, S-14<\/td>\n<td style=\"width: 33.3333%;\">10 rastia<\/td>\n<td style=\"width: 33.3333%;\">2,5 km<\/td>\n<\/tr>\n<tr>\n<td style=\"width: 33.3333%;\">H\/D16, S-16<\/td>\n<td style=\"width: 33.3333%;\">10 rastia<\/td>\n<td style=\"width: 33.3333%;\">4,1 km<\/td>\n<\/tr>\n<\/tbody>\n<\/table>\n<p><strong>Viimeinen rasti <\/strong><\/p>\n<p>Viimeinen rasti on kaikilla sama. Leimasimessa on koodit 67 ja RR6. Kummalla tahansa voi<\/p>\n<p>leimata.<\/p>\n<p><strong>Maali <\/strong><\/p>\n<p>Kilpailussa on k\u00e4yt\u00f6ss\u00e4 maalileimaus eli muista leimata my\u00f6s maaliviivalla! Kaikkien<\/p>\n<p>kilpailijoiden, my\u00f6s keskeytt\u00e4neiden, pit\u00e4\u00e4 tulla maalin ja leimantarkastuksen kautta. Maali<\/p>\n<p>sijaitsee kilpailukeskuksessa.<\/p>\n<p><strong>Palkinnot ja karttojen luovutus <\/strong><\/p>\n<p>Kaikki palkitaan maalissa pienell\u00e4 palkinnolla. Kartat saa pit\u00e4\u00e4 maaliintulon j\u00e4lkeen. Karttaa<\/p>\n<p>ei saa n\u00e4ytt\u00e4\u00e4 viel\u00e4 maastoon l\u00e4htem\u00e4tt\u00f6mille suunnistajille.<\/p>\n<p><strong>Tulokset <\/strong><\/p>\n<p>Online-tulokset, linkki kilpailusivuilla.<\/p>\n<p><strong>Info-piste <\/strong><\/p>\n<p>Kilpailukeskuksen info-piste hoitaa ilmoittautumisten ep\u00e4selvyydet, j\u00e4lki-ilmoittautumismaksut, parisuunnistuksen ilmoittautumiset ja Emit-korttiasiat. Emit-kortin vuokravarauksen tehneet saavat kortin infosta. Ep\u00e4kuntoisen Emit-kortin tilalle on infosta vuokrattavissa rajoitetusti uusia. Vuokra on 3 \u20ac \/ kortti. Kadotetusta kortista perit\u00e4\u00e4n 80 \u20ac. Huom! Vuokratut Emit-kortit palautetaan infoon.<\/p>\n<p><strong>Kilpailukeskuspalvelut <\/strong><\/p>\n<p>Kilpailukeskuksesta l\u00f6ytyy info ja kahvio. WC:t l\u00f6ytyv\u00e4t paikoituksen vierest\u00e4, johon on kilpailukeskuksesta matkaa 600 metri\u00e4.<\/p>\n<p>Pesua ei ole.<\/p>\n<p><strong>Kuntosuunnistus <\/strong><\/p>\n<p>Tarjolla my\u00f6s kuntosuunnistus.. Mittakaava 1: 7 500.<\/p>\n<p>Karttamaksu 7 euroa.<\/p>\n<p><strong>Kilpailun vastuuhenkil\u00f6t <\/strong><\/p>\n<p>Kilpailunjohtaja: Mika Ruuhiala<\/p>\n<p>Ratamestari: Johannes Pohjala<\/p>\n<p>Tulokset: Ville-Veikko Nurminen<\/p>\n<p>Valvoja: Joonas Pohjala<\/p>\n<p>\u00a0<\/p>\n<p>\u00a0<\/p>\n<p>Tervetuloa!\u00a0\u00a0\u00a0\u00a0 Kiukaisten Urheilijat ry<\/p>\n\n\n","protected":false},"excerpt":{"rendered":"<p>Oravacupin 7. osakilpailu Kiukaisten pururadalla 27.8.2025 \u00a0 Kilpailus\u00e4\u00e4nn\u00f6t Kilpailussa sovelletaan SSL:n lajis\u00e4\u00e4nt\u00f6j\u00e4, oravacupin s\u00e4\u00e4nt\u00f6j\u00e4 ja n\u00e4it\u00e4 j\u00e4rjest\u00e4j\u00e4n ohjeita. Kilpailukeskus Kiukaisten pururadalla (paikoitus Kiukaisten koululla, paikoituksesta kilpailukeskukseen 600 metri\u00e4) Pys\u00e4k\u00f6inti Paikoituksen navigaattoriosoite Muihkontie 10, Eura (Kiukaisten koulu).\u00a0Paikoituksesta on 600 metri\u00e4 kilpailukeskukseen. Paikoituksessa on WC. Opastus Kiukaisten keskustasta, Eurakoskentielt\u00e4 sek\u00e4 Kantatielt\u00e4 43. Navigointiosoite Muihkontie 10, Eura. Maasto [&hellip;]<\/p>\n","protected":false},"author":1,"featured_media":0,"parent":0,"menu_order":0,"comment_status":"closed","ping_status":"closed","template":"","meta":{"footnotes":""},"class_list":["post-2631","page","type-page","status-publish","hentry"],"_links":{"self":[{"href":"https:\/\/www.hiisirasti.fi\/index.php?rest_route=\/wp\/v2\/pages\/2631","targetHints":{"allow":["GET"]}}],"collection":[{"href":"https:\/\/www.hiisirasti.fi\/index.php?rest_route=\/wp\/v2\/pages"}],"about":[{"href":"https:\/\/www.hiisirasti.fi\/index.php?rest_route=\/wp\/v2\/types\/page"}],"author":[{"embeddable":true,"href":"https:\/\/www.hiisirasti.fi\/index.php?rest_route=\/wp\/v2\/users\/1"}],"replies":[{"embeddable":true,"href":"https:\/\/www.hiisirasti.fi\/index.php?rest_route=%2Fwp%2Fv2%2Fcomments&post=2631"}],"version-history":[{"count":2,"href":"https:\/\/www.hiisirasti.fi\/index.php?rest_route=\/wp\/v2\/pages\/2631\/revisions"}],"predecessor-version":[{"id":2647,"href":"https:\/\/www.hiisirasti.fi\/index.php?rest_route=\/wp\/v2\/pages\/2631\/revisions\/2647"}],"wp:attachment":[{"href":"https:\/\/www.hiisirasti.fi\/index.php?rest_route=%2Fwp%2Fv2%2Fmedia&parent=2631"}],"curies":[{"name":"wp","href":"https:\/\/api.w.org\/{rel}","templated":true}]}}